{"id":575535,"date":"2025-10-10T12:34:58","date_gmt":"2025-10-10T09:34:58","guid":{"rendered":"https:\/\/nbg.eu\/product\/grips-kmr-l-dotmatrix-ergo-brass\/"},"modified":"2026-04-16T16:18:11","modified_gmt":"2026-04-16T13:18:11","slug":"grips-kmr-l-dotmatrix-ergo-brass","status":"publish","type":"product","link":"https:\/\/nbg.eu\/da\/vare\/grips-kmr-l-dotmatrix-ergo-brass\/","title":{"rendered":"KMR Greb L DotMatrix Ergo Messing"},"content":{"rendered":"<h2>GRIPS KMR L DOTMATRIX ERGO MESSING<\/h2>\n<p>Messing greb fra KMR Precision Arms giver dit skydev\u00e5ben et moderne, distinkt udseende, samtidig med at de tilf\u00f8jer en afbalanceret v\u00e6gt for forbedret kontrol. Den ergonomisk formede DotMatrix Ergo-tekstur giver et sikkert og komfortabelt greb, hvilket forbedrer stabiliteten, selv ved l\u00e6ngere brug eller under kr\u00e6vende forhold. Med pr\u00e6cis bearbejdning, h\u00f8j holdbarhed og et raffineret design er disse greb et fremragende valg for skytter, der s\u00f8ger en kombination af funktionalitet, p\u00e5lidelighed og stil.<\/p>\n<p>M\u00e6rke: KMR Precision Arms<br \/>\nTil v\u00e5ben: KMR<br \/>\nKompatibilitet: KMR L-02 UMBRA FRA 2024<br \/>\nGrebsl\u00e6ngde: Fuld st\u00f8rrelse &#8211; ingen magwell<br \/>\nTekstur: Dotmatrix Ergo<br \/>\nMateriale: Messing<\/p>\n","protected":false},"excerpt":{"rendered":"<p>Messing Greb KMR \u2013 DotMatrix Ergo M\u00f8nster. Ergonomisk tekstur for sikker og behagelig hold, afbalanceret v\u00e6gt for forbedret kontrol.<\/p>\n","protected":false},"featured_media":575562,"template":"","meta":{"_acf_changed":false},"product_brand":[11506],"product_cat":[13089,14873],"product_tag":[],"class_list":{"0":"post-575535","1":"product","2":"type-product","3":"status-publish","4":"has-post-thumbnail","6":"product_brand-kmr-precision","7":"product_cat-kmr-dele","8":"product_cat-pistol-grips-da","10":"first","11":"instock","12":"taxable","13":"shipping-taxable","14":"purchasable","15":"product-type-simple"},"acf":[],"_links":{"self":[{"href":"https:\/\/nbg.eu\/da\/wp-json\/wp\/v2\/product\/575535","targetHints":{"allow":["GET"]}}],"collection":[{"href":"https:\/\/nbg.eu\/da\/wp-json\/wp\/v2\/product"}],"about":[{"href":"https:\/\/nbg.eu\/da\/wp-json\/wp\/v2\/types\/product"}],"wp:featuredmedia":[{"embeddable":true,"href":"https:\/\/nbg.eu\/da\/wp-json\/wp\/v2\/media\/575562"}],"wp:attachment":[{"href":"https:\/\/nbg.eu\/da\/wp-json\/wp\/v2\/media?parent=575535"}],"wp:term":[{"taxonomy":"product_brand","embeddable":true,"href":"https:\/\/nbg.eu\/da\/wp-json\/wp\/v2\/product_brand?post=575535"},{"taxonomy":"product_cat","embeddable":true,"href":"https:\/\/nbg.eu\/da\/wp-json\/wp\/v2\/product_cat?post=575535"},{"taxonomy":"product_tag","embeddable":true,"href":"https:\/\/nbg.eu\/da\/wp-json\/wp\/v2\/product_tag?post=575535"}],"curies":[{"name":"wp","href":"https:\/\/api.w.org\/{rel}","templated":true}]}}