{"id":582288,"date":"2025-10-10T18:10:10","date_gmt":"2025-10-10T15:10:10","guid":{"rendered":"https:\/\/nbg.eu\/product\/daa-magnet-inc-screw-and-thermal-nut-for-racer-pouch\/"},"modified":"2026-01-21T11:37:55","modified_gmt":"2026-01-21T08:37:55","slug":"daa-magnet-inc-screw-and-thermal-nut-for-racer-pouch","status":"publish","type":"product","link":"https:\/\/nbg.eu\/da\/vare\/daa-magnet-inc-screw-and-thermal-nut-for-racer-pouch\/","title":{"rendered":"DAA Magnet inc. screw and thermal nut for racer pouch"},"content":{"rendered":"<div class=\"product-description\">\n<h2>DAA Magnet-s\u00e6t til Single Stack Racer-magasinholdere<\/h2>\n<p>Opgrader din DAA Single Stack Racer-magasinholder med denne magnetiske monteringsl\u00f8sning. Vores s\u00e6t indeholder:<\/p>\n<ul>\n<li>Stor 42mm N42 magnet<\/li>\n<li>Fors\u00e6nket M5 m\u00f8trik<\/li>\n<li>12mm M5 skrue<\/li>\n<\/ul>\n<p>Installation er hurtig, og bruger det eksisterende hul p\u00e5 ydersiden af din magasinholder. For optimale resultater:<\/p>\n<ol>\n<li>Bestem og l\u00e5s din \u00f8nskede magasinvinkel f\u00f8r installation<\/li>\n<li>Installer magneten med det medf\u00f8lgende udstyr<\/li>\n<\/ol>\n<p><strong>Bem\u00e6rk:<\/strong> Efter installation kan adgang til den centrale monteringsskrue v\u00e6re begr\u00e6nset. Overvej at lave en tilpasset 3mm unbrakon\u00f8gle med en kort arm til fremtidige justeringer.<\/p>\n<p>Dette magnetiske monteringss\u00e6t giver din magasinholder flere anvendelsesmuligheder.<\/p>\n<\/div>\n","protected":false},"excerpt":{"rendered":"<p>Magnetisk monteringss\u00e6t til DAA Single Stack Racer-magasinholdere. Nem at installere.<\/p>\n","protected":false},"featured_media":582366,"template":"","meta":{"_acf_changed":false},"product_brand":[11266],"product_cat":[13073,13137,13147],"product_tag":[],"class_list":{"0":"post-582288","1":"product","2":"type-product","3":"status-publish","4":"has-post-thumbnail","6":"product_brand-doublealpha","7":"product_cat-sportsbaelter","8":"product_cat-tasker","9":"product_cat-udstyr","11":"first","12":"instock","13":"taxable","14":"shipping-taxable","15":"purchasable","16":"product-type-simple"},"acf":[],"_links":{"self":[{"href":"https:\/\/nbg.eu\/da\/wp-json\/wp\/v2\/product\/582288","targetHints":{"allow":["GET"]}}],"collection":[{"href":"https:\/\/nbg.eu\/da\/wp-json\/wp\/v2\/product"}],"about":[{"href":"https:\/\/nbg.eu\/da\/wp-json\/wp\/v2\/types\/product"}],"wp:featuredmedia":[{"embeddable":true,"href":"https:\/\/nbg.eu\/da\/wp-json\/wp\/v2\/media\/582366"}],"wp:attachment":[{"href":"https:\/\/nbg.eu\/da\/wp-json\/wp\/v2\/media?parent=582288"}],"wp:term":[{"taxonomy":"product_brand","embeddable":true,"href":"https:\/\/nbg.eu\/da\/wp-json\/wp\/v2\/product_brand?post=582288"},{"taxonomy":"product_cat","embeddable":true,"href":"https:\/\/nbg.eu\/da\/wp-json\/wp\/v2\/product_cat?post=582288"},{"taxonomy":"product_tag","embeddable":true,"href":"https:\/\/nbg.eu\/da\/wp-json\/wp\/v2\/product_tag?post=582288"}],"curies":[{"name":"wp","href":"https:\/\/api.w.org\/{rel}","templated":true}]}}