{"id":58337,"date":"2024-02-17T21:23:00","date_gmt":"2024-02-17T18:23:00","guid":{"rendered":"https:\/\/nbg.eu\/product\/magazine-well-reaction-block-geissele-vise-block\/"},"modified":"2026-04-22T11:41:17","modified_gmt":"2026-04-22T08:41:17","slug":"magazine-well-reaction-block-geissele-vise-block","status":"publish","type":"product","link":"https:\/\/nbg.eu\/da\/vare\/magazine-well-reaction-block-geissele-vise-block\/","title":{"rendered":"Geissele Skruestikblok Vise Block"},"content":{"rendered":"<p><strong>Geissele Automatics Magazine Well Vise Block<\/strong> er et v\u00e6rkt\u00f8j til AR15\/M4 og AR10\/SR25 modtagere. Denne enhed, fremstillet i USA, giver:<\/p>\n<ul>\n<li>Stabil platform til operationer p\u00e5 lower receiver<\/li>\n<li>Installation af MLOK m\u00f8trikker<\/li>\n<li>Montering af buffer tube<\/li>\n<li>Mulighed for at arbejde uden brug af h\u00e6nder<\/li>\n<\/ul>\n<p>Mont\u00e9r den p\u00e5 din arbejdsb\u00e6nk til effektivt v\u00e5benarbejde.<\/p>\n","protected":false},"excerpt":{"rendered":"<p>Sikre AR15\/M4\/AR10\/SR25 underdele til h\u00e5ndfrit arbejde. Fremstillet i USA.<\/p>\n","protected":false},"featured_media":58338,"template":"","meta":{"_acf_changed":false},"product_brand":[11380],"product_cat":[13119],"product_tag":[],"class_list":{"0":"post-58337","1":"product","2":"type-product","3":"status-publish","4":"has-post-thumbnail","6":"product_brand-geissele","7":"product_cat-vaerktoj","9":"first","10":"outofstock","11":"taxable","12":"shipping-taxable","13":"product-type-simple"},"acf":[],"_links":{"self":[{"href":"https:\/\/nbg.eu\/da\/wp-json\/wp\/v2\/product\/58337","targetHints":{"allow":["GET"]}}],"collection":[{"href":"https:\/\/nbg.eu\/da\/wp-json\/wp\/v2\/product"}],"about":[{"href":"https:\/\/nbg.eu\/da\/wp-json\/wp\/v2\/types\/product"}],"wp:featuredmedia":[{"embeddable":true,"href":"https:\/\/nbg.eu\/da\/wp-json\/wp\/v2\/media\/58338"}],"wp:attachment":[{"href":"https:\/\/nbg.eu\/da\/wp-json\/wp\/v2\/media?parent=58337"}],"wp:term":[{"taxonomy":"product_brand","embeddable":true,"href":"https:\/\/nbg.eu\/da\/wp-json\/wp\/v2\/product_brand?post=58337"},{"taxonomy":"product_cat","embeddable":true,"href":"https:\/\/nbg.eu\/da\/wp-json\/wp\/v2\/product_cat?post=58337"},{"taxonomy":"product_tag","embeddable":true,"href":"https:\/\/nbg.eu\/da\/wp-json\/wp\/v2\/product_tag?post=58337"}],"curies":[{"name":"wp","href":"https:\/\/api.w.org\/{rel}","templated":true}]}}