{"id":583721,"date":"2025-10-10T23:40:13","date_gmt":"2025-10-10T20:40:13","guid":{"rendered":"https:\/\/nbg.eu\/product\/dillon-4-pack-primer-pickup-tubes-small-primer\/"},"modified":"2026-01-21T11:39:14","modified_gmt":"2026-01-21T08:39:14","slug":"dillon-4-pack-primer-pickup-tubes-small-primer","status":"publish","type":"product","link":"https:\/\/nbg.eu\/da\/vare\/dillon-4-pack-primer-pickup-tubes-small-primer\/","title":{"rendered":"Dillon 4-pack Primer Pickup Tubes &#8211; Small Primer"},"content":{"rendered":"<div class=\"product-description\">\n<h2>Dillon 4-pakke Primer Opsamlingsr\u00f8r &#8211; Sm\u00e5 Primere<\/h2>\n<p>Dillon 4-pakke Primer Opsamlingsr\u00f8r til sm\u00e5 primere. Disse tilbeh\u00f8rsdele er designet til at effektivisere din genladningsproces.<\/p>\n<ul>\n<li>S\u00e6t med 4 opsamlingsr\u00f8r til sm\u00e5 primere<\/li>\n<li>Forfyld r\u00f8r til hurtig genladning<\/li>\n<li>Kompatible med Dillon genladningspresser<\/li>\n<li>\u00d8ger produktivitet og sparer tid<\/li>\n<\/ul>\n<p>Hold disse r\u00f8r fyldte og klar til brug for kontinuerlig genladning. Velegnet til konkurrenceskytter og genladere med h\u00f8j volumen.<\/p>\n<\/div>\n","protected":false},"excerpt":{"rendered":"<p>4 sm\u00e5 f\u00e6ngh\u00e6tter\u00f8r til hurtig og effektiv genladning.<\/p>\n","protected":false},"featured_media":583749,"template":"","meta":{"_acf_changed":false},"product_brand":[14332],"product_cat":[13125,13114],"product_tag":[],"class_list":{"0":"post-583721","1":"product","2":"type-product","3":"status-publish","4":"has-post-thumbnail","6":"product_brand-dillon-precision","7":"product_cat-genladning","8":"product_cat-genladningstilbehor","10":"first","11":"outofstock","12":"taxable","13":"shipping-taxable","14":"purchasable","15":"product-type-simple"},"acf":[],"_links":{"self":[{"href":"https:\/\/nbg.eu\/da\/wp-json\/wp\/v2\/product\/583721","targetHints":{"allow":["GET"]}}],"collection":[{"href":"https:\/\/nbg.eu\/da\/wp-json\/wp\/v2\/product"}],"about":[{"href":"https:\/\/nbg.eu\/da\/wp-json\/wp\/v2\/types\/product"}],"wp:featuredmedia":[{"embeddable":true,"href":"https:\/\/nbg.eu\/da\/wp-json\/wp\/v2\/media\/583749"}],"wp:attachment":[{"href":"https:\/\/nbg.eu\/da\/wp-json\/wp\/v2\/media?parent=583721"}],"wp:term":[{"taxonomy":"product_brand","embeddable":true,"href":"https:\/\/nbg.eu\/da\/wp-json\/wp\/v2\/product_brand?post=583721"},{"taxonomy":"product_cat","embeddable":true,"href":"https:\/\/nbg.eu\/da\/wp-json\/wp\/v2\/product_cat?post=583721"},{"taxonomy":"product_tag","embeddable":true,"href":"https:\/\/nbg.eu\/da\/wp-json\/wp\/v2\/product_tag?post=583721"}],"curies":[{"name":"wp","href":"https:\/\/api.w.org\/{rel}","templated":true}]}}