{"id":59464,"date":"2024-02-15T11:08:39","date_gmt":"2024-02-15T11:08:39","guid":{"rendered":"https:\/\/nbg.eu\/product\/geissele-picatinny-rail-for-m-lok-7-slots\/"},"modified":"2026-05-13T16:01:10","modified_gmt":"2026-05-13T13:01:10","slug":"geissele-picatinny-rail-for-m-lok-7-slots","status":"publish","type":"product","link":"https:\/\/nbg.eu\/da\/vare\/geissele-picatinny-rail-for-m-lok-7-slots\/","title":{"rendered":"Geissele Picatinny Skinne M-LOK"},"content":{"rendered":"<div class=\"product-description\">\n<h2>Geissele Picatinny-skinne til M-LOK, 7 slots<\/h2>\n<p>Geissele Picatinny-tilbeh\u00f8rsskinne til AR-15. Denne 7-slots skinne er fremstillet af 7075-T6 aluminium med en anodiseret overflade. Den giver mulighed for montering af forskelligt tilbeh\u00f8r. Designet til at passe til M-LOK-h\u00e5ndst\u00f8tter og give en stabil platform for tilbeh\u00f8r.<\/p>\n<\/div>\n","protected":false},"excerpt":{"rendered":"<p>Pr\u00e6cisions 7-slots Picatinny-skinne til M-LOK. Sikker tilbeh\u00f8rsmontering til AR-15.<\/p>\n","protected":false},"featured_media":59465,"template":"","meta":{"_acf_changed":false},"product_brand":[11380],"product_cat":[16210,13118,15796,13139],"product_tag":[],"class_list":{"0":"post-59464","1":"product","2":"type-product","3":"status-publish","4":"has-post-thumbnail","6":"product_brand-geissele","7":"product_cat-bipod-mounts-da","8":"product_cat-bipods","9":"product_cat-picatinny-rails-da","10":"product_cat-riffel","12":"first","13":"instock","14":"taxable","15":"shipping-taxable","16":"product-type-variable","17":"wvs-archive-product-wrapper"},"acf":[],"_links":{"self":[{"href":"https:\/\/nbg.eu\/da\/wp-json\/wp\/v2\/product\/59464","targetHints":{"allow":["GET"]}}],"collection":[{"href":"https:\/\/nbg.eu\/da\/wp-json\/wp\/v2\/product"}],"about":[{"href":"https:\/\/nbg.eu\/da\/wp-json\/wp\/v2\/types\/product"}],"wp:featuredmedia":[{"embeddable":true,"href":"https:\/\/nbg.eu\/da\/wp-json\/wp\/v2\/media\/59465"}],"wp:attachment":[{"href":"https:\/\/nbg.eu\/da\/wp-json\/wp\/v2\/media?parent=59464"}],"wp:term":[{"taxonomy":"product_brand","embeddable":true,"href":"https:\/\/nbg.eu\/da\/wp-json\/wp\/v2\/product_brand?post=59464"},{"taxonomy":"product_cat","embeddable":true,"href":"https:\/\/nbg.eu\/da\/wp-json\/wp\/v2\/product_cat?post=59464"},{"taxonomy":"product_tag","embeddable":true,"href":"https:\/\/nbg.eu\/da\/wp-json\/wp\/v2\/product_tag?post=59464"}],"curies":[{"name":"wp","href":"https:\/\/api.w.org\/{rel}","templated":true}]}}