{"id":595921,"date":"2025-10-17T16:20:30","date_gmt":"2025-10-17T13:20:30","guid":{"rendered":"https:\/\/nbg.eu\/product\/holster-rhh-190-ho-aiwb-crocy\/"},"modified":"2026-01-21T12:31:23","modified_gmt":"2026-01-21T09:31:23","slug":"holster-rhh-190-ho-aiwb-crocy","status":"publish","type":"product","link":"https:\/\/nbg.eu\/da\/vare\/holster-rhh-190-ho-aiwb-crocy\/","title":{"rendered":"Holster RHH 190-HO AIWB Crocy"},"content":{"rendered":"<div class=\"product-description\">\n<h2>Hylster RHH 190-HO AIWB Crocy<\/h2>\n<p>Hylster RHH 190-HO AIWB Crocy er en l\u00f8sning til skjult b\u00e6ring. Det er designet til appendix indvendig-i-buksekanten (AIWB) b\u00e6ring og tilbyder komfort og sikkerhed.<\/p>\n<ul>\n<li>Fremstillet af Kydex-materiale for holdbarhed<\/li>\n<li>Tilpasset til at passe til din specifikke v\u00e5benmodel<\/li>\n<li>Justerbar retention for personlig tr\u00e6ksp\u00e6nding<\/li>\n<li>Svedbeskyttelse beskytter dit v\u00e5ben mod fugt og din hud mod irritation<\/li>\n<li>Clip tillader dyb skjul under skjorter<\/li>\n<li>Tilg\u00e6ngelig i h\u00f8jreh\u00e5nds-konfiguration<\/li>\n<\/ul>\n<p>Hylster RHH 190-HO AIWB Crocy kombinerer komfort, skjul og hurtig adgang.<\/p>\n<\/div>\n","protected":false},"excerpt":{"rendered":"<p>Sikker AIWB-hylster til skjult b\u00e6ring. Holdbar, behagelig pasform.<\/p>\n","protected":false},"featured_media":596011,"template":"","meta":{"_acf_changed":false},"product_brand":[11631],"product_cat":[13145,13112],"product_tag":[],"class_list":{"0":"post-595921","1":"product","2":"type-product","3":"status-publish","4":"has-post-thumbnail","6":"product_brand-rh-holsters","7":"product_cat-hylster","8":"product_cat-taktisk-hylster","10":"first","11":"instock","12":"taxable","13":"shipping-taxable","14":"purchasable","15":"product-type-variable","16":"wvs-archive-product-wrapper"},"acf":[],"_links":{"self":[{"href":"https:\/\/nbg.eu\/da\/wp-json\/wp\/v2\/product\/595921","targetHints":{"allow":["GET"]}}],"collection":[{"href":"https:\/\/nbg.eu\/da\/wp-json\/wp\/v2\/product"}],"about":[{"href":"https:\/\/nbg.eu\/da\/wp-json\/wp\/v2\/types\/product"}],"wp:featuredmedia":[{"embeddable":true,"href":"https:\/\/nbg.eu\/da\/wp-json\/wp\/v2\/media\/596011"}],"wp:attachment":[{"href":"https:\/\/nbg.eu\/da\/wp-json\/wp\/v2\/media?parent=595921"}],"wp:term":[{"taxonomy":"product_brand","embeddable":true,"href":"https:\/\/nbg.eu\/da\/wp-json\/wp\/v2\/product_brand?post=595921"},{"taxonomy":"product_cat","embeddable":true,"href":"https:\/\/nbg.eu\/da\/wp-json\/wp\/v2\/product_cat?post=595921"},{"taxonomy":"product_tag","embeddable":true,"href":"https:\/\/nbg.eu\/da\/wp-json\/wp\/v2\/product_tag?post=595921"}],"curies":[{"name":"wp","href":"https:\/\/api.w.org\/{rel}","templated":true}]}}