{"id":673436,"date":"2025-11-17T17:24:54","date_gmt":"2025-11-17T14:24:54","guid":{"rendered":"https:\/\/nbg.eu\/product\/termisk-kamera-nocpix-vista-h50r-med-lrf-50mm-12um-640x512-15mk-netd\/"},"modified":"2026-04-14T15:49:28","modified_gmt":"2026-04-14T12:49:28","slug":"termisk-kamera-nocpix-vista-h50r-med-lrf-50mm-12um-640x512-15mk-netd","status":"publish","type":"product","link":"https:\/\/nbg.eu\/da\/vare\/termisk-kamera-nocpix-vista-h50r-med-lrf-50mm-12um-640x512-15mk-netd\/","title":{"rendered":"Nocpix Termisk Kamera VISTA H50R LRF"},"content":{"rendered":"<h2>Nocpix VISTA H50R &#8211; Avanceret termisk kamera med laserafstandsm\u00e5ler<\/h2>\n<p>Nocpix VISTA H50R er et avanceret termisk kamera med en indbygget laserafstandsm\u00e5ler (LRF), der er designet til brug b\u00e5de dag og nat. Det leverer en fremragende billedkvalitet selv under h\u00e5rde vejrforhold som t\u00e5ge, smog og regn og kan registrere m\u00e5l gennem forhindringer som grene, h\u00f8jt gr\u00e6s og t\u00e6t buskads, der normalt begr\u00e6nser synligheden.<\/p>\n<p>VISTA H50R er meget alsidig og egnet til en r\u00e6kke anvendelser, herunder jagt, sikkerhed, overv\u00e5gning, terr\u00e6nnavigation og s\u00f8g- og redningsaktioner.Dens avancerede termiske teknologi sikrer p\u00e5lidelig ydelse og leverer klare billeder og n\u00f8jagtige m\u00e5linger i udfordrende milj\u00f8er.<\/p>\n<h2>Specifikationer:<\/h2>\n<p>Opl\u00f8sning: 640 x 512<br \/>\nPixel st\u00f8rrelse: 12<br \/>\nNETD, mK: \u226415<br \/>\nBilledhastighed: 50<br \/>\nLinse: 50mm F0.9<br \/>\nSynsfelt: 8.8 x 7.0<br \/>\nSynsfelt (line\u00e6r): 15 x 12<br \/>\nForst\u00f8rrelse: 4~40<br \/>\nRegistreringsafstand: 2600<br \/>\nAfstand fra \u00f8jnene: 25<br \/>\nPupildiameter: 8<br \/>\nDiopter: -4 ~ +6<br \/>\nDisplaytype: AMOLED<br \/>\nDisplayopl\u00f8sning: 2560 x 2560<br \/>\nBatteri: Udskifteligt litium-ion-batteri IBP-7 \/ 4400mAh<br \/>\nMaks. driftstid: 5.5<br \/>\nAfstandsm\u00e5lerafstand: 1200<br \/>\nLaser: Klasse 1<br \/>\nWi-Fi\/App: JA<br \/>\nMIC: JA<br \/>\nHukommelseskapacitet: 64GB<br \/>\nIP-klassificering: IP67<br \/>\nMaks. driftstemperatur: -20 ~ +50<br \/>\nV\u00e6gt (ounces): 22.93<br \/>\nV\u00e6gt (g): 650<br \/>\nM\u00e5l (tommer): 7.64 x 2.76 x 3.23<br \/>\nM\u00e5l (mm): 194 x 70 x 82<\/p>\n<p>640\u00d7512 12\u03bcm detektor<br \/>\nNETD\u226415mK<br \/>\n60Hz h\u00f8j billedhastighed<br \/>\nF0.9 linse<br \/>\nAMOLED 2560\u00d72560 cirkul\u00e6rt display<br \/>\nIBP-7 hurtigudskifteligt genopladeligt batteri<br \/>\nJ\u00e6vn digital zoom: 1\u00d7~8\u00d7<br \/>\nUltra ren tilstand<br \/>\n\u00d8jenbeskyttelse med lav lysstyrke, farvepalet og varm tone<br \/>\nElektronisk billedstabilisering<\/p>\n","protected":false},"excerpt":{"rendered":"<p>Nocpix VISTA H50R er et 640&#215;512 12um termisk kamera med \u226415mK NETD, 50mm F0.9 objektiv og indbygget laserafstandsm\u00e5ler til jagt, sikkerhed og meget mere.<\/p>\n<p>Hvis varen ikke er tilg\u00e6ngelig, bedes du kontakte os: shop@nbg.eu eller +359896147790<\/p>\n","protected":false},"featured_media":673711,"template":"","meta":{"_acf_changed":false},"product_brand":[14445],"product_cat":[13110,16066],"product_tag":[],"class_list":{"0":"post-673436","1":"product","2":"type-product","3":"status-publish","4":"has-post-thumbnail","6":"product_brand-nocpix","7":"product_cat-termisk","8":"product_cat-thermal-cameras-da","10":"first","11":"instock","12":"taxable","13":"shipping-taxable","14":"purchasable","15":"product-type-simple"},"acf":[],"_links":{"self":[{"href":"https:\/\/nbg.eu\/da\/wp-json\/wp\/v2\/product\/673436","targetHints":{"allow":["GET"]}}],"collection":[{"href":"https:\/\/nbg.eu\/da\/wp-json\/wp\/v2\/product"}],"about":[{"href":"https:\/\/nbg.eu\/da\/wp-json\/wp\/v2\/types\/product"}],"wp:featuredmedia":[{"embeddable":true,"href":"https:\/\/nbg.eu\/da\/wp-json\/wp\/v2\/media\/673711"}],"wp:attachment":[{"href":"https:\/\/nbg.eu\/da\/wp-json\/wp\/v2\/media?parent=673436"}],"wp:term":[{"taxonomy":"product_brand","embeddable":true,"href":"https:\/\/nbg.eu\/da\/wp-json\/wp\/v2\/product_brand?post=673436"},{"taxonomy":"product_cat","embeddable":true,"href":"https:\/\/nbg.eu\/da\/wp-json\/wp\/v2\/product_cat?post=673436"},{"taxonomy":"product_tag","embeddable":true,"href":"https:\/\/nbg.eu\/da\/wp-json\/wp\/v2\/product_tag?post=673436"}],"curies":[{"name":"wp","href":"https:\/\/api.w.org\/{rel}","templated":true}]}}