{"id":673810,"date":"2025-11-17T17:24:57","date_gmt":"2025-11-17T14:24:57","guid":{"rendered":"https:\/\/nbg.eu\/product\/termokamera-nocpix-vista-h35r-med-lrf-35mm-12um-640x512-15mk-net\/"},"modified":"2026-04-14T15:49:25","modified_gmt":"2026-04-14T12:49:25","slug":"termokamera-nocpix-vista-h35r-med-lrf-35mm-12um-640x512-15mk-net","status":"publish","type":"product","link":"https:\/\/nbg.eu\/da\/vare\/termokamera-nocpix-vista-h35r-med-lrf-35mm-12um-640x512-15mk-net\/","title":{"rendered":"Nocpix Termisk Kamera VISTA H35R LRF"},"content":{"rendered":"<h2>Nocpix VISTA H35R Termisk Kikkert med Laser Afstandsm\u00e5ler<\/h2>\n<p>Nocpix VISTA H35R er en alsidig termisk kikkert udstyret med en indbygget laser afstandsm\u00e5ler, designet til p\u00e5lidelig brug b\u00e5de dag og nat. Denne avancerede enhed tilbyder fremragende termisk billedkvalitet og giver klare og detaljerede billeder selv under udfordrende vejrforhold som t\u00e5ge, smog og regn. Den kan registrere m\u00e5l gennem forhindringer som grene, h\u00f8jt gr\u00e6s og t\u00e6t buskads, hvilket sikrer effektiv drift i milj\u00f8er, hvor traditionelle optik er utilstr\u00e6kkelig.<\/p>\n<p>Ideel til en r\u00e6kke anvendelsesomr\u00e5der, er VISTA H35R perfekt til jagt, overv\u00e5gning, sikkerhed, terr\u00e6n navigation og s\u00f8g- og redningsaktion. Med sin topmoderne teknologi og robuste konstruktion garanterer VISTA H35R pr\u00e6cis registrering og m\u00e5ling under de sv\u00e6reste forhold.<\/p>\n<h2>Specifikationer<\/h2>\n<p>Opl\u00f8sning: 640 x 512<br \/>\nPixelst\u00f8rrelse: 12<br \/>\nNETD, mK: \u226415<br \/>\nBilledhastighed: 50<br \/>\nObjektiv: 35mm F0.9<br \/>\nSynsvinkel: 12.5 x 10.0<br \/>\nSynsvinkel (line\u00e6r): 22 x 18<br \/>\nForst\u00f8rrelse: 3~28<br \/>\nRegistreringsafstand: 1800<br \/>\nAfstand fra \u00f8jne: 25<br \/>\nPupildiameter: 8<br \/>\nDioptri: -4 ~ +6<br \/>\nDisplaytype: AMOLED<br \/>\nSk\u00e6rmopl\u00f8sning: 2560 x 2560<br \/>\nBatteri: Udskifteligt lithium-ion batteri IBP-7 \/ 4400mAh<br \/>\nMaksimal driftstid: 5.5<br \/>\nAfstandsm\u00e5ling afstand: 1200<br \/>\nLaser: Klasse 1<br \/>\nWi-Fi\/App: JA<br \/>\nMikrofon: JA<br \/>\nHukommelseskapacitet: 64GB<br \/>\nIP-klassificering: IP67<br \/>\nMaksimal driftstemperatur: -20 ~ +50<br \/>\nV\u00e6gt (ounces): 22.58<br \/>\nV\u00e6gt (g): 640<br \/>\nDimensioner (tommer): 7.48 x 2.64 x 3.11<br \/>\nDimensioner (mm): 190 x 67 x 79<\/p>\n<h2>Funktioner<\/h2>\n<p>640\u00d7512 12\u03bcm detektor<br \/>\nNETD\u226415mK<br \/>\n60Hz h\u00f8j billedhastighed<br \/>\nF0.9 objektiv<br \/>\nAMOLED 2560\u00d72560 cirkul\u00e6rt display<br \/>\nIBP-7 hurtigt udskifteligt genopladeligt batteri<br \/>\nJ\u00e6vn digital zoom: 1\u00d7~8\u00d7<br \/>\nUltra ren tilstand<br \/>\n\u00d8jenbeskyttelse med lav lysstyrke, farvepalette og varm nuance<br \/>\nElektronisk billedstabilisering<\/p>\n","protected":false},"excerpt":{"rendered":"<p>Varmekamera Nocpix VISTA H35R med 35 mm 12um 640&#215;512 &lt;15mk NET og LRF, til p\u00e5lidelig dag\/nat-brug under udfordrende forhold.<\/p>\n","protected":false},"featured_media":673835,"template":"","meta":{"_acf_changed":false},"product_brand":[14445],"product_cat":[13110,16066],"product_tag":[],"class_list":{"0":"post-673810","1":"product","2":"type-product","3":"status-publish","4":"has-post-thumbnail","6":"product_brand-nocpix","7":"product_cat-termisk","8":"product_cat-thermal-cameras-da","10":"first","11":"instock","12":"taxable","13":"shipping-taxable","14":"purchasable","15":"product-type-simple"},"acf":[],"_links":{"self":[{"href":"https:\/\/nbg.eu\/da\/wp-json\/wp\/v2\/product\/673810","targetHints":{"allow":["GET"]}}],"collection":[{"href":"https:\/\/nbg.eu\/da\/wp-json\/wp\/v2\/product"}],"about":[{"href":"https:\/\/nbg.eu\/da\/wp-json\/wp\/v2\/types\/product"}],"wp:featuredmedia":[{"embeddable":true,"href":"https:\/\/nbg.eu\/da\/wp-json\/wp\/v2\/media\/673835"}],"wp:attachment":[{"href":"https:\/\/nbg.eu\/da\/wp-json\/wp\/v2\/media?parent=673810"}],"wp:term":[{"taxonomy":"product_brand","embeddable":true,"href":"https:\/\/nbg.eu\/da\/wp-json\/wp\/v2\/product_brand?post=673810"},{"taxonomy":"product_cat","embeddable":true,"href":"https:\/\/nbg.eu\/da\/wp-json\/wp\/v2\/product_cat?post=673810"},{"taxonomy":"product_tag","embeddable":true,"href":"https:\/\/nbg.eu\/da\/wp-json\/wp\/v2\/product_tag?post=673810"}],"curies":[{"name":"wp","href":"https:\/\/api.w.org\/{rel}","templated":true}]}}