{"id":673985,"date":"2025-11-17T17:25:01","date_gmt":"2025-11-17T14:25:01","guid":{"rendered":"https:\/\/nbg.eu\/product\/termisk-sigte-nocpix-slim-l35\/"},"modified":"2026-04-14T15:49:21","modified_gmt":"2026-04-14T12:49:21","slug":"termisk-sigte-nocpix-slim-l35","status":"publish","type":"product","link":"https:\/\/nbg.eu\/da\/vare\/termisk-sigte-nocpix-slim-l35\/","title":{"rendered":"Nocpix Termisk Sigte Slim L35"},"content":{"rendered":"<h2>Termisk sigte Nocpix Slim L35: Uovertruffent jagtpr\u00e6station<\/h2>\n<p>Introducerer SLIM-serien af kikkertsigte: et 2-i-1 h\u00e5ndholdt MONOCULAR eller 3,5x (L35) kikkert. V\u00e6lg mellem to h\u00f8jpr\u00e6sterende kerner, nyd et 1024&#215;768 OLED-display og nyd en udskiftelig 18650-batteri til 10 timers str\u00f8m. Fang hvert \u00f8jeblik med indspilning af virkning, s\u00e5 ingen ramme g\u00e5r tabt.<\/p>\n<p>Skift s\u00f8ml\u00f8st mellem manuel og optisk sigte uden at skulle gennulstille, takket v\u00e6re 2-i-1-designet med QD-montering. Nyd udmattelsefri visning med et 1024&#215;768 AMOLED-display, nyt okul\u00e6rdesign og en behagelig 10 mm pupildiameter. Med en v\u00e6gt p\u00e5 kun 500 g g\u00f8r dette ultralette design langvarig brug uden anstrengelse, hvilket holder dig smidig p\u00e5 marken.<\/p>\n<p>H\u00f8jpr\u00e6sterende hovedindstillinger &#8211; 384\u00d7288@12\u03bcm eller 640\u00d7512@12\u03bcm, NETD\u226418 mK &#8211; giver uovertruffen billedkvalitet, s\u00e5 hver detalje indfanges med forbl\u00f8ffende klarhed, uanset jagt forholdene. Med den ekstra kraft fra Reality+-teknologi opn\u00e5r Slim billedkvalitet, der overg\u00e5r andre m\u00e6rker med sensorer i samme klasse.<\/p>\n<p>G\u00e5 aldrig glip af et skud med RAV-funktionen, som lader dig genleve og dele dine mest sp\u00e6ndende jagt \u00f8jeblikke. Bliv ved med at jage med et aftagelig, kuldebestandigt 18650-batteri, der tilbyder op til 8 timers standby-tid, selv under ekstreme forhold. Med 3,5x prim\u00e6r forst\u00f8rrelse er SLIM L35 dit valg til jagt p\u00e5 lang afstand, hvilket g\u00f8r coyote-jagt mere pr\u00e6cis og effektiv.<\/p>\n","protected":false},"excerpt":{"rendered":"<p>SLIM-serien kikkertsigte: en 2-i-1 h\u00e5ndholdt MONOKULAR eller 3,5x (L35) kikkert med 1024&#215;768 OLED, 18650-batteri, p\u00e5virkningsregistrering, varmtesensor og hurtigskiftning.<\/p>\n<p>Hvis varen ikke er tilg\u00e6ngelig, bedes du kontakte os: shop@nbg.eu eller +359896147790<\/p>\n","protected":false},"featured_media":674039,"template":"","meta":{"_acf_changed":false},"product_brand":[14445],"product_cat":[16066],"product_tag":[],"class_list":{"0":"post-673985","1":"product","2":"type-product","3":"status-publish","4":"has-post-thumbnail","6":"product_brand-nocpix","7":"product_cat-thermal-cameras-da","9":"first","10":"instock","11":"taxable","12":"shipping-taxable","13":"purchasable","14":"product-type-simple"},"acf":[],"_links":{"self":[{"href":"https:\/\/nbg.eu\/da\/wp-json\/wp\/v2\/product\/673985","targetHints":{"allow":["GET"]}}],"collection":[{"href":"https:\/\/nbg.eu\/da\/wp-json\/wp\/v2\/product"}],"about":[{"href":"https:\/\/nbg.eu\/da\/wp-json\/wp\/v2\/types\/product"}],"wp:featuredmedia":[{"embeddable":true,"href":"https:\/\/nbg.eu\/da\/wp-json\/wp\/v2\/media\/674039"}],"wp:attachment":[{"href":"https:\/\/nbg.eu\/da\/wp-json\/wp\/v2\/media?parent=673985"}],"wp:term":[{"taxonomy":"product_brand","embeddable":true,"href":"https:\/\/nbg.eu\/da\/wp-json\/wp\/v2\/product_brand?post=673985"},{"taxonomy":"product_cat","embeddable":true,"href":"https:\/\/nbg.eu\/da\/wp-json\/wp\/v2\/product_cat?post=673985"},{"taxonomy":"product_tag","embeddable":true,"href":"https:\/\/nbg.eu\/da\/wp-json\/wp\/v2\/product_tag?post=673985"}],"curies":[{"name":"wp","href":"https:\/\/api.w.org\/{rel}","templated":true}]}}