{"id":674769,"date":"2025-11-17T17:25:02","date_gmt":"2025-11-17T14:25:02","guid":{"rendered":"https:\/\/nbg.eu\/product\/thermal-sight-nocpix-slim-h35\/"},"modified":"2026-04-14T15:49:18","modified_gmt":"2026-04-14T12:49:18","slug":"thermal-sight-nocpix-slim-h35","status":"publish","type":"product","link":"https:\/\/nbg.eu\/da\/vare\/thermal-sight-nocpix-slim-h35\/","title":{"rendered":"Nocpix Termisk Sigte Slim H35"},"content":{"rendered":"<h2>Termal sigte Nocpix Slim H35 &#8211; Ultralet termisk afbildning med fantastisk billedkvalitet<\/h2>\n<p>Introducerer SLIM-serien af kikkertsigte: en 2-i-1 h\u00e5ndholdt MONOCULAR eller 3,5x (L35) kikkert. V\u00e6lg mellem to h\u00f8jydende kerner, nyd et 1024&#215;768 OLED-display og f\u00e5 gl\u00e6de af et udskifteligt 18650-batteri til 10 timers str\u00f8m. Indfang hvert \u00f8jeblik med indvirkning p\u00e5 optagelsen, s\u00e5 ingen enkelt ramme g\u00e5r tabt.<\/p>\n<p>Nyd tr\u00e6thedsfri visning med et 1024&#215;768 AMOLED-display, nyt okul\u00e6rdesign og en behagelig 10mm udgangspupildiameter.<\/p>\n<p>Kun 500g g\u00f8r dette ultralet design udvidet brug ubesv\u00e6ret, hvilket holder dig agil p\u00e5 marken.<\/p>\n<p>H\u00f8jydende hovedindstillinger &#8211; 384\u00d7288@12\u03bcm eller 640\u00d7512@12\u03bcm, NETD\u226418 mK giver enest\u00e5ende billedkvalitet, hvilket sikrer, at hver detalje indfanges med forrygende klarhed, uanset jagtkonditioner. Med den ekstra kraft af Reality+ teknologien opn\u00e5r Slim en billedkvalitet, der overg\u00e5r andre m\u00e6rker med sensorer i samme klasse.<\/p>\n<p>G\u00e5 aldrig glip af et skud med RAV-funktionen, som lader dig genopleve og dele dine mest sp\u00e6ndende jagt\u00f8jeblikke.<\/p>\n<p>Forts\u00e6t jagten med et aftagelig, kulderesistent 18650-batteri, der tilbyder op til 8 timers standbytid, selv under ekstreme forhold. Den har ogs\u00e5 et magnetisk opladningsport for nem opladning, selv i fuldst\u00e6ndig m\u00f8rke.<\/p>\n","protected":false},"excerpt":{"rendered":"<p>Termisk sigte Nocpix Slim H35: 2-i-1 monokul\u00e6r\/3,5x kikkert med 1024&#215;768 OLED, 18650-batteri, st\u00f8doptagelse.<\/p>\n<p>Hvis varen ikke er tilg\u00e6ngelig, bedes du kontakte os: shop@nbg.eu eller +359896147790<\/p>\n","protected":false},"featured_media":674952,"template":"","meta":{"_acf_changed":false},"product_brand":[14445],"product_cat":[16066],"product_tag":[],"class_list":{"0":"post-674769","1":"product","2":"type-product","3":"status-publish","4":"has-post-thumbnail","6":"product_brand-nocpix","7":"product_cat-thermal-cameras-da","9":"first","10":"instock","11":"taxable","12":"shipping-taxable","13":"purchasable","14":"product-type-simple"},"acf":[],"_links":{"self":[{"href":"https:\/\/nbg.eu\/da\/wp-json\/wp\/v2\/product\/674769","targetHints":{"allow":["GET"]}}],"collection":[{"href":"https:\/\/nbg.eu\/da\/wp-json\/wp\/v2\/product"}],"about":[{"href":"https:\/\/nbg.eu\/da\/wp-json\/wp\/v2\/types\/product"}],"wp:featuredmedia":[{"embeddable":true,"href":"https:\/\/nbg.eu\/da\/wp-json\/wp\/v2\/media\/674952"}],"wp:attachment":[{"href":"https:\/\/nbg.eu\/da\/wp-json\/wp\/v2\/media?parent=674769"}],"wp:term":[{"taxonomy":"product_brand","embeddable":true,"href":"https:\/\/nbg.eu\/da\/wp-json\/wp\/v2\/product_brand?post=674769"},{"taxonomy":"product_cat","embeddable":true,"href":"https:\/\/nbg.eu\/da\/wp-json\/wp\/v2\/product_cat?post=674769"},{"taxonomy":"product_tag","embeddable":true,"href":"https:\/\/nbg.eu\/da\/wp-json\/wp\/v2\/product_tag?post=674769"}],"curies":[{"name":"wp","href":"https:\/\/api.w.org\/{rel}","templated":true}]}}