{"id":676606,"date":"2025-11-17T17:25:14","date_gmt":"2025-11-17T14:25:14","guid":{"rendered":"https:\/\/nbg.eu\/product\/termisk-sigte-nocpix-rico-2-s75r\/"},"modified":"2026-04-14T15:49:14","modified_gmt":"2026-04-14T12:49:14","slug":"termisk-sigte-nocpix-rico-2-s75r","status":"publish","type":"product","link":"https:\/\/nbg.eu\/da\/vare\/termisk-sigte-nocpix-rico-2-s75r\/","title":{"rendered":"Nocpix Termisk Sigte Rico 2 S75R"},"content":{"rendered":"<h2>Nocpix Rico 2 S75R: Perfektion i langsigtet skydning<\/h2>\n<p>Serien af termiske sigtekikkerter Nocpix RICO 2 S75R er udviklet til j\u00e6gere, der kr\u00e6ver det bedste i klarhed, r\u00e6kkevidde og komfort. Designet med en brancheledende termisk sensor og h\u00f8j billedfrekvens leverer den overlegen billedkvalitet, der g\u00f8r identifikation og sporing af m\u00e5l nemt.Dens lange br\u00e6ndvidde og indbyggede afstandsm\u00e5ler sikrer, at du n\u00f8jagtigt kan m\u00e5le fjerne m\u00e5l, mens det avancerede optiske design giver en immersiv oplevelse uden forvr\u00e6ngning. Med en trappefri zoomarm og fremragende \u00f8jerelieff giver Nocpix RICO 2 S75R-serien j\u00e6gere mulighed for at justere forst\u00f8rrelsen uden besv\u00e6r og f\u00f8le sig komfortable under langvarige jagter. Med sine innovative teknologier og brugervenlige design, giver Nocpix RICO 2 S75R-serien dig mulighed for at jage ud over, hvad der ellers er muligt.<\/p>\n<h2>Topmoderne ydeevne<\/h2>\n<p>Nyd godt af den premium anden generations 12\u03bcm@60Hz-sensor med NETD \u226415mK for skarp, h\u00f8jkontrast billeder og forbedret m\u00e5lidenti-fikation. Nocpix RICO 2 S75R er udstyret med st\u00f8rre objektivlinser (75 mm\/F1.0, 50 mm\/F1.0, 42 mm\/F1.0), hvilket giver \u00f8get lysindsamlingsevne for fremragende billedklarhed og udvidet detektionsr\u00e6kkevidde. RICO 2-serien giver dig mulighed for at finjustere forst\u00f8rrelsen problemfrit med en trappefri LPVO-lignende zoomarm, som giver hurtige og bekvemme justeringer for at engagere m\u00e5l p\u00e5 enhver afstand pr\u00e6cist. RICO 2-serien kan registrere m\u00e5l p\u00e5 op til 3896 m, hvilket giver dig en betydelig fordel i langsigtet jagt og pr\u00e6cis m\u00e5ltagning.<\/p>\n<h2>Fleksibel og pr\u00e6cis m\u00e5ltagning<\/h2>\n<p>Nocpix RICO 2 S75R er udstyret med en integreret afstandsm\u00e5ler, som tilbyder laserdetektion op til 1200m med korrekt optisk aksejustering, s\u00e5 du kan foretage pr\u00e6cise afstandsm\u00e5linger, mens du bevarer et elegant design. Forenkling af dit skudplacering med automatiske ballistiske beregninger ved at bruge den integrerede afstandsm\u00e5ler for at ramme pr\u00e6cist p\u00e5 lang afstand.<\/p>\n<h2>Utrolig klar og behagelig visning<\/h2>\n<p>Det 1.03&#8243; 2560\u00d72560 OLED-display (S75R), forvr\u00e6ngningsfri okular, 70mm \u00f8jerelieff og 23mm udgangspupil giver skarp, behagelig visning under forl\u00e6ngede sessioner. S75R-modellen er udstyret med en us\u00e6dvanlig 70mm afstand, der giver maksimal komfort ved langvarig brug uden \u00f8jent\u00e6thed og sikrer \u00f8jensikkerhed.<\/p>\n","protected":false},"excerpt":{"rendered":"<p>F\u00f8rende sensor i 2. generation med opl\u00f8sning p\u00e5 1280&#215;1024, fleksibel og pr\u00e6cis integreret LRF, ekstremt klar og behagelig visning, sikker og behagelig \u00f8jenafstand. Nocpix Rico 2 S75R &#8211; Ekspert i langdistanceskydning.<\/p>\n","protected":false},"featured_media":676652,"template":"","meta":{"_acf_changed":false},"product_brand":[14445],"product_cat":[16066],"product_tag":[],"class_list":{"0":"post-676606","1":"product","2":"type-product","3":"status-publish","4":"has-post-thumbnail","6":"product_brand-nocpix","7":"product_cat-thermal-cameras-da","9":"first","10":"instock","11":"taxable","12":"shipping-taxable","13":"purchasable","14":"product-type-simple"},"acf":[],"_links":{"self":[{"href":"https:\/\/nbg.eu\/da\/wp-json\/wp\/v2\/product\/676606","targetHints":{"allow":["GET"]}}],"collection":[{"href":"https:\/\/nbg.eu\/da\/wp-json\/wp\/v2\/product"}],"about":[{"href":"https:\/\/nbg.eu\/da\/wp-json\/wp\/v2\/types\/product"}],"wp:featuredmedia":[{"embeddable":true,"href":"https:\/\/nbg.eu\/da\/wp-json\/wp\/v2\/media\/676652"}],"wp:attachment":[{"href":"https:\/\/nbg.eu\/da\/wp-json\/wp\/v2\/media?parent=676606"}],"wp:term":[{"taxonomy":"product_brand","embeddable":true,"href":"https:\/\/nbg.eu\/da\/wp-json\/wp\/v2\/product_brand?post=676606"},{"taxonomy":"product_cat","embeddable":true,"href":"https:\/\/nbg.eu\/da\/wp-json\/wp\/v2\/product_cat?post=676606"},{"taxonomy":"product_tag","embeddable":true,"href":"https:\/\/nbg.eu\/da\/wp-json\/wp\/v2\/product_tag?post=676606"}],"curies":[{"name":"wp","href":"https:\/\/api.w.org\/{rel}","templated":true}]}}