{"id":676874,"date":"2025-11-17T17:25:15","date_gmt":"2025-11-17T14:25:15","guid":{"rendered":"https:\/\/nbg.eu\/product\/termisk-sigte-nocpix-rico-2-h75r\/"},"modified":"2026-04-14T15:49:11","modified_gmt":"2026-04-14T12:49:11","slug":"termisk-sigte-nocpix-rico-2-h75r","status":"publish","type":"product","link":"https:\/\/nbg.eu\/da\/vare\/termisk-sigte-nocpix-rico-2-h75r\/","title":{"rendered":"Nocpix Termisk Sigte Rico 2 H75R"},"content":{"rendered":"<h2>Nocpix Rico 2 H75R: Perfektion til skydning p\u00e5 lang afstand<\/h2>\n<p>Serien af termisk m\u00e5loptiske sigter Nocpix RICO 2 H75R er designet til j\u00e6gere, der kr\u00e6ver det bedste i klarhed, r\u00e6kkevidde og komfort. Med en brancheledende termisk sensor og h\u00f8j billedfrekvens leverer den en ultra-overlegen billedkvalitet, der g\u00f8r identifikation og sporing af m\u00e5l en leg. Den lange br\u00e6ndvidde og den integrerede afstandsm\u00e5ler sikrer, at du pr\u00e6cist kan m\u00e5le afstanden til fjerne m\u00e5l, mens det avancerede optiske design giver en imponerende visningsoplevelse uden forvr\u00e6ngning. Med en trinl\u00f8s zoomknap og us\u00e6dvanlig \u00f8jeafstand lader Nocpix RICO 2 H75R-serien j\u00e6gere justere forst\u00f8rrelsen med lethed og f\u00f8le sig komfortable under lange jagt-ture. Innovative teknologier og et brugerfokuseret design g\u00f8r Nocpix RICO 2 H75R-serien til toppen af ydelsen til jagt p\u00e5 lang afstand.<\/p>\n<h2>Avanceret termisk billeddannelse<\/h2>\n<p>Udnyt den premium anden generations 640@12\u03bcm@60Hz-sensor, begge med NETD \u226415mK, for skarp, h\u00f8j-kontrast billeddannelse og forbedret m\u00e5ludpegning.<\/p>\n<h2>Forbedret klarhed med st\u00f8rre linser<\/h2>\n<p>Nocpix RICO 2 H75R er udstyret med st\u00f8rre objektiver (75 mm\/F1.0, 50 mm\/F1.0, 42 mm\/F1.0), hvilket giver forbedrede lysindsamlingsegenskaber for fremragende billedklarhed og udvidet detektionsomr\u00e5de.<\/p>\n<h2>Nem justering af forst\u00f8rrelse<\/h2>\n<p>RICO 2-serien lader dig finjustere din forst\u00f8rrelse problemfrit med en trinl\u00f8s LPVO-stil zoomknap, hvilket giver hurtige og bekvemme justeringer, s\u00e5 du kan engagere m\u00e5l p\u00e5 enhver afstand med pr\u00e6cision.<\/p>\n<h2>Skabt til jagt p\u00e5 lang afstand<\/h2>\n<p>RICO 2-serien har en imponerende detektionsr\u00e6kkevidde p\u00e5 op til 3896 m, hvilket giver dig en v\u00e6sentlig fordel i jagt p\u00e5 lang afstand og pr\u00e6cis m\u00e5ludpegning.<\/p>\n<h2>Fleksibel og pr\u00e6cis integreret afstandsm\u00e5ler<\/h2>\n<p>Nocpix RICO 2 H75R er udstyret med en integreret afstandsm\u00e5ler, der tilbyder laserregistrering op til 1200 m med sand optisk aksjustering, hvilket sikrer pr\u00e6cise afstandsm\u00e5linger samtidig med et elegant og str\u00f8mlinjet design.<\/p>\n<h2>Str\u00f8mlinet ballistisk beregning<\/h2>\n<p>Str\u00f8mlin din skudplacering med automatiske ballistiske beregninger ved hj\u00e6lp af den integrerede afstandsm\u00e5ler, som giver dig mulighed for nemt at ramme pr\u00e6cise skud p\u00e5 lange afstande.<\/p>\n<h2>Ekstremt klar og komfortabel visning<\/h2>\n<p>1.03&#8243; 2560\u00d72560 OLED-sk\u00e6rm (S75R), forvr\u00e6ngningsfri okul\u00e6r, 70 mm \u00f8jeafstand og 23 mm udgangspupil giver skarp, komfortabel visning i lange sessioner.<\/p>\n<h2>Sikkerhed og komfort<\/h2>\n<p>H75R-modellen er udstyret med en hidtil uset 70 mm \u00f8jeafstand, hvilket giver maksimal komfort ved langvarig brug uden \u00f8jentr\u00e6sm\u00f8r og sikrer \u00f8jensikkerhed.<\/p>\n","protected":false},"excerpt":{"rendered":"<p>Nocpix Rico 2 H75R &#8211; Langr\u00e6kkedeskytte med 640&#215;512 sensor, 60Hz, integreret LRF og kontinuerligt zoom.<\/p>\n<p>Hvis varen ikke er tilg\u00e6ngelig, bedes du kontakte os: shop@nbg.eu eller +359896147790<\/p>\n","protected":false},"featured_media":676968,"template":"","meta":{"_acf_changed":false},"product_brand":[14445],"product_cat":[16066],"product_tag":[],"class_list":{"0":"post-676874","1":"product","2":"type-product","3":"status-publish","4":"has-post-thumbnail","6":"product_brand-nocpix","7":"product_cat-thermal-cameras-da","9":"first","10":"instock","11":"taxable","12":"shipping-taxable","13":"purchasable","14":"product-type-simple"},"acf":[],"_links":{"self":[{"href":"https:\/\/nbg.eu\/da\/wp-json\/wp\/v2\/product\/676874","targetHints":{"allow":["GET"]}}],"collection":[{"href":"https:\/\/nbg.eu\/da\/wp-json\/wp\/v2\/product"}],"about":[{"href":"https:\/\/nbg.eu\/da\/wp-json\/wp\/v2\/types\/product"}],"wp:featuredmedia":[{"embeddable":true,"href":"https:\/\/nbg.eu\/da\/wp-json\/wp\/v2\/media\/676968"}],"wp:attachment":[{"href":"https:\/\/nbg.eu\/da\/wp-json\/wp\/v2\/media?parent=676874"}],"wp:term":[{"taxonomy":"product_brand","embeddable":true,"href":"https:\/\/nbg.eu\/da\/wp-json\/wp\/v2\/product_brand?post=676874"},{"taxonomy":"product_cat","embeddable":true,"href":"https:\/\/nbg.eu\/da\/wp-json\/wp\/v2\/product_cat?post=676874"},{"taxonomy":"product_tag","embeddable":true,"href":"https:\/\/nbg.eu\/da\/wp-json\/wp\/v2\/product_tag?post=676874"}],"curies":[{"name":"wp","href":"https:\/\/api.w.org\/{rel}","templated":true}]}}