{"id":676978,"date":"2025-11-17T17:25:28","date_gmt":"2025-11-17T14:25:28","guid":{"rendered":"https:\/\/nbg.eu\/product\/termisk-sigte-nocpix-ace-s60r-rail-zeiss\/"},"modified":"2026-04-14T17:20:44","modified_gmt":"2026-04-14T14:20:44","slug":"termisk-sigte-nocpix-ace-s60r-rail-zeiss","status":"publish","type":"product","link":"https:\/\/nbg.eu\/da\/vare\/termisk-sigte-nocpix-ace-s60r-rail-zeiss\/","title":{"rendered":"Nocpix Termisk Sigte ACE S60R ZEISS RAIL"},"content":{"rendered":"<h2>NocPix ACE S60R Termisk sigte<\/h2>\n<p>NocPix ACE S60R Termisk sigte er et brand nyt, state-of-the-art v\u00e6rkt\u00f8j designet til elitej\u00e6gere, der kr\u00e6ver topydelse i de mest udfordrende milj\u00f8er. Med sin avancerede teknologi og robuste konstruktion er dette f\u00f8rende termiske sigte designet til at hj\u00e6lpe dig med at beherske natten og t\u00e6mme vildtet. Uanset om du scanner efter bytte p\u00e5 lange afstande eller f\u00f8lger hurtigt bev\u00e6gende m\u00e5l, tilbyder ACE S60R S60R usepareret klarhed, pr\u00e6cision og p\u00e5lidelighed.<\/p>\n<p>Hjertet i dette ekstraordin\u00e6re sigte er en Gen-2 HD termisk sensor med en imponerende 1280&#215;1024-opl\u00f8sning og en ultraf\u00f8lsom NETD p\u00e5 \u226415 mK. Denne sensor i n\u00e6ste generation lader ACE S60R opdage selv den mindste temperatur\u00e6ndring og leverer klare, detaljerede termiske billeder i realtid. Med en billedhastighed p\u00e5 50 Hz leverer sigtet j\u00e6vne visuelle oplevelser, der kan f\u00f8lge hastigheden af dit m\u00e5l, hvilket giver dig mulighed for at l\u00e5se dig fast med usparret pr\u00e6cision.<\/p>\n<p>NocPix ACE S60R har ogs\u00e5 et 60 mm\/F1.0-objektiv, der indsamler 20% mere lys end standard-sigter, hvilket giver dig lysere og klarere billeder selv i de m\u00f8rkeste forhold. Dens overlegne langtr\u00e6kkende detektion p\u00e5 op til 3100 meter g\u00f8r det nemt at identificere og spore fjerne m\u00e5l, hvilket giver en afg\u00f8rende fordel i langdistancejagt og skydning. Kombineret med NocPix&#8217;s propriet\u00e6re Reality+ billedbehandlingsalgoritme reducerer ACE S60R kraftigt omgivende st\u00f8j og leverer skarpe, h\u00f8j-kontrastbilleder hver gang.<\/p>\n<p>For dem, der \u00f8nsker endnu mere visuel klarhed, er ACE S60R udstyret med det innovative Vision+-system. Den runde 1,03-tommer 2560&#215;2560 AMOLED-sk\u00e6rm kombineret med brancheledende okular forst\u00f8rrelse leverer usparret optisk forst\u00f8rrelse uden sl\u00f8ring eller forvr\u00e6ngning, der normalt er forbundet med elektronisk zoom. Denne banebrydende teknologi sikrer, at du nyder en krystalklar visning og et bredt synsfelt, uanset om du n\u00e6rmer dig dit m\u00e5l eller scanner dine omgivelser.<\/p>\n<p>Pr\u00e6cision er afg\u00f8rende, n\u00e5r det kommer til jagt, og ACE S60R skuffer ikke. Dens indbyggede laserm\u00e5ler (LRF) tilbyder n\u00f8jagtige m\u00e5linger p\u00e5 op til 1200 meter. LRF&#8217;en er s\u00f8ml\u00f8st integreret i det elegante design, og opretholder den sande optiske akseudretning, mens den lader dig beregne pr\u00e6cise afstande uden at forstyrre fokus. Og med indbygget balistisk beregningsfunktion sikrer ACE S60R, at dine skud er pr\u00e6cise, idet der tages h\u00f8jde for alle faktorer for fejlfri n\u00f8jagtighed.<\/p>\n<p>Designet med j\u00e6gere for \u00f8je har NocPix ACE S60R ogs\u00e5 et dobbeltsystem med et indbygget 4000 mAh-batteri og et udskifteligt 18650-batteri til udvidet brug i marken. Ikke l\u00e6ngere beh\u00f8ver du at bekymre dig om at l\u00f8be t\u00f8r for str\u00f8m midt i din jagt &#8211; dette system er designet til at vare lige s\u00e5 l\u00e6nge som dit eventyr. Derudover funktioner som automatisk sk\u00e6rmsluk, rekylaktiveret videooptagelse og et designl\u00f8st design g\u00f8r dette termiske sigte til en sand spilforandrer i marken.<\/p>\n<p>Bygget til de h\u00e5rdeste udend\u00f8rs forhold er ACE S60R fremstillet af en h\u00f8jstyrke-aluminiumslegering, som er blevet n\u00f8je testet til at modst\u00e5 ekstreme st\u00f8d og h\u00e5rd brug. Klassificeret som IP67 mod vandt\u00e6thed fungerer den perfekt i regn, st\u00f8v og udfordrende milj\u00f8er, s\u00e5 dit sigte er lige s\u00e5 holdbart som dine j\u00e6gerdrifter.<\/p>\n<p>NocPix ACE S60R er mere end bare et termisk sigte &#8211; det er den ultimative jagtledsager. Med state-of-the-art teknologi, eksceptionel holdbarhed og en r\u00e6kke avancerede funktioner, der er designet til at forbedre din j\u00e6gerf\u00e6rd, vil dette sigte definere, hvad du forventer af dit udstyr. G\u00f8r dig klar til at beherske natten.<\/p>\n","protected":false},"excerpt":{"rendered":"<p>Nocpix ACE S60R termisk kikkert er et avanceret v\u00e6rkt\u00f8j designet til elitej\u00e6gere, med avanceret teknologi, robust konstruktion og funktioner som en Gen-2 HD termisk sensor, Vision+ system, integreret laser-afstandsm\u00e5ler og dobbelt batterisystem for topydelse i udfordrende milj\u00f8er.<\/p>\n<p>Hvis varen ikke er tilg\u00e6ngelig, bedes du kontakte os: shop@nbg.eu eller +359896147790<\/p>\n","protected":false},"featured_media":677157,"template":"","meta":{"_acf_changed":false},"product_brand":[14445],"product_cat":[13110],"product_tag":[],"class_list":{"0":"post-676978","1":"product","2":"type-product","3":"status-publish","4":"has-post-thumbnail","6":"product_brand-nocpix","7":"product_cat-termisk","9":"first","10":"instock","11":"taxable","12":"shipping-taxable","13":"purchasable","14":"product-type-simple"},"acf":[],"_links":{"self":[{"href":"https:\/\/nbg.eu\/da\/wp-json\/wp\/v2\/product\/676978","targetHints":{"allow":["GET"]}}],"collection":[{"href":"https:\/\/nbg.eu\/da\/wp-json\/wp\/v2\/product"}],"about":[{"href":"https:\/\/nbg.eu\/da\/wp-json\/wp\/v2\/types\/product"}],"wp:featuredmedia":[{"embeddable":true,"href":"https:\/\/nbg.eu\/da\/wp-json\/wp\/v2\/media\/677157"}],"wp:attachment":[{"href":"https:\/\/nbg.eu\/da\/wp-json\/wp\/v2\/media?parent=676978"}],"wp:term":[{"taxonomy":"product_brand","embeddable":true,"href":"https:\/\/nbg.eu\/da\/wp-json\/wp\/v2\/product_brand?post=676978"},{"taxonomy":"product_cat","embeddable":true,"href":"https:\/\/nbg.eu\/da\/wp-json\/wp\/v2\/product_cat?post=676978"},{"taxonomy":"product_tag","embeddable":true,"href":"https:\/\/nbg.eu\/da\/wp-json\/wp\/v2\/product_tag?post=676978"}],"curies":[{"name":"wp","href":"https:\/\/api.w.org\/{rel}","templated":true}]}}