{"id":677674,"date":"2025-11-17T17:25:33","date_gmt":"2025-11-17T14:25:33","guid":{"rendered":"https:\/\/nbg.eu\/product\/termisk-sigtkik-nocpix-ace-h50r-12um-640x512-15mk-netd\/"},"modified":"2026-04-14T15:49:03","modified_gmt":"2026-04-14T12:49:03","slug":"termisk-sigtkik-nocpix-ace-h50r-12um-640x512-15mk-netd","status":"publish","type":"product","link":"https:\/\/nbg.eu\/da\/vare\/termisk-sigtkik-nocpix-ace-h50r-12um-640x512-15mk-netd\/","title":{"rendered":"Nocpix Termisk Sigte ACE H50R"},"content":{"rendered":"<h2>NocPix ACE H50R Termisk Riflekikkert<\/h2>\n<p>NocPix ACE H50R termiske riflekikkert kombinerer avanceret teknologi med robust holdbarhed for en us\u00e6dvanlig j\u00e6gerfunktion. Den har en 640&#215;512 opl\u00f8sning termisk sensor med \u226412mK NETD for fremragende billedklarhed, en detektionsr\u00e6kkevidde p\u00e5 3100 meter og en integreret LRF til pr\u00e6cise m\u00e5linger op til 1200 meter. Det innovative Vision+-system tilbyder okul\u00e6rforst\u00f8rrelse for tydelige n\u00e6rbilleder, mens et dobbeltstangssystem sikrer langvarig brug. Fremstillet af h\u00f8jstyrkelegering og klassificeret IP67, denne riflekikkert er designet til at udm\u00e6rke sig i enhver udend\u00f8rs milj\u00f8 og tilpasse sig enhver situation.<\/p>\n<p>NocPix ACE H50 termiske riffelkikkert er et avanceret v\u00e6rkt\u00f8j designet til at omdefinere j\u00e6gerfunktionen, uanset om du navigerer i den m\u00f8rke nat eller sniger dig igennem udfordrende terr\u00e6n. Som en del af NocPix&#8217;s flagskib ACE-serie skiller denne termiske optiske sigte sig ud med sin overlegne billedkvalitet og pr\u00e6cision, takket v\u00e6re dens internt udviklede h\u00f8jtopl\u00f8sende termiske sensor og avancerede Reality+ og Vision+-systemer.<\/p>\n<p>I hjertet af NocPix ACE H50R er dens Gen-2 HD termiske sensor, som har en opl\u00f8sning p\u00e5 640&#215;512 og en billedhastighed p\u00e5 60Hz, hvilket giver utroligt stabil ydeevne. Med en NETD p\u00e5 \u226412mK registrerer denne kikkert selv de mindste temperaturforskelle og giver detaljerede og j\u00e6vne termiske billeder, perfekte til at spore hurtigbev\u00e6gelige m\u00e5l i realtid. Den avancerede Reality+-billedbehandlingsalgoritme forst\u00e6rker dette yderligere ved at eliminere st\u00f8j fra omgivelsestemperatur og give overlegen kontrast og klarhed, selv under udfordrende j\u00e6gerbetingelser.<\/p>\n<p>ACE H50R er udstyret med et 50mm\/F0.9 objektiv, der tillader 20% mere lys at n\u00e5 sensoren, hvilket skaber lysere og klarere billeder. Dette er afg\u00f8rende for j\u00e6gere, der str\u00e6ber efter pr\u00e6cision, da den forbedrede lysf\u00f8lsomhed giver bedre synlighed i lavbelysede milj\u00f8er. Derudover g\u00f8r den 3100 meter detektionsr\u00e6kkevidde ACE mere unik, hvilket g\u00f8r identificering og sporing af fjerne m\u00e5l lettere og mere effektiv end nogensinde.<\/p>\n<p>Det integrerede Vision+-system forbedrer oplevelsen med et 1,03 tommer cirkul\u00e6rt AMOLED-display med en opl\u00f8sning p\u00e5 2560&#215;2560. Dets optiske zoom-system, designet til at undg\u00e5 sl\u00f8ring og forvr\u00e6ngning, der normalt er forbundet med traditionelle elektroniske zoom, sikrer, at j\u00e6gere nyder klare, h\u00f8jopl\u00f8sende n\u00e6rbilleder uden at miste detaljer. Dette giver en dybtg\u00e5ende, behagelig visningsoplevelse, uanset om du spotter bytte p\u00e5 afstand eller zoomer ind for pr\u00e6cis m\u00e5lretning.<\/p>\n<p>Bygget til udvidet brug i felten har ACE et dobbeltstangssystem med et indbygget 4000mAh batteri og et ekstra aftagelig 18650 batteri, hvilket muligg\u00f8r uafbrudt drift under lange j\u00e6gersessioner. Den holdbare konstruktion, fremstillet af h\u00f8jstyrkelegering, sikrer, at ACE kan modst\u00e5 h\u00e5rde udend\u00f8rsmilj\u00f8er og tung brug, da den har best\u00e5et strenge st\u00f8dresistenspr\u00f8ver. Med en IP67 vandt\u00e6t klassifikation forbliver kikkerten p\u00e5lidelig under forskellige vejrforhold og tilbyder j\u00e6gere sindsro uanset milj\u00f8et.<\/p>\n<p>Designet med j\u00e6gere i tankerne omfatter NocPix ACE H50R essentielle funktioner som rekyl-aktiveret videooptagelse og et lukkerl\u00f8st design for bekymringsl\u00f8s betjening i felten. Med brugervenlige tilf\u00f8jelser som en fokusindstiller, opladningsd\u00e6ksel og muligheden for at afspille videoer direkte via Galleri-funktionen, kombinerer denne kikkert h\u00f8j ydeevne med bekvemmelighed for en optimal j\u00e6gerfunktion.<\/p>\n","protected":false},"excerpt":{"rendered":"<p>Nocpix ACE H50R termisk kikkertsigte har en 640&#215;512 termisk sensor med \u226412mK NETD, 3100m registrering, integreret LRF og Vision+ system for en uovertruffen jagt-oplevelse.<br \/>\nHvis varen ikke er tilg\u00e6ngelig, bedes du kontakte os: shop@nbg.eu eller +359896147790<\/p>\n","protected":false},"featured_media":677717,"template":"","meta":{"_acf_changed":false},"product_brand":[14445],"product_cat":[13110],"product_tag":[],"class_list":{"0":"post-677674","1":"product","2":"type-product","3":"status-publish","4":"has-post-thumbnail","6":"product_brand-nocpix","7":"product_cat-termisk","9":"first","10":"outofstock","11":"taxable","12":"shipping-taxable","13":"purchasable","14":"product-type-simple"},"acf":[],"_links":{"self":[{"href":"https:\/\/nbg.eu\/da\/wp-json\/wp\/v2\/product\/677674","targetHints":{"allow":["GET"]}}],"collection":[{"href":"https:\/\/nbg.eu\/da\/wp-json\/wp\/v2\/product"}],"about":[{"href":"https:\/\/nbg.eu\/da\/wp-json\/wp\/v2\/types\/product"}],"wp:featuredmedia":[{"embeddable":true,"href":"https:\/\/nbg.eu\/da\/wp-json\/wp\/v2\/media\/677717"}],"wp:attachment":[{"href":"https:\/\/nbg.eu\/da\/wp-json\/wp\/v2\/media?parent=677674"}],"wp:term":[{"taxonomy":"product_brand","embeddable":true,"href":"https:\/\/nbg.eu\/da\/wp-json\/wp\/v2\/product_brand?post=677674"},{"taxonomy":"product_cat","embeddable":true,"href":"https:\/\/nbg.eu\/da\/wp-json\/wp\/v2\/product_cat?post=677674"},{"taxonomy":"product_tag","embeddable":true,"href":"https:\/\/nbg.eu\/da\/wp-json\/wp\/v2\/product_tag?post=677674"}],"curies":[{"name":"wp","href":"https:\/\/api.w.org\/{rel}","templated":true}]}}