{"id":678110,"date":"2025-11-17T17:25:36","date_gmt":"2025-11-17T14:25:36","guid":{"rendered":"https:\/\/nbg.eu\/product\/termisk-monokulaer-nocpix-lumi-l35\/"},"modified":"2026-01-21T11:39:11","modified_gmt":"2026-01-21T08:39:11","slug":"termisk-monokulaer-nocpix-lumi-l35","status":"publish","type":"product","link":"https:\/\/nbg.eu\/da\/vare\/termisk-monokulaer-nocpix-lumi-l35\/","title":{"rendered":"Termisk monokul\u00e6r Nocpix LUMI L35"},"content":{"rendered":"<h2>Maksimal ydeevne med minimal v\u00e6gt &#8211; Nocpix LUMI L35: Din uundv\u00e6rlige f\u00f8lgesvend p\u00e5 dine udeaktiviteter<\/h2>\n<p>LUMI-serien af termiske monokler er designet til brug b\u00e5de dag og nat og tilbyder dig en fremragende billedkvalitet selv under vanskelige vejrforhold som t\u00e5ge, smog eller regn. Selv hvis forhindringer som grene, h\u00f8jt gr\u00e6s eller t\u00e6t l\u00f8vskov g\u00f8r det sv\u00e6rt at se, kan du takket v\u00e6re denne teknologi altid tydeligt se, hvad der er foran dig. Derudover er de s\u00e5 kompakte og lette, at du nemt kan tage dem med dig overalt.<\/p>\n<p>LUMI-termokameraer er perfekte til en r\u00e6kke forskellige anvendelser som jagt, overv\u00e5gning, sikkerhed, terr\u00e6n-orientering eller s\u00f8g- og redningsindsatser.<\/p>\n<h2>Uovertruffen billedkvalitet for sk\u00e5nsomme billeder<\/h2>\n<p>LUMI-serien s\u00e6tter nye standarder, hvad ang\u00e5r billedkvalitet. Udstyret med de mest avancerede billedalgoritmer og en kraftfuld termisk sensor med NETD &lt; 18 mK leverer kameraet sk\u00e5nsomme og realistiske billeder. AMOLED-displayet med en opl\u00f8sning p\u00e5 1024 x 768 pixels sikrer en fremragende billedvisning, mens Ultra Clear-tilstanden yderligere optimerer billedklarhed, is\u00e6r under vanskelige vejrforhold.<\/p>\n<h2>Personlig visningsoplevelse &#8211; Tilpas din enhed perfekt<\/h2>\n<p>Takket v\u00e6re den mellemstore 384 x 288 px-sensor og en r\u00e6kke indstillingsmuligheder kan du tilpasse enheden pr\u00e6cist til dine behov. V\u00e6lg mellem 5 farvetilstande og optimer dit udsyn med 10 niveauer af lysstyrke, skarphed og kontrast &#8211; s\u00e5 ingen detaljer g\u00e5r tabt.<\/p>\n<h2>Nem deling af oplevelser<\/h2>\n<p>At indfange s\u00e6rlige \u00f8jeblikke er essentielt for den moderne j\u00e6ger. Med Nocpix LUMI L35 kan du ikke blot nemt dele dine optagelser via appen, men ogs\u00e5 afspille dem direkte p\u00e5 enheden &#8211; perfekt til at dele dine oplevelser med andre med det samme.<\/p>\n<h2>Kan bruges fleksibelt takket v\u00e6re det aftagelige batterisystem<\/h2>\n<p>LUMI-serien er udstyret med standard 18650-batterier, hvilket giver dig maksimal fleksibilitet. Uanset hvor du g\u00e5r hen, vil du med den medf\u00f8lgende batterioplader v\u00e6re klar igen p\u00e5 ingen tid &#8211; s\u00e5 du kan forts\u00e6tte din mission.<\/p>\n","protected":false},"excerpt":{"rendered":"<p>Maksimal ydeevne med minimal v\u00e6gt &#8211; Nocpix LUMI L35: Din uundv\u00e6rlige ledsager i felten. 384 sensor med 18 mK, AMOLED-display med 1024 \u00d7 768 pixel, aftagelig 18650-batteri, registreringsr\u00e6kkevidde p\u00e5 ca. 1800 meter, stor grundl\u00e6ggende forst\u00f8rrelse til jagt i felten, kompakt design.<\/p>\n","protected":false},"featured_media":678274,"template":"","meta":{"_acf_changed":false},"product_brand":[14445],"product_cat":[13110,369],"product_tag":[],"class_list":{"0":"post-678110","1":"product","2":"type-product","3":"status-publish","4":"has-post-thumbnail","6":"product_brand-nocpix","7":"product_cat-termisk","8":"product_cat-uncategorized","10":"first","11":"instock","12":"taxable","13":"shipping-taxable","14":"purchasable","15":"product-type-simple"},"acf":[],"_links":{"self":[{"href":"https:\/\/nbg.eu\/da\/wp-json\/wp\/v2\/product\/678110","targetHints":{"allow":["GET"]}}],"collection":[{"href":"https:\/\/nbg.eu\/da\/wp-json\/wp\/v2\/product"}],"about":[{"href":"https:\/\/nbg.eu\/da\/wp-json\/wp\/v2\/types\/product"}],"wp:featuredmedia":[{"embeddable":true,"href":"https:\/\/nbg.eu\/da\/wp-json\/wp\/v2\/media\/678274"}],"wp:attachment":[{"href":"https:\/\/nbg.eu\/da\/wp-json\/wp\/v2\/media?parent=678110"}],"wp:term":[{"taxonomy":"product_brand","embeddable":true,"href":"https:\/\/nbg.eu\/da\/wp-json\/wp\/v2\/product_brand?post=678110"},{"taxonomy":"product_cat","embeddable":true,"href":"https:\/\/nbg.eu\/da\/wp-json\/wp\/v2\/product_cat?post=678110"},{"taxonomy":"product_tag","embeddable":true,"href":"https:\/\/nbg.eu\/da\/wp-json\/wp\/v2\/product_tag?post=678110"}],"curies":[{"name":"wp","href":"https:\/\/api.w.org\/{rel}","templated":true}]}}