{"id":678387,"date":"2025-11-18T18:19:28","date_gmt":"2025-11-18T15:19:28","guid":{"rendered":"https:\/\/nbg.eu\/product\/nocpix-quest-l35r-384x288-netd-15mk\/"},"modified":"2026-04-14T15:48:56","modified_gmt":"2026-04-14T12:48:56","slug":"nocpix-quest-l35r-384x288-netd-15mk","status":"publish","type":"product","link":"https:\/\/nbg.eu\/da\/vare\/nocpix-quest-l35r-384x288-netd-15mk\/","title":{"rendered":"Nocpix Termisk Kikkert Quest L35R"},"content":{"rendered":"<h2>Nocpix Quest L35R 384&#215;288 NETD \u226415mK: Unleash Your Thermal Vision<\/h2>\n<p>QUEST er let og b\u00e6rbar, og tilbyder en detektionsr\u00e6kkevidde p\u00e5 op til 2600m og en indbygget skjult LRF med en r\u00e6kkevidde p\u00e5 1000m for overlegen n\u00f8jagtighed og synlighed. Dens traditionelle kikkertkonstruktion har et helt gummikappe og IP67-klassifikation for holdbarhed og komfort under h\u00e5rde forhold. Udstyret med en h\u00f8jydende 640&#215;512-sensor (NETD \u226415mK, 60Hz) giver QUEST fremragende billedklarhed, overlegen termisk f\u00f8lsomhed og problemfri drift i udfordrende milj\u00f8er.<\/p>\n<h2>Fremragende billedkvalitet og klarhed<\/h2>\n<p>Nocpix QUEST har R+ billedforbedringsalgoritmer for overlegen klarhed og pr\u00e6cision, kombineret med et 1920&#215;1200 AMOLED-display for en uds\u00f8gt, \u00f8jevenlig visningsoplevelse.<\/p>\n<h2>Overlegen sensor for topkvalitet<\/h2>\n<p>Nocpix QUEST er udstyret med en h\u00f8jydende sensor (640&#215;512@12\u00b5m), der giver fremragende billedklarhed. Med NETD \u226415mK og 60Hz billedfrekvens leverer den overlegen termisk f\u00f8lsomhed og klare, visuelle billeder selv under de mest udfordrende forhold.<\/p>\n<h2>Kraftfulde detektionsevner<\/h2>\n<p>Nocpix QUEST har en detektionsr\u00e6kkevidde p\u00e5 op til 2600 m og en indbygget skjult LRF med en r\u00e6kkevidde p\u00e5 op til 1000 m, s\u00e5 du kan se l\u00e6ngere og mere n\u00f8jagtigt end nogensinde f\u00f8r. Den underst\u00f8tter ogs\u00e5 ballistiske beregninger, hvilket giver dataunderst\u00f8ttelse for samarbejdsjagt.<\/p>\n<h2>Ergonomisk ethandsoperation<\/h2>\n<p>Nocpix QUEST tilbyder ergonomisk, skridsikker h\u00e5ndtering med et forenklet layout med 4 knapper og centralt placerede scrollehjul for nem ethandsoperation og et sikkert greb under alle forhold.<\/p>\n<h2>Let og b\u00e6rbar<\/h2>\n<p>QUEST vejer kun 700g og inkluderer en specialdesignet b\u00e6retaske, hvilket giver nem b\u00e6rbarhed og komfort til udend\u00f8rsaktiviteter som jagt og udforskning.<\/p>\n<h2>P\u00e5lidelig str\u00f8mydelse<\/h2>\n<p>QUEST-serien har et dobbeltsystem til batterier med et indbygget og udskifteligt 18650-batteri, hvilket sikrer problemfri udskiftning og konstant brug under dit eventyr.<\/p>\n<h2>Robust og komfortabel design<\/h2>\n<p>QUEST har en traditionel kikkertkonstruktion med et avanceret, helt gummikappe og IP67-klassifikation for vand- og st\u00f8vmodstand, hvilket sikrer b\u00e5de holdbarhed og overordnet komfort.<\/p>\n","protected":false},"excerpt":{"rendered":"<p>Nocpix QUEST L35R 384&#215;288 NETD &lt;15mK: Let v\u00e6gt, b\u00e6rbar varmebilleddanner med 2600 m detektionsr\u00e6kkevide, indbygget 1000m LRF og enest\u00e5ende billedklarhed.<br \/>\nHvis varen ikke er tilg\u00e6ngelig, bedes du kontakte os: shop@nbg.eu eller +359896147790<\/p>\n","protected":false},"featured_media":679440,"template":"","meta":{"_acf_changed":false},"product_brand":[14445],"product_cat":[14678,13110,16066],"product_tag":[],"class_list":{"0":"post-678387","1":"product","2":"type-product","3":"status-publish","4":"has-post-thumbnail","6":"product_brand-nocpix","7":"product_cat-kikkerter","8":"product_cat-termisk","9":"product_cat-thermal-cameras-da","11":"first","12":"instock","13":"taxable","14":"shipping-taxable","15":"purchasable","16":"product-type-simple"},"acf":[],"_links":{"self":[{"href":"https:\/\/nbg.eu\/da\/wp-json\/wp\/v2\/product\/678387","targetHints":{"allow":["GET"]}}],"collection":[{"href":"https:\/\/nbg.eu\/da\/wp-json\/wp\/v2\/product"}],"about":[{"href":"https:\/\/nbg.eu\/da\/wp-json\/wp\/v2\/types\/product"}],"wp:featuredmedia":[{"embeddable":true,"href":"https:\/\/nbg.eu\/da\/wp-json\/wp\/v2\/media\/679440"}],"wp:attachment":[{"href":"https:\/\/nbg.eu\/da\/wp-json\/wp\/v2\/media?parent=678387"}],"wp:term":[{"taxonomy":"product_brand","embeddable":true,"href":"https:\/\/nbg.eu\/da\/wp-json\/wp\/v2\/product_brand?post=678387"},{"taxonomy":"product_cat","embeddable":true,"href":"https:\/\/nbg.eu\/da\/wp-json\/wp\/v2\/product_cat?post=678387"},{"taxonomy":"product_tag","embeddable":true,"href":"https:\/\/nbg.eu\/da\/wp-json\/wp\/v2\/product_tag?post=678387"}],"curies":[{"name":"wp","href":"https:\/\/api.w.org\/{rel}","templated":true}]}}