{"id":679457,"date":"2025-11-18T18:19:37","date_gmt":"2025-11-18T15:19:37","guid":{"rendered":"https:\/\/nbg.eu\/product\/nocpix-quest-h50r-lrf-640x512-netd-15mk\/"},"modified":"2026-04-14T15:48:53","modified_gmt":"2026-04-14T12:48:53","slug":"nocpix-quest-h50r-lrf-640x512-netd-15mk","status":"publish","type":"product","link":"https:\/\/nbg.eu\/da\/vare\/nocpix-quest-h50r-lrf-640x512-netd-15mk\/","title":{"rendered":"Nocpix Termisk Kikkert Quest H50R LRF"},"content":{"rendered":"<h2>Nocpix Quest H50R LRF 640&#215;512 NETD \u226415mK<\/h2>\n<p>QUEST er let og b\u00e6rbar og tilbyder en detektionsr\u00e6kkevidde p\u00e5 op til 2600m og en indbygget skjult LRF med en r\u00e6kkevidde p\u00e5 1000m for bedre n\u00f8jagtighed og synlighed. Dens traditionelle kikkert-design har et fuldt gummicover og IP67-klassificering for holdbarhed og komfort under h\u00e5rde forhold. Udstyret med en h\u00f8jydende 640&#215;512-sensor (NETD \u226415mK, 60Hz) giver QUEST fremragende billedklarhed, overlegen termisk f\u00f8lsomhed og problemfri drift i udfordrende milj\u00f8er.<\/p>\n<h2>Termisk sensor<\/h2>\n<p>Nocpix QUEST har R+ billedforbedringsteknik for overlegen klarhed og pr\u00e6cision, kombineret med et 1920&#215;1200 AMOLED-display for en immersiv og \u00f8jenm\u00e6ssig behagelig visningsoplevelse.<\/p>\n<h2>Overlegen sensor sikrer excellence<\/h2>\n<p>Nocpix QUEST er udstyret med en h\u00f8jydende sensor (640&#215;512@12\u00b5m), som giver fremragende billedklarhed. Med NETD \u226415mK og 60Hz billedfrekvens giver den overlegen termisk f\u00f8lsomhed og leverer klare og visuelle billeder selv i de mest udfordrende milj\u00f8er.<\/p>\n<h2>Kraftfulde detektionsmuligheder<\/h2>\n<p>Nocpix QUEST har en detektionsr\u00e6kkevidde p\u00e5 op til 2600 m og en indbygget skjult LRF med en r\u00e6kkevidde p\u00e5 op til 1000 m, s\u00e5 du kan se l\u00e6ngere og mere n\u00f8jagtigt end nogensinde f\u00f8r. Den underst\u00f8tter ogs\u00e5 ballistiske beregninger og giver dataunderst\u00f8ttelse til samarbejdsjagt.<\/p>\n<h2>Betjening med \u00e9n h\u00e5nd<\/h2>\n<p>Nocpix QUEST tilbyder ergonomisk, skridsikker h\u00e5ndtering med en forenklet 4-knaps layout og centralt placerede scrollhjul for nem betjening med \u00e9n h\u00e5nd og et sikkert greb under alle forhold.<\/p>\n<h2>Let og b\u00e6rbar<\/h2>\n<p>QUEST vejer kun 700g og inkluderer en specialdesignet b\u00e6retaske, hvilket g\u00f8r den let at transportere og bekvem til udend\u00f8rsaktiviteter som jagt og udforskning.<\/p>\n<h2>Elimin\u00e9r bekymring for str\u00f8m<\/h2>\n<p>QUEST-serien har et dobbelt batterisystem med et indbygget og udskifteligt 18650-batteri, hvilket sikrer problemfri udskiftning og kontinuerlig brug under dit eventyr.<\/p>\n<h2>Den traditionelle kikkert-oplevelse<\/h2>\n<p>QUEST har et traditionelt kikkert-design med en sofistikeret, helt gummibekl\u00e6dt overflade og IP67-klassificering for vand- og st\u00f8vmodstand, hvilket sikrer b\u00e5de holdbarhed og generel komfort.<\/p>\n","protected":false},"excerpt":{"rendered":"<p>Nocpix Quest H50R LRF 640&#215;512 NETD &lt;15mK: Lettv\u00e6gts, b\u00e6rbar termisk kikkert med 2600m detektionsr\u00e6kkevidde, 1000m LRF og en overlegen 640&#215;512 sensor.<br \/>\nHvis varen ikke er tilg\u00e6ngelig, bedes du kontakte os: shop@nbg.eu eller +359896147790<\/p>\n","protected":false},"featured_media":680347,"template":"","meta":{"_acf_changed":false},"product_brand":[14445],"product_cat":[14678,13110,16066],"product_tag":[],"class_list":{"0":"post-679457","1":"product","2":"type-product","3":"status-publish","4":"has-post-thumbnail","6":"product_brand-nocpix","7":"product_cat-kikkerter","8":"product_cat-termisk","9":"product_cat-thermal-cameras-da","11":"first","12":"instock","13":"taxable","14":"shipping-taxable","15":"purchasable","16":"product-type-simple"},"acf":[],"_links":{"self":[{"href":"https:\/\/nbg.eu\/da\/wp-json\/wp\/v2\/product\/679457","targetHints":{"allow":["GET"]}}],"collection":[{"href":"https:\/\/nbg.eu\/da\/wp-json\/wp\/v2\/product"}],"about":[{"href":"https:\/\/nbg.eu\/da\/wp-json\/wp\/v2\/types\/product"}],"wp:featuredmedia":[{"embeddable":true,"href":"https:\/\/nbg.eu\/da\/wp-json\/wp\/v2\/media\/680347"}],"wp:attachment":[{"href":"https:\/\/nbg.eu\/da\/wp-json\/wp\/v2\/media?parent=679457"}],"wp:term":[{"taxonomy":"product_brand","embeddable":true,"href":"https:\/\/nbg.eu\/da\/wp-json\/wp\/v2\/product_brand?post=679457"},{"taxonomy":"product_cat","embeddable":true,"href":"https:\/\/nbg.eu\/da\/wp-json\/wp\/v2\/product_cat?post=679457"},{"taxonomy":"product_tag","embeddable":true,"href":"https:\/\/nbg.eu\/da\/wp-json\/wp\/v2\/product_tag?post=679457"}],"curies":[{"name":"wp","href":"https:\/\/api.w.org\/{rel}","templated":true}]}}