{"id":681059,"date":"2025-12-17T14:06:52","date_gmt":"2025-12-17T11:06:52","guid":{"rendered":"https:\/\/nbg.eu\/product\/manly-peak-g10-sort-cpm-s90v\/"},"modified":"2026-01-21T11:41:29","modified_gmt":"2026-01-21T08:41:29","slug":"manly-peak-g10-sort-cpm-s90v","status":"publish","type":"product","link":"https:\/\/nbg.eu\/da\/vare\/manly-peak-g10-sort-cpm-s90v\/","title":{"rendered":"Manly PEAK G10 SORT CPM S90V"},"content":{"rendered":"<h2>Manly PEAK G10 BLACK CPM S90V &#8211; Enest\u00e5ende \u00e9n-h\u00e5ndsfoldbar kniv<\/h2>\n<p>Oplev den enest\u00e5ende Manly PEAK G10 BLACK CPM S90V foldbare kniv, et unikt og alsidigt v\u00e6rkt\u00f8j designet til en r\u00e6kke aktiviteter. I mods\u00e6tning til Comrade-modellen har denne kniv et flot design, der g\u00f8r den til en perfekt f\u00f8lgesvend for enhver opgave.<\/p>\n<p>Tilg\u00e6ngelig i to forskellige versioner tilbyder PEAK bekvemmeligheden af \u00e9n-h\u00e5ndets eller to-h\u00e5ndets \u00e5bning, alt efter dine personlige pr\u00e6ferencer. Fremstillet med pr\u00e6cision har bladet et h\u00f8jydelses CPM S90V-st\u00e5l, hvilket sikrer enest\u00e5ende \u00e6ggeholde-evne og korrosionsbestandighed.<\/p>\n<p>Det holdbare G10-h\u00e5ndtag giver et sikkert og behageligt greb, hvilket g\u00f8r PEAK til et p\u00e5lideligt valg til daglig brug eller udend\u00f8rsaktiviteter. Med tommelfingerhuller og manuel Backlock-mekanisme tilbyder denne kniv en smidig \u00e9n-h\u00e5ndets betjening, s\u00e5 du kan udf\u00f8re dine opgaver uden besv\u00e6r.<\/p>\n<p>Med en v\u00e6gt p\u00e5 kun 115 gram er PEAK et let, men robust v\u00e6rkt\u00f8j, der ikke vil tynge dig ned. Uanset om du er en friluftsentusiast, en taktisk operat\u00f8r eller blot s\u00f8ger en alsidig og veldesignet foldbar kniv, er Manly PEAK G10 BLACK CPM S90V svaret.<\/p>\n","protected":false},"excerpt":{"rendered":"<p>PEAK CPM S90V sort enkeltklinge-kniv, fremragende design til alle aktiviteter.<\/p>\n","protected":false},"featured_media":681137,"template":"","meta":{"_acf_changed":false},"product_brand":[15076],"product_cat":[13124,15383,15363],"product_tag":[],"class_list":{"0":"post-681059","1":"product","2":"type-product","3":"status-publish","4":"has-post-thumbnail","6":"product_brand-manly-knives","7":"product_cat-edc","8":"product_cat-folding-knives-da","9":"product_cat-knives-da","11":"first","12":"outofstock","13":"taxable","14":"shipping-taxable","15":"purchasable","16":"product-type-simple"},"acf":[],"_links":{"self":[{"href":"https:\/\/nbg.eu\/da\/wp-json\/wp\/v2\/product\/681059","targetHints":{"allow":["GET"]}}],"collection":[{"href":"https:\/\/nbg.eu\/da\/wp-json\/wp\/v2\/product"}],"about":[{"href":"https:\/\/nbg.eu\/da\/wp-json\/wp\/v2\/types\/product"}],"wp:featuredmedia":[{"embeddable":true,"href":"https:\/\/nbg.eu\/da\/wp-json\/wp\/v2\/media\/681137"}],"wp:attachment":[{"href":"https:\/\/nbg.eu\/da\/wp-json\/wp\/v2\/media?parent=681059"}],"wp:term":[{"taxonomy":"product_brand","embeddable":true,"href":"https:\/\/nbg.eu\/da\/wp-json\/wp\/v2\/product_brand?post=681059"},{"taxonomy":"product_cat","embeddable":true,"href":"https:\/\/nbg.eu\/da\/wp-json\/wp\/v2\/product_cat?post=681059"},{"taxonomy":"product_tag","embeddable":true,"href":"https:\/\/nbg.eu\/da\/wp-json\/wp\/v2\/product_tag?post=681059"}],"curies":[{"name":"wp","href":"https:\/\/api.w.org\/{rel}","templated":true}]}}