{"id":681152,"date":"2026-01-08T18:14:00","date_gmt":"2026-01-08T15:14:00","guid":{"rendered":"https:\/\/nbg.eu\/product\/manly-peak-black-14c28n\/"},"modified":"2026-01-21T11:41:25","modified_gmt":"2026-01-21T08:41:25","slug":"manly-peak-black-14c28n","status":"publish","type":"product","link":"https:\/\/nbg.eu\/da\/vare\/manly-peak-black-14c28n\/","title":{"rendered":"Manly PEAK BLACK 14C28N"},"content":{"rendered":"<h2>Manly PEAK BLACK 14C28N \u2013 Den kvintessensielle, daglige n\u00f8glepung<\/h2>\n<p>I forl\u00e6ngelse af Manly-traditionen med at levere overkommelige, kvalitetspunge, er PEAK \u2013 14C28N Black (One Hand) epitomen p\u00e5 alsidighed og praktisk anvendelighed. Fremstillet med pr\u00e6cision, har denne foldekniv et 14C28N svensk st\u00e5lblad og et G10-h\u00e5ndtag, der sikrer et holdbart og p\u00e5lidelig sk\u00e6reredskab til daglige opgaver.<\/p>\n<p>Designet til brug med begge h\u00e6nder, g\u00f8r det reversible clip det let at f\u00e5 adgang med venstre eller h\u00f8jre h\u00e5nd, og g\u00f8r den til den perfekte ledsager, uanset om du er h\u00f8jre- eller venstreh\u00e5ndet. L\u00e5semekanismen giver en sikker og p\u00e5lidelig l\u00e5sning, s\u00e5 bladet forbliver p\u00e5 plads under brug.<\/p>\n<p>Med en samlet l\u00e6ngde p\u00e5 22 cm og en bladl\u00e6ngde p\u00e5 9,4 cm, tilbyder PEAK \u2013 14C28N Black (One Hand) en behagelig og h\u00e5ndterbar st\u00f8rrelse, der er perfekt til en bred vifte af anvendelser, fra udend\u00f8rsaktiviteter til daglige nytteopgaver. Med sine 115g opn\u00e5r kniven den perfekte balance mellem tyngde og b\u00e6rbarhed, hvilket g\u00f8r den til et p\u00e5lideligt og alsidigt valg til din daglige n\u00f8glepung.<\/p>\n<p>Med et satin-finish 14C28N-blad og et elegant sort G10-h\u00e5ndtag, yder PEAK \u2013 14C28N Black (One Hand) ikke blot en fremragende ydeevne, men har ogs\u00e5 et stilfuldt og moderne udtryk, der vil komplimentere enhver personlig stil. Uanset om du er en eventyrlysten udend\u00f8rsentusiast, en h\u00e5ndv\u00e6rker eller blot en, der s\u00e6tter pris p\u00e5 et vellavet redskab, er Manly PEAK \u2013 14C28N Black (One Hand) det perfekte supplement til din daglige n\u00f8glepung.<\/p>\n","protected":false},"excerpt":{"rendered":"<p>Manly PEAK BLACK 14C28N &#8211; Overkommelig lommekniv med 14C28N svensk st\u00e5l, vendbar clip og back lock.<\/p>\n","protected":false},"featured_media":685037,"template":"","meta":{"_acf_changed":false},"product_brand":[15076],"product_cat":[13124],"product_tag":[],"class_list":{"0":"post-681152","1":"product","2":"type-product","3":"status-publish","4":"has-post-thumbnail","6":"product_brand-manly-knives","7":"product_cat-edc","9":"first","10":"instock","11":"taxable","12":"shipping-taxable","13":"purchasable","14":"product-type-simple"},"acf":[],"_links":{"self":[{"href":"https:\/\/nbg.eu\/da\/wp-json\/wp\/v2\/product\/681152","targetHints":{"allow":["GET"]}}],"collection":[{"href":"https:\/\/nbg.eu\/da\/wp-json\/wp\/v2\/product"}],"about":[{"href":"https:\/\/nbg.eu\/da\/wp-json\/wp\/v2\/types\/product"}],"wp:featuredmedia":[{"embeddable":true,"href":"https:\/\/nbg.eu\/da\/wp-json\/wp\/v2\/media\/685037"}],"wp:attachment":[{"href":"https:\/\/nbg.eu\/da\/wp-json\/wp\/v2\/media?parent=681152"}],"wp:term":[{"taxonomy":"product_brand","embeddable":true,"href":"https:\/\/nbg.eu\/da\/wp-json\/wp\/v2\/product_brand?post=681152"},{"taxonomy":"product_cat","embeddable":true,"href":"https:\/\/nbg.eu\/da\/wp-json\/wp\/v2\/product_cat?post=681152"},{"taxonomy":"product_tag","embeddable":true,"href":"https:\/\/nbg.eu\/da\/wp-json\/wp\/v2\/product_tag?post=681152"}],"curies":[{"name":"wp","href":"https:\/\/api.w.org\/{rel}","templated":true}]}}