{"id":681297,"date":"2025-12-17T14:50:21","date_gmt":"2025-12-17T11:50:21","guid":{"rendered":"https:\/\/nbg.eu\/product\/manly-patriot-m-green-rwl-34\/"},"modified":"2026-01-21T11:39:47","modified_gmt":"2026-01-21T08:39:47","slug":"manly-patriot-m-green-rwl-34","status":"publish","type":"product","link":"https:\/\/nbg.eu\/da\/vare\/manly-patriot-m-green-rwl-34\/","title":{"rendered":"Manly PATRIOT M.GREEN RWL-34"},"content":{"rendered":"<h2>Manly PATRIOT M.GREEN RWL-34 \u2013 Den alsidige fast klinge kniv til daglig brug<\/h2>\n<p>Med PATRIOT &#8211; RWL-34 Military Green pr\u00e6senterer Manly en fast version af deres popul\u00e6re Comrade foldekniv. N\u00e6sten med de samme dimensioner er PATRIOT det perfekte valg til daglig brug, jagt og camping. Med en satinfinish klinge lavet af premium RWL-34 st\u00e5l kombinerer denne kniv holdbarhed og sk\u00e6reevne. Fremstillet med enten G10 eller valn\u00f8d tr\u00e6h\u00e5ndtag, giver PATRIOT et behageligt og sikkert greb, hvilket sikrer en sikker h\u00e5ndtering i forskellige situationer.<\/p>\n<p>\n","protected":false},"excerpt":{"rendered":"<p>Manly PATRIOT M.GREEN RWL-34 &#8211; Fast klinge milit\u00e6rgr\u00f8n kniv med satin RWL-34 st\u00e5lklinge og G10-h\u00e5ndtag.<\/p>\n","protected":false},"featured_media":681489,"template":"","meta":{"_acf_changed":false},"product_brand":[15076],"product_cat":[2876],"product_tag":[],"class_list":{"0":"post-681297","1":"product","2":"type-product","3":"status-publish","4":"has-post-thumbnail","6":"product_brand-manly-knives","7":"product_cat-rahohvatki","9":"first","10":"instock","11":"taxable","12":"shipping-taxable","13":"purchasable","14":"product-type-simple"},"acf":[],"_links":{"self":[{"href":"https:\/\/nbg.eu\/da\/wp-json\/wp\/v2\/product\/681297","targetHints":{"allow":["GET"]}}],"collection":[{"href":"https:\/\/nbg.eu\/da\/wp-json\/wp\/v2\/product"}],"about":[{"href":"https:\/\/nbg.eu\/da\/wp-json\/wp\/v2\/types\/product"}],"wp:featuredmedia":[{"embeddable":true,"href":"https:\/\/nbg.eu\/da\/wp-json\/wp\/v2\/media\/681489"}],"wp:attachment":[{"href":"https:\/\/nbg.eu\/da\/wp-json\/wp\/v2\/media?parent=681297"}],"wp:term":[{"taxonomy":"product_brand","embeddable":true,"href":"https:\/\/nbg.eu\/da\/wp-json\/wp\/v2\/product_brand?post=681297"},{"taxonomy":"product_cat","embeddable":true,"href":"https:\/\/nbg.eu\/da\/wp-json\/wp\/v2\/product_cat?post=681297"},{"taxonomy":"product_tag","embeddable":true,"href":"https:\/\/nbg.eu\/da\/wp-json\/wp\/v2\/product_tag?post=681297"}],"curies":[{"name":"wp","href":"https:\/\/api.w.org\/{rel}","templated":true}]}}