{"id":681784,"date":"2025-12-17T15:55:16","date_gmt":"2025-12-17T12:55:16","guid":{"rendered":"https:\/\/nbg.eu\/product\/manly-city-orange-cpm-s90v\/"},"modified":"2026-01-21T12:29:09","modified_gmt":"2026-01-21T09:29:09","slug":"manly-city-orange-cpm-s90v","status":"publish","type":"product","link":"https:\/\/nbg.eu\/da\/vare\/manly-city-orange-cpm-s90v\/","title":{"rendered":"Manly City Orange CPM S90V"},"content":{"rendered":"<h2>Manly City CPM S90V &#8211; Hverdagskniv til at b\u00e6re med sig<\/h2>\n<p>Som navnet antyder, er Manly City CPM S90V en bem\u00e6rkelsesv\u00e6rdig hverdagskniv til brug i byen. Den kommer med Manlys filosofi om at tilbyde brugerne omhyggeligt udvalgte premium-materialer til en rimelig pris. Det fuldfladt slebne blad er lavet af h\u00f8jtydende CPM S90V-st\u00e5l med en Rockwell-h\u00e5rdhed p\u00e5 60-62 HRC, hvilket sikrer en fremragende \u00e6g-bibeholdelse og korrosionsbestandighed.<\/p>\n<p>Designet til brug med begge h\u00e6nder har denne model en vendbar lommereklips og dobbelt pinholdning, hvilket g\u00f8r den egnet til b\u00e5de venstre- og h\u00f8jreh\u00e5ndede brugere. G10-grebet giver et sikkert og komfortabelt greb, mens \u00e5bne- og l\u00e5semekanismen med \u00e9n h\u00e5nd sikrer p\u00e5lidelig betjening.<\/p>\n<p>Med en samlet l\u00e6ngde p\u00e5 17,7 cm og en bladl\u00e6ngde p\u00e5 7,0 cm er Manly City CPM S90V en alsidig hverdagskniv, der kombinerer premium-materialer, fremragende ydeevne og brugervenlige funktioner. Med en v\u00e6gt p\u00e5 kun 95 g er det en lettv\u00e6gts- og let b\u00e6rbar ledsager til en r\u00e6kke hverdagsopgaver.<\/p>\n","protected":false},"excerpt":{"rendered":"<p>Hverdags b\u00e6rbar EDC kniv. CPM S90V st\u00e5lklinge, G10 h\u00e5ndtag, vendbar klemme, egnet til venstre-\/h\u00f8jreh\u00e5ndet brug.<\/p>\n","protected":false},"featured_media":682070,"template":"","meta":{"_acf_changed":false},"product_brand":[15076],"product_cat":[13124],"product_tag":[],"class_list":{"0":"post-681784","1":"product","2":"type-product","3":"status-publish","4":"has-post-thumbnail","6":"product_brand-manly-knives","7":"product_cat-edc","9":"first","10":"instock","11":"taxable","12":"shipping-taxable","13":"purchasable","14":"product-type-simple"},"acf":[],"_links":{"self":[{"href":"https:\/\/nbg.eu\/da\/wp-json\/wp\/v2\/product\/681784","targetHints":{"allow":["GET"]}}],"collection":[{"href":"https:\/\/nbg.eu\/da\/wp-json\/wp\/v2\/product"}],"about":[{"href":"https:\/\/nbg.eu\/da\/wp-json\/wp\/v2\/types\/product"}],"wp:featuredmedia":[{"embeddable":true,"href":"https:\/\/nbg.eu\/da\/wp-json\/wp\/v2\/media\/682070"}],"wp:attachment":[{"href":"https:\/\/nbg.eu\/da\/wp-json\/wp\/v2\/media?parent=681784"}],"wp:term":[{"taxonomy":"product_brand","embeddable":true,"href":"https:\/\/nbg.eu\/da\/wp-json\/wp\/v2\/product_brand?post=681784"},{"taxonomy":"product_cat","embeddable":true,"href":"https:\/\/nbg.eu\/da\/wp-json\/wp\/v2\/product_cat?post=681784"},{"taxonomy":"product_tag","embeddable":true,"href":"https:\/\/nbg.eu\/da\/wp-json\/wp\/v2\/product_tag?post=681784"}],"curies":[{"name":"wp","href":"https:\/\/api.w.org\/{rel}","templated":true}]}}