{"id":682127,"date":"2026-01-08T18:13:52","date_gmt":"2026-01-08T15:13:52","guid":{"rendered":"https:\/\/nbg.eu\/product\/manly-city-militaer-14c28n\/"},"modified":"2026-01-21T11:41:31","modified_gmt":"2026-01-21T08:41:31","slug":"manly-city-militaer-14c28n","status":"publish","type":"product","link":"https:\/\/nbg.eu\/da\/vare\/manly-city-militaer-14c28n\/","title":{"rendered":"Manly City Milit\u00e6r 14C28N"},"content":{"rendered":"<h2>Manly City Military 14C28N: Den eksceptionelle, daglige kniv<\/h2>\n<p>Manly City Military 14C28N er en eksceptionel daglig bynkniv, der afspejler vores filosofi om at tilbyde n\u00f8je udvalgte prim\u00e6re materialer til en rimelig pris. Med en fuldflad klinge lavet af Sandvik 14C28N-st\u00e5l er denne model designet til alsidighed og bekvemmelighed.<\/p>\n<p>Med en vendbar clips og dobbelt pinposition er Manly City Military 14C28N velegnet til b\u00e5de venstre- og h\u00f8jreh\u00e5ndede brugere, hvilket sikrer et behageligt og tilpasset greb. G10-h\u00e5ndtagsmaterialet giver et sikkert og holdbart greb, mens den ene-h\u00e5nds-\u00e5bning og l\u00e5semekanismen tilbyder en j\u00e6vn og p\u00e5lidelig betjening.<\/p>\n<p>Tekniske specifikationer:<\/p>\n<ul>\n<li>Model: CITY 14C28N Military Green Flat Handle<\/li>\n<li>Type: Foldbar kniv<\/li>\n<li>Samlet l\u00e6ngde: 17,7 cm<\/li>\n<li>Bladl\u00e6ngde: 7,0 cm<\/li>\n<li>L\u00e6ngde foldet: 10,5 cm<\/li>\n<li>Bladtykkelse: 2,7 mm<\/li>\n<li>V\u00e6gt: 95 g<\/li>\n<li>Bladmateriale: 14C28N<\/li>\n<li>H\u00e5ndtagsmateriale: G10<\/li>\n<li>\u00c5bning: Tommelfingerstiften<\/li>\n<li>\u00c5bning: \u00e9n h\u00e5nd<\/li>\n<li>L\u00e5setype: L\u00e5seryggen<\/li>\n<\/ul>\n","protected":false},"excerpt":{"rendered":"<p>Det Manly City Military 14C28N er en fremragende daglig bybismer fremstillet af Sandvik 14C28N-st\u00e5l og G10-h\u00e5ndtag, der egner sig til venstre- og h\u00f8jreh\u00e5ndede brugere.<\/p>\n","protected":false},"featured_media":682286,"template":"","meta":{"_acf_changed":false},"product_brand":[15076],"product_cat":[13124],"product_tag":[],"class_list":{"0":"post-682127","1":"product","2":"type-product","3":"status-publish","4":"has-post-thumbnail","6":"product_brand-manly-knives","7":"product_cat-edc","9":"first","10":"instock","11":"taxable","12":"shipping-taxable","13":"purchasable","14":"product-type-simple"},"acf":[],"_links":{"self":[{"href":"https:\/\/nbg.eu\/da\/wp-json\/wp\/v2\/product\/682127","targetHints":{"allow":["GET"]}}],"collection":[{"href":"https:\/\/nbg.eu\/da\/wp-json\/wp\/v2\/product"}],"about":[{"href":"https:\/\/nbg.eu\/da\/wp-json\/wp\/v2\/types\/product"}],"wp:featuredmedia":[{"embeddable":true,"href":"https:\/\/nbg.eu\/da\/wp-json\/wp\/v2\/media\/682286"}],"wp:attachment":[{"href":"https:\/\/nbg.eu\/da\/wp-json\/wp\/v2\/media?parent=682127"}],"wp:term":[{"taxonomy":"product_brand","embeddable":true,"href":"https:\/\/nbg.eu\/da\/wp-json\/wp\/v2\/product_brand?post=682127"},{"taxonomy":"product_cat","embeddable":true,"href":"https:\/\/nbg.eu\/da\/wp-json\/wp\/v2\/product_cat?post=682127"},{"taxonomy":"product_tag","embeddable":true,"href":"https:\/\/nbg.eu\/da\/wp-json\/wp\/v2\/product_tag?post=682127"}],"curies":[{"name":"wp","href":"https:\/\/api.w.org\/{rel}","templated":true}]}}