{"id":682340,"date":"2026-01-09T22:09:00","date_gmt":"2026-01-09T19:09:00","guid":{"rendered":"https:\/\/nbg.eu\/product\/manly-by-g10-sort-s90v\/"},"modified":"2026-01-21T12:28:45","modified_gmt":"2026-01-21T09:28:45","slug":"manly-by-g10-sort-s90v","status":"publish","type":"product","link":"https:\/\/nbg.eu\/da\/vare\/manly-by-g10-sort-s90v\/","title":{"rendered":"Manly By G10 Sort S90V"},"content":{"rendered":"<h2>Manly City G10 Sort S90V: Fremragende hverdagskniv<\/h2>\n<p>Som navnet antyder, er Manly City G10 Sort S90V en fremragende hverdagskniv til byens brug. Fremstillet med vores filosofi om at tilbyde brugerne n\u00f8je udvalgte premium-materialer til en rimelig pris, har denne foldekniv et fuldfladt blad af CPM S90V-st\u00e5l med en Rockwell-h\u00e5rdhed p\u00e5 60-62 HRC.Dens vendbare lommeklip og dual pin-position g\u00f8r den perfekt egnet til b\u00e5de venstre- og h\u00f8jreh\u00e5ndede brugere.<\/p>\n<p>Med en samlet l\u00e6ngde p\u00e5 17,7 cm, et 7,0 cm langt blad og en foldet l\u00e6ngde p\u00e5 10,5 cm har denne kniv et 2,7 mm tykt blad og vejer kun 95 g. H\u00e5ndtaget er lavet af holdbart 3D G10-materiale, og kniven kan \u00e5bnes med en tommelfingerstift ved hj\u00e6lp af en h\u00e5nd. En robust l\u00e5semekanisme sikrer en sikker og p\u00e5lidelig bladudfoldelse.<\/p>\n<p>Tilg\u00e6ngelig i en elegant sort farve er Manly City G10 Sort S90V den perfekte hverdagsledsager, der kombinerer premium-ydelse og kvalitetskonstruktion til en tilg\u00e6ngelig pris.<\/p>\n","protected":false},"excerpt":{"rendered":"<p>Den enest\u00e5ende hverdagskniv til brug i byen med CPM S90V-blad, 3D G10-h\u00e5ndtag og vendbar clip.<\/p>\n","protected":false},"featured_media":682359,"template":"","meta":{"_acf_changed":false},"product_brand":[15076],"product_cat":[13124,15383,15363],"product_tag":[],"class_list":{"0":"post-682340","1":"product","2":"type-product","3":"status-publish","4":"has-post-thumbnail","6":"product_brand-manly-knives","7":"product_cat-edc","8":"product_cat-folding-knives-da","9":"product_cat-knives-da","11":"first","12":"outofstock","13":"taxable","14":"shipping-taxable","15":"purchasable","16":"product-type-simple"},"acf":[],"_links":{"self":[{"href":"https:\/\/nbg.eu\/da\/wp-json\/wp\/v2\/product\/682340","targetHints":{"allow":["GET"]}}],"collection":[{"href":"https:\/\/nbg.eu\/da\/wp-json\/wp\/v2\/product"}],"about":[{"href":"https:\/\/nbg.eu\/da\/wp-json\/wp\/v2\/types\/product"}],"wp:featuredmedia":[{"embeddable":true,"href":"https:\/\/nbg.eu\/da\/wp-json\/wp\/v2\/media\/682359"}],"wp:attachment":[{"href":"https:\/\/nbg.eu\/da\/wp-json\/wp\/v2\/media?parent=682340"}],"wp:term":[{"taxonomy":"product_brand","embeddable":true,"href":"https:\/\/nbg.eu\/da\/wp-json\/wp\/v2\/product_brand?post=682340"},{"taxonomy":"product_cat","embeddable":true,"href":"https:\/\/nbg.eu\/da\/wp-json\/wp\/v2\/product_cat?post=682340"},{"taxonomy":"product_tag","embeddable":true,"href":"https:\/\/nbg.eu\/da\/wp-json\/wp\/v2\/product_tag?post=682340"}],"curies":[{"name":"wp","href":"https:\/\/api.w.org\/{rel}","templated":true}]}}