{"id":682595,"date":"2026-01-09T22:08:59","date_gmt":"2026-01-09T19:08:59","guid":{"rendered":"https:\/\/nbg.eu\/product\/manly-city-black-14c28n\/"},"modified":"2026-01-21T12:29:38","modified_gmt":"2026-01-21T09:29:38","slug":"manly-city-black-14c28n","status":"publish","type":"product","link":"https:\/\/nbg.eu\/da\/vare\/manly-city-black-14c28n\/","title":{"rendered":"Manly City Black 14C28N"},"content":{"rendered":"<h2>Manly City Black 14C28N: En fremragende hverdags bykniv<\/h2>\n<p>Manly City Black 14C28N er en fremragende hverdags bykniv, som afspejler vores filosofi om at tilbyde brugere omhyggeligt udvalgte prim\u00e6re materialer til en rimelig pris. Med et fuldfladt blad lavet af holdbart Sandvik 14C28N-st\u00e5l er denne foldekniv designet til at v\u00e6re en p\u00e5lidelig ledsager til hverdagens opgaver.<\/p>\n<p>Med en samlet l\u00e6ngde p\u00e5 17,7 cm og et bladl\u00e6ngde p\u00e5 7,0 cm er Manly City Black 14C28N en kompakt og alsidig v\u00e6rkt\u00f8j. N\u00e5r den er foldet, m\u00e5ler den 10,5 cm, hvilket g\u00f8r den let at b\u00e6re og opbevare. Bladtykkelsen p\u00e5 2,7 mm og den samlede v\u00e6gt p\u00e5 95 g sikrer en afbalanceret og behagelig h\u00e5ndteringsoplevelse.<\/p>\n<p>En af de fremtr\u00e6dende funktioner ved denne kniv erdens vendbare clip, som g\u00f8r den egnet til b\u00e5de venstre- og h\u00f8jreh\u00e5ndede brugere. H\u00e5ndtaget er lavet af holdbart G10-materiale, hvilket giver et sikkert og skridsikkert greb, selv under v\u00e5de eller kr\u00e6vende forhold.<\/p>\n<p>Udstyret med en todelt \u00e5bningsmekanisme og en p\u00e5lidelig l\u00e5semekanisme, tilbyder Manly City Black 14C28N sikker og stabil betjening, s\u00e5 dine sk\u00e6reaktiviteter udf\u00f8res med tillid og pr\u00e6cision. Det slanke, sorte farvevalg tilf\u00f8jer kniven et moderne og sofistikeret udtryk, hvilket g\u00f8r den til et stilfuldt valg til hverdagsbrug.<\/p>\n","protected":false},"excerpt":{"rendered":"<p>Den Manly City Black 14C28N er en fremragende hverdagskniv til byen med et fuldt fladt Sandvik 14C28N-st\u00e5ls blad og et vendbart clips, der kan bruges af b\u00e5de venstre- og h\u00f8jreh\u00e5ndede.<\/p>\n","protected":false},"featured_media":682727,"template":"","meta":{"_acf_changed":false},"product_brand":[15076],"product_cat":[13124,15383,15363],"product_tag":[],"class_list":{"0":"post-682595","1":"product","2":"type-product","3":"status-publish","4":"has-post-thumbnail","6":"product_brand-manly-knives","7":"product_cat-edc","8":"product_cat-folding-knives-da","9":"product_cat-knives-da","11":"first","12":"instock","13":"taxable","14":"shipping-taxable","15":"purchasable","16":"product-type-simple"},"acf":[],"_links":{"self":[{"href":"https:\/\/nbg.eu\/da\/wp-json\/wp\/v2\/product\/682595","targetHints":{"allow":["GET"]}}],"collection":[{"href":"https:\/\/nbg.eu\/da\/wp-json\/wp\/v2\/product"}],"about":[{"href":"https:\/\/nbg.eu\/da\/wp-json\/wp\/v2\/types\/product"}],"wp:featuredmedia":[{"embeddable":true,"href":"https:\/\/nbg.eu\/da\/wp-json\/wp\/v2\/media\/682727"}],"wp:attachment":[{"href":"https:\/\/nbg.eu\/da\/wp-json\/wp\/v2\/media?parent=682595"}],"wp:term":[{"taxonomy":"product_brand","embeddable":true,"href":"https:\/\/nbg.eu\/da\/wp-json\/wp\/v2\/product_brand?post=682595"},{"taxonomy":"product_cat","embeddable":true,"href":"https:\/\/nbg.eu\/da\/wp-json\/wp\/v2\/product_cat?post=682595"},{"taxonomy":"product_tag","embeddable":true,"href":"https:\/\/nbg.eu\/da\/wp-json\/wp\/v2\/product_tag?post=682595"}],"curies":[{"name":"wp","href":"https:\/\/api.w.org\/{rel}","templated":true}]}}