{"id":682901,"date":"2026-01-08T18:15:12","date_gmt":"2026-01-08T15:15:12","guid":{"rendered":"https:\/\/nbg.eu\/product\/manly-blaze-valnoed-trae-rwl-34\/"},"modified":"2026-01-21T12:28:44","modified_gmt":"2026-01-21T09:28:44","slug":"manly-blaze-valnoed-trae-rwl-34","status":"publish","type":"product","link":"https:\/\/nbg.eu\/da\/vare\/manly-blaze-valnoed-trae-rwl-34\/","title":{"rendered":"Manly Blaze Valn\u00f8d tr\u00e6 RWL-34"},"content":{"rendered":"<h2>Blaze RWL-34 Valn\u00f8d: Den ideelle Bushcraft-kniv<\/h2>\n<p>Med sin fastmonterede klinge og fuld tang-konstruktion er Blaze RWL-34 Valn\u00f8d det ultimative valg for p\u00e5lidelig ydelse i det store udeliv. Fremstillet med pr\u00e6cision og omhyggelighed er denne kniv den perfekte ledsager for dine camping-, fiske- eller bjergbestigningsoplevelser.<\/p>\n<p>H\u00e5ndtaget er fremstillet af bulgarske valn\u00f8dder og giver et behageligt og sikkert greb, selv under de h\u00e5rdeste forhold. Uanset om du har brug for at sk\u00e6re gennem t\u00e6t vegetation, tilberede dit fangst eller udf\u00f8re vigtige overlevelsesopgaver, er Blaze RWL-34 Valn\u00f8d klar til udfordringen.<\/p>\n<p>Med en 4 mm tyk klinge af premium RWL-34-st\u00e5l har denne kniv en sk\u00e6rh\u00e5rdhed p\u00e5 62 HRC, hvilket sikrer fremragende holdbarhed og kantholden. Med en samlet l\u00e6ngde p\u00e5 24,5 cm og en klingel\u00e6ngde p\u00e5 11,9 cm giver Blaze RWL-34 Valn\u00f8d den perfekte balance mellem st\u00f8rrelse og man\u00f8vredygtighed.<\/p>\n<p>Med en v\u00e6gt p\u00e5 kun 210 gram er denne kniv let at b\u00e6re og vil ikke tynge dig ned, hvilket g\u00f8r den til den perfekte ledsager til dine udend\u00f8rsekskursioner. Det medf\u00f8lgende l\u00e6derhylster tilf\u00f8jer et ekstra lag af beskyttelse og bekvemmelighed, s\u00e5 du kan holde din Blaze RWL-34 Valn\u00f8d t\u00e6t ved h\u00e5nden.<\/p>\n","protected":false},"excerpt":{"rendered":"<p>Blaze RWL-34 Valn\u00f8d &#8211; den ideelle Bushcraft-kniv med valn\u00f8dsh\u00e5ndtag og 62 HRC-klinge.<\/p>\n","protected":false},"featured_media":683217,"template":"","meta":{"_acf_changed":false},"product_brand":[15076],"product_cat":[15363],"product_tag":[],"class_list":{"0":"post-682901","1":"product","2":"type-product","3":"status-publish","4":"has-post-thumbnail","6":"product_brand-manly-knives","7":"product_cat-knives-da","9":"first","10":"instock","11":"taxable","12":"shipping-taxable","13":"purchasable","14":"product-type-simple"},"acf":[],"_links":{"self":[{"href":"https:\/\/nbg.eu\/da\/wp-json\/wp\/v2\/product\/682901","targetHints":{"allow":["GET"]}}],"collection":[{"href":"https:\/\/nbg.eu\/da\/wp-json\/wp\/v2\/product"}],"about":[{"href":"https:\/\/nbg.eu\/da\/wp-json\/wp\/v2\/types\/product"}],"wp:featuredmedia":[{"embeddable":true,"href":"https:\/\/nbg.eu\/da\/wp-json\/wp\/v2\/media\/683217"}],"wp:attachment":[{"href":"https:\/\/nbg.eu\/da\/wp-json\/wp\/v2\/media?parent=682901"}],"wp:term":[{"taxonomy":"product_brand","embeddable":true,"href":"https:\/\/nbg.eu\/da\/wp-json\/wp\/v2\/product_brand?post=682901"},{"taxonomy":"product_cat","embeddable":true,"href":"https:\/\/nbg.eu\/da\/wp-json\/wp\/v2\/product_cat?post=682901"},{"taxonomy":"product_tag","embeddable":true,"href":"https:\/\/nbg.eu\/da\/wp-json\/wp\/v2\/product_tag?post=682901"}],"curies":[{"name":"wp","href":"https:\/\/api.w.org\/{rel}","templated":true}]}}