{"id":683276,"date":"2025-12-17T17:30:35","date_gmt":"2025-12-17T14:30:35","guid":{"rendered":"https:\/\/nbg.eu\/product\/manly-blaze-sort-g10-rwl-34\/"},"modified":"2026-01-21T11:41:30","modified_gmt":"2026-01-21T08:41:30","slug":"manly-blaze-sort-g10-rwl-34","status":"publish","type":"product","link":"https:\/\/nbg.eu\/da\/vare\/manly-blaze-sort-g10-rwl-34\/","title":{"rendered":"Manly Blaze Sort G10 RWL-34"},"content":{"rendered":"<h2>Manly Blaze Sort G10 RWL-34 &#8211; Det ultimative Bushcraft kniv<\/h2>\n<p>Blaze RWL-34 Sort er det perfekte Bushcraft kniv. Med et fastmonteret blad og fuldt tang konstruktion + overlegen RWL-34 pulverst\u00e5ls kvalitet, er denne knivs holdbarhed garanteret. H\u00e5ndtaget er lavet af sort tekstureret G10, som er resistent over for korrosion. Kniven kan nemt fjernes fra skeden (lavet af kydex) med en enkel h\u00e5ndbev\u00e6gelse, og b\u00e6ltef\u00e6stet kan monteres vandret eller lodret.<\/p>\n<p>Hvis du har brug for en p\u00e5lidelig kniv i bjergene, ved campingture eller p\u00e5 fisketur, er Blaze kniven for dig.<\/p>\n<h2>Tekniske specifikationer<\/h2>\n<p>Navn: Blaze \u2013 RWL-34 Sort<br \/>\nType: Fastmonteret blad<br \/>\nSamlet l\u00e6ngde: 24,5 cm<br \/>\nBladl\u00e6ngde: 11,9 cm<br \/>\nBladtykkelse: 4 mm<br \/>\nSk\u00e6rpet h\u00e5rdhed: 62 hrc<br \/>\nV\u00e6gt: 210g<br \/>\nBladmateriale: RWL-34<br \/>\nH\u00e5ndtagsmateriale: G10<br \/>\nSkededmateriale: Kydex<\/p>\n","protected":false},"excerpt":{"rendered":"<p>Blaze RWL-34 Sort: den perfekte Bushcraft-kniv med fast blad, hel tang og RWL-34-pulverst\u00e5l.<\/p>\n","protected":false},"featured_media":683324,"template":"","meta":{"_acf_changed":false},"product_brand":[15076],"product_cat":[2876],"product_tag":[],"class_list":{"0":"post-683276","1":"product","2":"type-product","3":"status-publish","4":"has-post-thumbnail","6":"product_brand-manly-knives","7":"product_cat-rahohvatki","9":"first","10":"instock","11":"taxable","12":"shipping-taxable","13":"purchasable","14":"product-type-simple"},"acf":[],"_links":{"self":[{"href":"https:\/\/nbg.eu\/da\/wp-json\/wp\/v2\/product\/683276","targetHints":{"allow":["GET"]}}],"collection":[{"href":"https:\/\/nbg.eu\/da\/wp-json\/wp\/v2\/product"}],"about":[{"href":"https:\/\/nbg.eu\/da\/wp-json\/wp\/v2\/types\/product"}],"wp:featuredmedia":[{"embeddable":true,"href":"https:\/\/nbg.eu\/da\/wp-json\/wp\/v2\/media\/683324"}],"wp:attachment":[{"href":"https:\/\/nbg.eu\/da\/wp-json\/wp\/v2\/media?parent=683276"}],"wp:term":[{"taxonomy":"product_brand","embeddable":true,"href":"https:\/\/nbg.eu\/da\/wp-json\/wp\/v2\/product_brand?post=683276"},{"taxonomy":"product_cat","embeddable":true,"href":"https:\/\/nbg.eu\/da\/wp-json\/wp\/v2\/product_cat?post=683276"},{"taxonomy":"product_tag","embeddable":true,"href":"https:\/\/nbg.eu\/da\/wp-json\/wp\/v2\/product_tag?post=683276"}],"curies":[{"name":"wp","href":"https:\/\/api.w.org\/{rel}","templated":true}]}}