{"id":683355,"date":"2025-12-17T17:40:13","date_gmt":"2025-12-17T14:40:13","guid":{"rendered":"https:\/\/nbg.eu\/product\/mandig-blaze-sort-g10-d2\/"},"modified":"2026-01-21T11:39:01","modified_gmt":"2026-01-21T08:39:01","slug":"mandig-blaze-sort-g10-d2","status":"publish","type":"product","link":"https:\/\/nbg.eu\/da\/vare\/mandig-blaze-sort-g10-d2\/","title":{"rendered":"Mandig Blaze Sort G10 D2"},"content":{"rendered":"<h2>Blaze D2 Sort: Det p\u00e5lidelige bushcraft-kniv til udend\u00f8rs eventyr<\/h2>\n<p>Blaze D2 Sort er det perfekte bushcraft-kniv, designet til robust udend\u00f8rs brug. Med sit fastmonterede blad og fuldst\u00e6ndig tang konstruktion, tilbyder dette kniv en uovertruffen stabilitet og holdbarhed, hvilket sikrer, at det kan klare de h\u00e5rdeste opgaver. Det strukturerede sorte G10-h\u00e5ndtag er korrosionsbestandigt og giver et sikkert greb, selv i v\u00e5de forhold.<\/p>\n<p>Blaze kan nemt fjernes fra dens Kydex-skede med en enkelt h\u00e5nds bev\u00e6gelse, hvilket giver hurtig adgang, n\u00e5r du har brug for det. Det alsidige b\u00e6ltetilbeh\u00f8r kan placeres vandret eller lodret, hvilket g\u00f8r det bekvemt at b\u00e6re p\u00e5 dine eventyr.<\/p>\n<p>Uanset om du st\u00e5r over for udfordringer i vildmarken, campingture eller fiskeri, er Blaze D2 Sort den p\u00e5lidelige ledsager, du kan regne med. Fremstillet med pr\u00e6cision, har dette kniv en sk\u00e6rph\u00e5rdhed p\u00e5 61HRC, hvilket sikrer, at det kan h\u00e5ndtere et bredt udvalg af opgaver med lethed. Med sit 1.2379 (D2) bladmateriale og solide konstruktion er Blaze D2 Sort bygget til at vare, hvilket g\u00f8r det til et uundv\u00e6rligt v\u00e6rkt\u00f8j for enhver udend\u00f8rsentusiast.<\/p>\n","protected":false},"excerpt":{"rendered":"<p>Blaze D2 Sort &#8211; den perfekte Bushcraft-kniv. Tekstureret G10-h\u00e5ndtag, D2-st\u00e5lblad, Kydex-etui.<\/p>\n","protected":false},"featured_media":683410,"template":"","meta":{"_acf_changed":false},"product_brand":[15076],"product_cat":[2876],"product_tag":[],"class_list":{"0":"post-683355","1":"product","2":"type-product","3":"status-publish","4":"has-post-thumbnail","6":"product_brand-manly-knives","7":"product_cat-rahohvatki","9":"first","10":"instock","11":"taxable","12":"shipping-taxable","13":"purchasable","14":"product-type-simple"},"acf":[],"_links":{"self":[{"href":"https:\/\/nbg.eu\/da\/wp-json\/wp\/v2\/product\/683355","targetHints":{"allow":["GET"]}}],"collection":[{"href":"https:\/\/nbg.eu\/da\/wp-json\/wp\/v2\/product"}],"about":[{"href":"https:\/\/nbg.eu\/da\/wp-json\/wp\/v2\/types\/product"}],"wp:featuredmedia":[{"embeddable":true,"href":"https:\/\/nbg.eu\/da\/wp-json\/wp\/v2\/media\/683410"}],"wp:attachment":[{"href":"https:\/\/nbg.eu\/da\/wp-json\/wp\/v2\/media?parent=683355"}],"wp:term":[{"taxonomy":"product_brand","embeddable":true,"href":"https:\/\/nbg.eu\/da\/wp-json\/wp\/v2\/product_brand?post=683355"},{"taxonomy":"product_cat","embeddable":true,"href":"https:\/\/nbg.eu\/da\/wp-json\/wp\/v2\/product_cat?post=683355"},{"taxonomy":"product_tag","embeddable":true,"href":"https:\/\/nbg.eu\/da\/wp-json\/wp\/v2\/product_tag?post=683355"}],"curies":[{"name":"wp","href":"https:\/\/api.w.org\/{rel}","templated":true}]}}