{"id":683440,"date":"2025-12-17T18:06:26","date_gmt":"2025-12-17T15:06:26","guid":{"rendered":"https:\/\/nbg.eu\/product\/nocpix-m6t25s-termisk-bils-kamera-med-intelligent-detektion-af-varme-objekter\/"},"modified":"2026-01-21T11:45:00","modified_gmt":"2026-01-21T08:45:00","slug":"nocpix-m6t25s-termisk-bils-kamera-med-intelligent-detektion-af-varme-objekter","status":"publish","type":"product","link":"https:\/\/nbg.eu\/da\/vare\/nocpix-m6t25s-termisk-bils-kamera-med-intelligent-detektion-af-varme-objekter\/","title":{"rendered":"Nocpix M6T25S Termisk bils kamera med intelligent detektion af varme objekter"},"content":{"rendered":"<h2>Nocpix M6T25S Termokamera til biler med intelligent detektering af varme objekter<\/h2>\n<p>Pr\u00e6senterer Nocpix MT-serien, den innovative domesanner fra Nocpix, der er specielt designet til jagt. Det er dit ideelle valg ikke kun til k\u00f8rsel under jagt, men ogs\u00e5 tilpasningsbar til forskellige jagtteknikker og vaner. Udstyret med avancerede AI-modeller og h\u00f8jydende regnekraft sikrer MT stabil ydeevne selv under k\u00f8rsel og pr\u00e6cis byttedyrdetektering, m\u00e5lerkem\u00e6rkning og sporing, hvilket leverer h\u00f8j billedkvalitet og en fremragende jagtoplevelse.<\/p>\n<h2>AI-intelligent ydeevne<\/h2>\n<p>Drevet af YOLO V5-dybdel\u00e6ringsmodellen og 2T regnekraft er dette system designet til at forbedre din jagtoplevelse. Dybdel\u00e6ringsmodellen, der er tr\u00e6net p\u00e5 et enormt datas\u00e6t, muligg\u00f8r hurtig automatisk genkendelse og sporing af byttedyr med pr\u00e6cise afgr\u00e6nsningsbokse til m\u00e5lmarkering. Dette g\u00f8r hele jagprocessen &#8211; identifikation, m\u00e5lretning og sporing &#8211; meget lettere og mere str\u00f8mlinet og reducerer den indsats, der kr\u00e6ves for at udf\u00f8re hvert trin selv.<\/p>\n<h2>B\u00f8rstel\u00f8s 360\u00b0 panoramaudsigt med 90\u00b0 dykkeomr\u00e5de<\/h2>\n<p>MT tilbyder en bred 360\u00b0 panoramaudsigt med et 90\u00b0 dykkeomr\u00e5de, hvilket giver fuld d\u00e6kning. Dette sikrer komplet, s\u00f8ml\u00f8s sporing af dit bytte uden blinde vinkler.<\/p>\n<h2>Endelig stabilisering<\/h2>\n<p>2-akset stabilisering giver MT evnen til at levere et stabilt billede, automatisk kalibrering retter objektivskift for\u00e5rsaget af bump eller eksterne milj\u00f8faktorer og opretholder en konstant retning.<\/p>\n<h2>Ekstremt stille brugeroplevelse<\/h2>\n<p>M6T25S bruger en b\u00f8rstel\u00f8s motor til 360 graders horisontal rotation og en dynamisk afbalanceringsdesign, hvilket betyder, at den k\u00f8rer ved et lavt decibelniveau under rotation og dykke, s\u00e5 din jagtoplevelse forbliver uforstyrret og behagelig.<\/p>\n<h2>Flere tilslutnings- og terminaldisplaymetoder<\/h2>\n<p>For at im\u00f8dekomme forskellige brugsrutiner og scenarier underst\u00f8ttes to tilslutningsmetoder: kabel og WiFi. Kabeltilslutning giver et relativt mere stabilt billedtransmission, mens WiFi tilbyder en mere bekvem og tr\u00e5dl\u00f8s oplevelse. Realtidsbilledtransmission er tilg\u00e6ngelig p\u00e5 enhver enhed med Nocpix-appen installeret, herunder, men ikke begr\u00e6nset til, iPad, mobiltelefoner osv.<\/p>\n","protected":false},"excerpt":{"rendered":"<p>Nocpix M6T25S termisk bils kamera med intelligent detektion af varme genstande. Intelligent s\u00f8gning, effektiv r\u00e6kkevidde 2300m, fjernbetjening, 2 genopladelige batterier til op til 7 timers drift.<\/p>\n<p>Hvis varen ikke er tilg\u00e6ngelig, bedes du kontakte os: shop@nbg.eu eller +359896147790<\/p>\n","protected":false},"featured_media":683496,"template":"","meta":{"_acf_changed":false},"product_brand":[14445],"product_cat":[13110],"product_tag":[],"class_list":{"0":"post-683440","1":"product","2":"type-product","3":"status-publish","4":"has-post-thumbnail","6":"product_brand-nocpix","7":"product_cat-termisk","9":"first","10":"instock","11":"taxable","12":"shipping-taxable","13":"purchasable","14":"product-type-simple"},"acf":[],"_links":{"self":[{"href":"https:\/\/nbg.eu\/da\/wp-json\/wp\/v2\/product\/683440","targetHints":{"allow":["GET"]}}],"collection":[{"href":"https:\/\/nbg.eu\/da\/wp-json\/wp\/v2\/product"}],"about":[{"href":"https:\/\/nbg.eu\/da\/wp-json\/wp\/v2\/types\/product"}],"wp:featuredmedia":[{"embeddable":true,"href":"https:\/\/nbg.eu\/da\/wp-json\/wp\/v2\/media\/683496"}],"wp:attachment":[{"href":"https:\/\/nbg.eu\/da\/wp-json\/wp\/v2\/media?parent=683440"}],"wp:term":[{"taxonomy":"product_brand","embeddable":true,"href":"https:\/\/nbg.eu\/da\/wp-json\/wp\/v2\/product_brand?post=683440"},{"taxonomy":"product_cat","embeddable":true,"href":"https:\/\/nbg.eu\/da\/wp-json\/wp\/v2\/product_cat?post=683440"},{"taxonomy":"product_tag","embeddable":true,"href":"https:\/\/nbg.eu\/da\/wp-json\/wp\/v2\/product_tag?post=683440"}],"curies":[{"name":"wp","href":"https:\/\/api.w.org\/{rel}","templated":true}]}}