{"id":683639,"date":"2026-01-08T18:14:29","date_gmt":"2026-01-08T15:14:29","guid":{"rendered":"https:\/\/nbg.eu\/product\/termisk-kamera-nocpix-vista-h50-50-mm-12-um-640x512-15-mk-netd\/"},"modified":"2026-04-14T15:48:00","modified_gmt":"2026-04-14T12:48:00","slug":"termisk-kamera-nocpix-vista-h50-50-mm-12-um-640x512-15-mk-netd","status":"publish","type":"product","link":"https:\/\/nbg.eu\/da\/vare\/termisk-kamera-nocpix-vista-h50-50-mm-12-um-640x512-15-mk-netd\/","title":{"rendered":"Nocpix Termisk Kamera VISTA H50"},"content":{"rendered":"<h2>Nocpix VISTA H50 &#8211; Avanceret termisk kamera til dag- og natbrug<\/h2>\n<p>Nocpix VISTA H50 er et avanceret termisk kamera designet til dag- og natbrug. Det leverer enest\u00e5ende billedkvalitet selv under vanskelige vejrforhold som t\u00e5ge, smog og regn og kan registrere m\u00e5l gennem forhindringer som grene, h\u00f8jt gr\u00e6s og t\u00e6t buskads, som normalt begr\u00e6nser synligheden.<\/p>\n<p>VISTA H50 er meget alsidigt og egnet til en r\u00e6kke anvendelser, herunder jagt, sikkerhed, overv\u00e5gning, terr\u00e6nnavigation og s\u00f8g- og redningsoperationer. Dens avancerede termiske teknologi sikrer p\u00e5lidelig ydeevne og leverer klare billeder og n\u00f8jagtige m\u00e5linger i udfordrende milj\u00f8er.<\/p>\n<h2>N\u00f8glespecifikationer:<\/h2>\n<p>Opl\u00f8sning: 640 x 512<br \/>\nPixelst\u00f8rrelse: 12<br \/>\nNETD, mK: \u226415<br \/>\nBilledfrekvens: 50<br \/>\nObjektiv: 50 mm F0,9<br \/>\nSynsfelt: 8,8 x 7,0<br \/>\nSynsfelt (line\u00e6rt): 15 x 12<br \/>\nForst\u00f8rrelse: 4~40<br \/>\nRegistreringsr\u00e6kkevidde: 2600<br \/>\nAfstand fra \u00f8jne: 25<br \/>\nPupildiameter: 8<br \/>\nDiopter: -4 ~ +6<br \/>\nSk\u00e6rmtype: AMOLED<br \/>\nSk\u00e6rmopl\u00f8sning: 2560 x 2560<br \/>\nBatteri: Udskifteligt lithium-ion-batteri IBP-7 \/ 4400mAh<br \/>\nMaks. driftstid: 5,5<br \/>\nWi-Fi\/App: JA<br \/>\nMikrofon: JA<br \/>\nHukommelseskapacitet: 64GB<br \/>\nIP-klassifikation: IP67<br \/>\nMaks. driftstemperatur: -20 ~ +50<br \/>\nV\u00e6gt (ounces): 22,93<br \/>\nV\u00e6gt (g): 650<br \/>\nM\u00e5l (tommer): 7,64 x 2,76 x 3,23<br \/>\nM\u00e5l (mm): 194 x 70 x 82<\/p>\n","protected":false},"excerpt":{"rendered":"<p>Nocpix VISTA H50 er et 640&#215;512 12um termokamera med \u226415mK NETD, 50mm F0.9 objektiv og 2560&#215;2560 AMOLED-sk\u00e6rm.<br \/>\nHvis varen ikke er tilg\u00e6ngelig, bedes du kontakte os: shop@nbg.eu eller +359896147790<\/p>\n","protected":false},"featured_media":683685,"template":"","meta":{"_acf_changed":false},"product_brand":[14445],"product_cat":[13110,16066],"product_tag":[],"class_list":{"0":"post-683639","1":"product","2":"type-product","3":"status-publish","4":"has-post-thumbnail","6":"product_brand-nocpix","7":"product_cat-termisk","8":"product_cat-thermal-cameras-da","10":"first","11":"instock","12":"taxable","13":"shipping-taxable","14":"purchasable","15":"product-type-simple"},"acf":[],"_links":{"self":[{"href":"https:\/\/nbg.eu\/da\/wp-json\/wp\/v2\/product\/683639","targetHints":{"allow":["GET"]}}],"collection":[{"href":"https:\/\/nbg.eu\/da\/wp-json\/wp\/v2\/product"}],"about":[{"href":"https:\/\/nbg.eu\/da\/wp-json\/wp\/v2\/types\/product"}],"wp:featuredmedia":[{"embeddable":true,"href":"https:\/\/nbg.eu\/da\/wp-json\/wp\/v2\/media\/683685"}],"wp:attachment":[{"href":"https:\/\/nbg.eu\/da\/wp-json\/wp\/v2\/media?parent=683639"}],"wp:term":[{"taxonomy":"product_brand","embeddable":true,"href":"https:\/\/nbg.eu\/da\/wp-json\/wp\/v2\/product_brand?post=683639"},{"taxonomy":"product_cat","embeddable":true,"href":"https:\/\/nbg.eu\/da\/wp-json\/wp\/v2\/product_cat?post=683639"},{"taxonomy":"product_tag","embeddable":true,"href":"https:\/\/nbg.eu\/da\/wp-json\/wp\/v2\/product_tag?post=683639"}],"curies":[{"name":"wp","href":"https:\/\/api.w.org\/{rel}","templated":true}]}}