{"id":683733,"date":"2026-01-08T18:13:33","date_gmt":"2026-01-08T15:13:33","guid":{"rendered":"https:\/\/nbg.eu\/product\/termokamera-nocpix-vista-h35-uden-afstandsmaaler-35mm-12um-640x512-15mk-net\/"},"modified":"2026-04-14T15:48:19","modified_gmt":"2026-04-14T12:48:19","slug":"termokamera-nocpix-vista-h35-uden-afstandsmaaler-35mm-12um-640x512-15mk-net","status":"publish","type":"product","link":"https:\/\/nbg.eu\/da\/vare\/termokamera-nocpix-vista-h35-uden-afstandsmaaler-35mm-12um-640x512-15mk-net\/","title":{"rendered":"Nocpix Termisk Kamera VISTA H35"},"content":{"rendered":"<h2>Nocpix VISTA H35 Termisk Monokular &#8211; 35mm 12um 640&#215;512 \u226415mK NET<\/h2>\n<p>Nocpix VISTA H35 er et alsidigt termisk monokular, der er designet til p\u00e5lidelig brug b\u00e5de dag og nat. Denne avancerede enhed tilbyder fremragende termisk billedkvalitet og giver klare og detaljerede billeder selv i udfordrende vejrforhold som t\u00e5ge, smog og regn. Den kan registrere m\u00e5l gennem forhindringer som grene, h\u00f8jt gr\u00e6s og t\u00e6t beplantning, hvilket sikrer effektiv drift i milj\u00f8er, hvor traditionelle optiske instrumenter er utilstr\u00e6kkelige.<\/p>\n<p>Ideel til en r\u00e6kke anvendelser, er VISTA H35 perfekt til jagt, overv\u00e5gning, sikkerhed, terr\u00e6n-navigation og redningsaktioner. Med sin avancerede teknologi og holdbare konstruktion sikrer VISTA H35 pr\u00e6cis registrering og m\u00e5ling under de mest vanskelige forhold.<\/p>\n<h2>Funktioner<\/h2>\n<p>-640\u00d7512 12\u03bcm detektor<br \/>\nNETD\u226415mK<br \/>\n-60Hz h\u00f8j billedfrekvens<br \/>\n-F0.9 linse<br \/>\n-AMOLED 2560\u00d72560 cirkul\u00e6r sk\u00e6rm<br \/>\n-IBP-7 hurtigudskiftelig genopladelig batteri<br \/>\n-Bl\u00f8d digital zoom: 1\u00d7~8\u00d7<br \/>\n-Ultrarens tilstand<br \/>\n-\u00d8jenbeskyttelse med lav lysstyrke, farvepalette og varm farvetone<br \/>\n-Elektronisk billedstabilisering<\/p>\n","protected":false},"excerpt":{"rendered":"<p>Varmekamera Nocpix VISTA H35 uden afstandsm\u00e5ler &#8211; 35mm 12um 640&#215;512 &lt;15mk NET<\/p>\n<p>Hvis varen ikke er tilg\u00e6ngelig, bedes du kontakte os: shop@nbg.eu eller +359896147790<\/p>\n<p>\n","protected":false},"featured_media":683766,"template":"","meta":{"_acf_changed":false},"product_brand":[14445],"product_cat":[13110,16066],"product_tag":[],"class_list":{"0":"post-683733","1":"product","2":"type-product","3":"status-publish","4":"has-post-thumbnail","6":"product_brand-nocpix","7":"product_cat-termisk","8":"product_cat-thermal-cameras-da","10":"first","11":"instock","12":"taxable","13":"shipping-taxable","14":"purchasable","15":"product-type-simple"},"acf":[],"_links":{"self":[{"href":"https:\/\/nbg.eu\/da\/wp-json\/wp\/v2\/product\/683733","targetHints":{"allow":["GET"]}}],"collection":[{"href":"https:\/\/nbg.eu\/da\/wp-json\/wp\/v2\/product"}],"about":[{"href":"https:\/\/nbg.eu\/da\/wp-json\/wp\/v2\/types\/product"}],"wp:featuredmedia":[{"embeddable":true,"href":"https:\/\/nbg.eu\/da\/wp-json\/wp\/v2\/media\/683766"}],"wp:attachment":[{"href":"https:\/\/nbg.eu\/da\/wp-json\/wp\/v2\/media?parent=683733"}],"wp:term":[{"taxonomy":"product_brand","embeddable":true,"href":"https:\/\/nbg.eu\/da\/wp-json\/wp\/v2\/product_brand?post=683733"},{"taxonomy":"product_cat","embeddable":true,"href":"https:\/\/nbg.eu\/da\/wp-json\/wp\/v2\/product_cat?post=683733"},{"taxonomy":"product_tag","embeddable":true,"href":"https:\/\/nbg.eu\/da\/wp-json\/wp\/v2\/product_tag?post=683733"}],"curies":[{"name":"wp","href":"https:\/\/api.w.org\/{rel}","templated":true}]}}