{"id":683913,"date":"2026-01-08T18:14:25","date_gmt":"2026-01-08T15:14:25","guid":{"rendered":"https:\/\/nbg.eu\/product\/varmekamera-nocpix-rico-2-h50r\/"},"modified":"2026-04-14T15:48:03","modified_gmt":"2026-04-14T12:48:03","slug":"varmekamera-nocpix-rico-2-h50r","status":"publish","type":"product","link":"https:\/\/nbg.eu\/da\/vare\/varmekamera-nocpix-rico-2-h50r\/","title":{"rendered":"Nocpix Termisk Kamera Rico 2 H50R"},"content":{"rendered":"<h2>Nocpix Rico 2 H50R: Ekspert i Langdistanceskydning<\/h2>\n<p>Serien af termiske sigtekikkerter Nocpix RICO 2 H50R er designet til j\u00e6gere, der kr\u00e6ver det bedste i klarhed, r\u00e6kkevidde og komfort. Udstyret med en branchef\u00f8rende termisk sensor og h\u00f8j billedhastighed leverer den en ekstremt overlegen billedkvalitet, der g\u00f8r m\u00e5lidentifikation og sporing let. Dens lange br\u00e6ndvidde og indbyggede laseravstandsm\u00e5ler sikrer, at du kan m\u00e5le afstanden til fjerne m\u00e5l pr\u00e6cist, mens det avancerede optiske design giver en dybtg\u00e5ende seroplevelse uden forvr\u00e6ngning. Med en trinl\u00f8s zoomknap og fremragende \u00f8jenafstand lader Nocpix RICO 2 H50R-serien j\u00e6gere nemt justere forst\u00f8rrelsen og f\u00f8le sig komfortable under langvarige jagter. Med sine innovative teknologier og brugervenlige design lader Nocpix RICO 2 H50R-serien dig jage ud over, hvad der er muligt.<\/p>\n<h2>N\u00f8glefunktioner:<\/h2>\n<p>F\u00e5 fordelen af den premium anden generations 12\u03bcm@60Hz-sensor med NETD \u226420mK for skarpslibede, h\u00f8j-kontrastbilleder og forbedret m\u00e5lidentifikation.<\/p>\n<p>Nocpix RICO 2 H50R er udstyret med st\u00f8rre objektiver (50 mm\/F1.0, 42 mm\/F1.0), hvilket giver forbedret lysindsamlingsevne for enest\u00e5ende billedklarhed og udvidet registreringsomr\u00e5de.<\/p>\n<p>RICO 2-serien lader dig finjustere forst\u00f8rrelsen ubesv\u00e6ret med en trinl\u00f8s LPVO-style zoomknap, der giver hurtige og problemfri justeringer for at engagere m\u00e5l p\u00e5 enhver afstand med pr\u00e6cision.<\/p>\n<p>RICO 2-serien kan detektere m\u00e5l op til 2600 m, hvilket giver dig en betydelig fordel i jagt p\u00e5 lang afstand og pr\u00e6cis m\u00e5lretning.<\/p>\n<p>Nocpix RICO 2 H50R er udstyret med en integreret laserafstandsm\u00e5ler, der tilbyder laserdetektion op til 1200 m med \u00e6gte optisk aksejustering, hvilket sikrer pr\u00e6cise afstandsm\u00e5linger samtidig med et elegant design.<\/p>\n<p>Streamlin din skudplacering med automatiske ballistiske beregninger ved hj\u00e6lp af den integrerede laserafstandsm\u00e5ler for at lande pr\u00e6cise tr\u00e6f p\u00e5 lange afstande.<\/p>\n<p>1.03&#8243; 2560\u00d72560 OLED-display (H50R), forvr\u00e6ngningsfri okular, 70 mm \u00f8jenafstand og 23 mm pupilafstand giver krystalklare, komfortable visninger til langvarig brug.<\/p>\n<p>H50R-modellen er udstyret med en uden fortilf\u00e6lde 70 mm afstand, hvilket giver maksimal komfort ved langvarig brug uden tr\u00e6thed i \u00f8jnene og sikrer \u00f8jensikkerheden.<\/p>\n","protected":false},"excerpt":{"rendered":"<p>Termokamera Nocpix Rico 2 H50R. Ekspert i langdistanceskydning. 640&#215;512 sensor, 60Hz, integreret LRF, kontinuerlig zoom.<br \/>\nHvis varen ikke er tilg\u00e6ngelig, bedes du kontakte os: shop@nbg.eu eller +359896147790<\/p>\n","protected":false},"featured_media":683936,"template":"","meta":{"_acf_changed":false},"product_brand":[14445],"product_cat":[13110,16066],"product_tag":[],"class_list":{"0":"post-683913","1":"product","2":"type-product","3":"status-publish","4":"has-post-thumbnail","6":"product_brand-nocpix","7":"product_cat-termisk","8":"product_cat-thermal-cameras-da","10":"first","11":"instock","12":"taxable","13":"shipping-taxable","14":"purchasable","15":"product-type-simple"},"acf":[],"_links":{"self":[{"href":"https:\/\/nbg.eu\/da\/wp-json\/wp\/v2\/product\/683913","targetHints":{"allow":["GET"]}}],"collection":[{"href":"https:\/\/nbg.eu\/da\/wp-json\/wp\/v2\/product"}],"about":[{"href":"https:\/\/nbg.eu\/da\/wp-json\/wp\/v2\/types\/product"}],"wp:featuredmedia":[{"embeddable":true,"href":"https:\/\/nbg.eu\/da\/wp-json\/wp\/v2\/media\/683936"}],"wp:attachment":[{"href":"https:\/\/nbg.eu\/da\/wp-json\/wp\/v2\/media?parent=683913"}],"wp:term":[{"taxonomy":"product_brand","embeddable":true,"href":"https:\/\/nbg.eu\/da\/wp-json\/wp\/v2\/product_brand?post=683913"},{"taxonomy":"product_cat","embeddable":true,"href":"https:\/\/nbg.eu\/da\/wp-json\/wp\/v2\/product_cat?post=683913"},{"taxonomy":"product_tag","embeddable":true,"href":"https:\/\/nbg.eu\/da\/wp-json\/wp\/v2\/product_tag?post=683913"}],"curies":[{"name":"wp","href":"https:\/\/api.w.org\/{rel}","templated":true}]}}