{"id":684933,"date":"2026-01-08T18:13:14","date_gmt":"2026-01-08T15:13:14","guid":{"rendered":"https:\/\/nbg.eu\/product\/termisk-kamera-nocpix-ace-h50-12um-640x512-15mk-netd\/"},"modified":"2026-04-14T15:48:34","modified_gmt":"2026-04-14T12:48:34","slug":"termisk-kamera-nocpix-ace-h50-12um-640x512-15mk-netd","status":"publish","type":"product","link":"https:\/\/nbg.eu\/da\/vare\/termisk-kamera-nocpix-ace-h50-12um-640x512-15mk-netd\/","title":{"rendered":"Nocpix Termisk Kamera ACE H50"},"content":{"rendered":"<h2>Nocpix ACE H50 termisk kikkertsigte: Uovertruffen j\u00e6gerpr\u00e6station<\/h2>\n<p>Nocpix ACE H50 termisk kikkertsigte kombinerer avanceret teknologi med robust holdbarhed for en uovertruffen j\u00e6gerf\u00e6rd. Den har en termisk sensor med 640&#215;512 opl\u00f8sning og \u226412mK NETD for fremragende billedklarhed og en detektionsr\u00e6kkevidde p\u00e5 3100 meter. Det innovative Vision+ system tilbyder okul\u00e6r forst\u00f8rrelse for tydelige n\u00e6rbilleder, mens et dobbelt batterisystem sikrer lang levetid. Fremstillet af h\u00f8jstyrke aluminiumslegering og klassificeret IP67, er dette kikkertsigte designet til at klare sig i ethvert udend\u00f8rsmilj\u00f8 og tilpasse sig enhver situation.<\/p>\n<p>Nocpix ACE H50 termiske kikkertsigte er et avanceret v\u00e6rkt\u00f8j designet til at omdefinere j\u00e6gerf\u00e6rden, uanset om du navigerer i den m\u00f8rke nat eller stalker bytte gennem udfordrende terr\u00e6n. Som en del af Nocpix&#8217; flagskibs-ACE-serie, skiller dette termiske optiske sigte sig ud ved sin overlegne billedkvalitet og pr\u00e6cision, takket v\u00e6re dens internt udviklede h\u00f8jopl\u00f8sning termiske sensor og avancerede Reality+ og Vision+ systemer.<\/p>\n<p>Kernen i Nocpix ACE H50 er dens Gen-2 HD termiske sensor, som har en opl\u00f8sning p\u00e5 640&#215;512 og en billedhastighed p\u00e5 60Hz, hvilket giver utrolig stabil ydeevne. Med en NETD p\u00e5 \u226412mK, registrerer dette kikkertsigte selv de mindste temperaturforskelle og giver detaljerede og j\u00e6vne termiske billeder, perfekt til at spore hurtigbev\u00e6gelige m\u00e5l i realtid. Den avancerede Reality+ billedalgoritme forst\u00e6rker dette yderligere ved at eliminere st\u00f8j fra omgivende temperatur og levere overlegen kontrast og klarhed selv under udfordrende jagtkonditioner.<\/p>\n<p>ACE H50 er udstyret med et 50mm\/F0.9 objektiv, som tillader 20% mere lys at n\u00e5 sensoren, hvilket skaber lysere og klarere billeder. Dette er afg\u00f8rende for j\u00e6gere, der str\u00e6ber efter pr\u00e6cision, da den forbedrede lysf\u00f8lsomhed giver bedre syne i lavt lys. Derudover s\u00e6tter de 3100 meters detektionsr\u00e6kkevidde ACE apart, hvilket g\u00f8r langtr\u00e6kkende identifikation og sporing af fjerne m\u00e5l lettere og mere effektiv end nogensinde f\u00f8r.<\/p>\n<p>Det integrerede Vision+ system forbedrer den visuelle oplevelse med et 1.03-inch cirkul\u00e6rt AMOLED-display med en opl\u00f8sning p\u00e5 2560&#215;2560. Dets optiske zoom-system, designet til at undg\u00e5 den sl\u00f8ring og forvr\u00e6ngning, der normalt forbindes med traditionelle elektroniske zoom, sikrer, at j\u00e6gere kan nyde klare, h\u00f8jopl\u00f8sende n\u00e6rbilleder uden at miste detaljer. Dette giver en immersiv og behagelig visningsoplevelse, uanset om du spotter bytte p\u00e5 afstand eller zoomer ind for pr\u00e6cis m\u00e5ls\u00f8gning.<\/p>\n<p>Bygget til udvidet brug i marken har ACE et dobbelt batterisystem med et indbygget 4000mAh batteri og et ekstra aftagbart 18650-batteri, hvilket muligg\u00f8r uafbrudt drift i lange jagt\u00f8jeblikke. Det robuste design, lavet af h\u00f8jstyrke aluminiumslegering, sikrer, at ACE kan klare sig i h\u00e5rde udend\u00f8rsmilj\u00f8er og tung brug, da den har best\u00e5et n\u00f8je p\u00e5virkningstests. Med en IP67-vandt\u00e6t klassificering forbliver kikkertsigtet p\u00e5lideligt i ugunstige vejrforhold og giver j\u00e6gerne sindsro uanset milj\u00f8et.<\/p>\n<p>Designet med j\u00e6gere i tankerne, inkluderer Nocpix ACE H50 essentielle funktioner som recoil-aktiveret videooptagelse og et lukkerl\u00f8st design for problemfri betjening i felten. Med brugervenlige tilf\u00f8jelser som en fokusknap, opladningsd\u00e6ksel og muligheden for at afspille videoer direkte via galleri-funktionen, kombinerer dette kikkertsigte h\u00f8j ydelse med praktisk betjening for en optimal j\u00e6gerf\u00e6rd.<\/p>\n","protected":false},"excerpt":{"rendered":"<p>Dette termiske riflekikkerts\u00e6t fra NocPix ACE H50 tilbyder 640&#215;512 opl\u00f8sning, \u226415mK NETD, 3100m registreringsomr\u00e5de og et dualt batterisystem for en enest\u00e5ende j\u00e6gerforn\u00f8jelse.<\/p>\n<p>Hvis varen ikke er tilg\u00e6ngelig, bedes du kontakte os: shop@nbg.eu eller +359896147790<\/p>\n<p>\n","protected":false},"featured_media":684982,"template":"","meta":{"_acf_changed":false},"product_brand":[14445],"product_cat":[13110,16066],"product_tag":[],"class_list":{"0":"post-684933","1":"product","2":"type-product","3":"status-publish","4":"has-post-thumbnail","6":"product_brand-nocpix","7":"product_cat-termisk","8":"product_cat-thermal-cameras-da","10":"first","11":"instock","12":"taxable","13":"shipping-taxable","14":"purchasable","15":"product-type-simple"},"acf":[],"_links":{"self":[{"href":"https:\/\/nbg.eu\/da\/wp-json\/wp\/v2\/product\/684933","targetHints":{"allow":["GET"]}}],"collection":[{"href":"https:\/\/nbg.eu\/da\/wp-json\/wp\/v2\/product"}],"about":[{"href":"https:\/\/nbg.eu\/da\/wp-json\/wp\/v2\/types\/product"}],"wp:featuredmedia":[{"embeddable":true,"href":"https:\/\/nbg.eu\/da\/wp-json\/wp\/v2\/media\/684982"}],"wp:attachment":[{"href":"https:\/\/nbg.eu\/da\/wp-json\/wp\/v2\/media?parent=684933"}],"wp:term":[{"taxonomy":"product_brand","embeddable":true,"href":"https:\/\/nbg.eu\/da\/wp-json\/wp\/v2\/product_brand?post=684933"},{"taxonomy":"product_cat","embeddable":true,"href":"https:\/\/nbg.eu\/da\/wp-json\/wp\/v2\/product_cat?post=684933"},{"taxonomy":"product_tag","embeddable":true,"href":"https:\/\/nbg.eu\/da\/wp-json\/wp\/v2\/product_tag?post=684933"}],"curies":[{"name":"wp","href":"https:\/\/api.w.org\/{rel}","templated":true}]}}