{"id":685083,"date":"2026-01-08T18:13:21","date_gmt":"2026-01-08T15:13:21","guid":{"rendered":"https:\/\/nbg.eu\/product\/thermal-monocular-nocpix-lumi-p13\/"},"modified":"2026-04-14T15:48:27","modified_gmt":"2026-04-14T12:48:27","slug":"thermal-monocular-nocpix-lumi-p13","status":"publish","type":"product","link":"https:\/\/nbg.eu\/da\/vare\/thermal-monocular-nocpix-lumi-p13\/","title":{"rendered":"Nocpix Termisk Monokular LUMI P13"},"content":{"rendered":"<h2>Maksimal ydelse med minimal v\u00e6gt &#8211; Nocpix LUMI P13: Hold altid \u00f8je med dine omgivelser<\/h2>\n<p>LUMI-serien af termiske monokularer er designet til brug b\u00e5de dag og nat og tilbyder dig enest\u00e5ende billedkvalitet selv under vanskelige vejrforhold som t\u00e5ge, smog eller regn. Selv hvis forhindringer som grene, h\u00f8jt gr\u00e6s eller t\u00e6t bevoksning g\u00f8r det sv\u00e6rt at se, kan du takket v\u00e6re denne teknologi altid se tydeligt, hvad der er foran dig. De er ogs\u00e5 s\u00e5 kompakte og lette, at du nemt kan b\u00e6re dem overalt.<\/p>\n<p>LUMI-termokameraer er perfekte til en lang r\u00e6kke anvendelser som jagt, overv\u00e5gning, sikkerhed, terr\u00e6noverv\u00e5gning eller s\u00f8g- og redningsaktioner.<\/p>\n<h2>Uovertruffen billedydelse for skarp billedkvalitet<\/h2>\n<p>LUMI-serien s\u00e6tter nye standarder, hvad ang\u00e5r billedkvalitet. Udstyret med de mest avancerede billedalgoritmer og en kraftig termisk sensor med NETD &lt; 20 mK leverer kameraet knivskarp og realistisk billedkvalitet. AMOLED-sk\u00e6rmen med en opl\u00f8sning p\u00e5 1440 x 1080 pixels sikrer en enest\u00e5ende billedgengivelse, mens Ultra Clear-tilstanden yderligere optimerer billedskarphed, is\u00e6r under vanskelige vejrforhold.<\/p>\n<h2>Personlig visningsoplevelse &#8211; Tilpas din enhed pr\u00e6cist<\/h2>\n<p>Takket v\u00e6re den 256 x 192 px-sensor og et udvalg af justeringsmuligheder kan du tilpasse enheden pr\u00e6cist til dine behov. V\u00e6lg mellem 5 farvetilstande og optim\u00e9r din visning med 10 niveauer af lysstyrke, skarphed og kontrast &#8211; s\u00e5 ingen detaljer g\u00e5r tabt.<\/p>\n<h2>Det er nemt at dele oplevelser med LUMI<\/h2>\n<p>At indfange s\u00e6rlige \u00f8jeblikke er v\u00e6sentligt for den moderne j\u00e6ger. Med Nocpix LUMI P13 kan du ikke blot nemt dele dine optagelser via appen, men ogs\u00e5 afspille dem direkte p\u00e5 enheden &#8211; perfekt til \u00f8jeblikkelig deling af dine oplevelser med andre.<\/p>\n<h2>Kan bruges fleksibelt takket v\u00e6re det aftagelige batterisystem<\/h2>\n<p>LUMI-serien er udstyret med standard 18650-batterier, hvilket giver dig maksimal fleksibilitet. Uanset hvor du g\u00e5r hen, vil du med den medf\u00f8lgende batterilader v\u00e6re klar igen p\u00e5 ingen tid &#8211; og du kan forts\u00e6tte din mission.<\/p>\n","protected":false},"excerpt":{"rendered":"<p>Maksimal ydeevne med minimal v\u00e6gt &#8211; Nocpix LUMI P13: Hold altid \u00f8je med dit m\u00e5l.<br \/>\nHvis varen ikke er tilg\u00e6ngelig, bedes du kontakte os: shop@nbg.eu eller +359896147790<\/p>\n","protected":false},"featured_media":685164,"template":"","meta":{"_acf_changed":false},"product_brand":[14445],"product_cat":[16065,13110],"product_tag":[],"class_list":{"0":"post-685083","1":"product","2":"type-product","3":"status-publish","4":"has-post-thumbnail","6":"product_brand-nocpix","7":"product_cat-monoculars-da","8":"product_cat-termisk","10":"first","11":"instock","12":"taxable","13":"shipping-taxable","14":"purchasable","15":"product-type-simple"},"acf":[],"_links":{"self":[{"href":"https:\/\/nbg.eu\/da\/wp-json\/wp\/v2\/product\/685083","targetHints":{"allow":["GET"]}}],"collection":[{"href":"https:\/\/nbg.eu\/da\/wp-json\/wp\/v2\/product"}],"about":[{"href":"https:\/\/nbg.eu\/da\/wp-json\/wp\/v2\/types\/product"}],"wp:featuredmedia":[{"embeddable":true,"href":"https:\/\/nbg.eu\/da\/wp-json\/wp\/v2\/media\/685164"}],"wp:attachment":[{"href":"https:\/\/nbg.eu\/da\/wp-json\/wp\/v2\/media?parent=685083"}],"wp:term":[{"taxonomy":"product_brand","embeddable":true,"href":"https:\/\/nbg.eu\/da\/wp-json\/wp\/v2\/product_brand?post=685083"},{"taxonomy":"product_cat","embeddable":true,"href":"https:\/\/nbg.eu\/da\/wp-json\/wp\/v2\/product_cat?post=685083"},{"taxonomy":"product_tag","embeddable":true,"href":"https:\/\/nbg.eu\/da\/wp-json\/wp\/v2\/product_tag?post=685083"}],"curies":[{"name":"wp","href":"https:\/\/api.w.org\/{rel}","templated":true}]}}