{"id":685224,"date":"2026-01-08T18:13:20","date_gmt":"2026-01-08T15:13:20","guid":{"rendered":"https:\/\/nbg.eu\/product\/thermal-monokulaer-nocpix-lumi-l35r-med-lasermaaler\/"},"modified":"2026-04-14T15:48:30","modified_gmt":"2026-04-14T12:48:30","slug":"thermal-monokulaer-nocpix-lumi-l35r-med-lasermaaler","status":"publish","type":"product","link":"https:\/\/nbg.eu\/da\/vare\/thermal-monokulaer-nocpix-lumi-l35r-med-lasermaaler\/","title":{"rendered":"Nocpix Termisk Monokular LUMI L35R LRF"},"content":{"rendered":"<h2>Termisk monokul\u00e6r Nocpix LUMI L35R med laserafstandsm\u00e5ler<\/h2>\n<p>Nocpix LUMI L35R er en kraftfuld og kompakt termisk monokul\u00e6r med en integreret laserafstandsm\u00e5ler. Udstyret med den mest avancerede sensor i sin klasse med en NETD p\u00e5 \u226418mK leverer dette termiske kamera h\u00f8jopl\u00f8st billeddannelse selv under ekstreme vejrforhold. Det lette og ergonomiske design g\u00f8r den let at betjene, og det udskiftelige batterisystem med standard 18650-batterier giver lang driftstid.<\/p>\n<p>Den integrerede laserafstandsm\u00e5ler muligg\u00f8r pr\u00e6cis m\u00e5ling af afstand til m\u00e5l, og de avancerede R+ AI-billedbehandlingsalgoritmer forbedrer billeddetaljerne og udnytter sensorens fulde potentiale. Monokul\u00e6ren er vandt\u00e6t, st\u00f8vt\u00e6t og designet til behageligt udend\u00f8rs brug med funktioner som elektronisk billedstabilisering, \u00f8jenrelief-farvepaletter og ultrastille knapper.<\/p>\n<p>Med en sensorr\u00e6kkevidde p\u00e5 op til 1800m er Nocpix LUMI L35R en alsesidig termisk billedl\u00f8sning til jagt, sikkerhed og udend\u00f8rsaktiviteter. St\u00f8ttet af en 3-\u00e5rig fuld fabriksgaranti leverer denne termiske monokul\u00e6r enest\u00e5ende ydelse og p\u00e5lidelighed.<\/p>\n","protected":false},"excerpt":{"rendered":"<p>Termisk monokular Nocpix LUMI L35R med laserm\u00e5ler: h\u00f8jopl\u00f8sende sensor \u226418 mK NETD, kompakt og let, udskifteligt batteri.<\/p>\n","protected":false},"featured_media":685245,"template":"","meta":{"_acf_changed":false},"product_brand":[14445],"product_cat":[16065,13110],"product_tag":[],"class_list":{"0":"post-685224","1":"product","2":"type-product","3":"status-publish","4":"has-post-thumbnail","6":"product_brand-nocpix","7":"product_cat-monoculars-da","8":"product_cat-termisk","10":"first","11":"instock","12":"taxable","13":"shipping-taxable","14":"purchasable","15":"product-type-simple"},"acf":[],"_links":{"self":[{"href":"https:\/\/nbg.eu\/da\/wp-json\/wp\/v2\/product\/685224","targetHints":{"allow":["GET"]}}],"collection":[{"href":"https:\/\/nbg.eu\/da\/wp-json\/wp\/v2\/product"}],"about":[{"href":"https:\/\/nbg.eu\/da\/wp-json\/wp\/v2\/types\/product"}],"wp:featuredmedia":[{"embeddable":true,"href":"https:\/\/nbg.eu\/da\/wp-json\/wp\/v2\/media\/685245"}],"wp:attachment":[{"href":"https:\/\/nbg.eu\/da\/wp-json\/wp\/v2\/media?parent=685224"}],"wp:term":[{"taxonomy":"product_brand","embeddable":true,"href":"https:\/\/nbg.eu\/da\/wp-json\/wp\/v2\/product_brand?post=685224"},{"taxonomy":"product_cat","embeddable":true,"href":"https:\/\/nbg.eu\/da\/wp-json\/wp\/v2\/product_cat?post=685224"},{"taxonomy":"product_tag","embeddable":true,"href":"https:\/\/nbg.eu\/da\/wp-json\/wp\/v2\/product_tag?post=685224"}],"curies":[{"name":"wp","href":"https:\/\/api.w.org\/{rel}","templated":true}]}}