{"id":685312,"date":"2025-12-17T17:50:25","date_gmt":"2025-12-17T14:50:25","guid":{"rendered":"https:\/\/nbg.eu\/product\/termisk-monokulaer-nocpix-lumi-l19\/"},"modified":"2026-01-21T11:59:27","modified_gmt":"2026-01-21T08:59:27","slug":"termisk-monokulaer-nocpix-lumi-l19","status":"publish","type":"product","link":"https:\/\/nbg.eu\/da\/vare\/termisk-monokulaer-nocpix-lumi-l19\/","title":{"rendered":"Termisk monokul\u00e6r Nocpix LUMI L19"},"content":{"rendered":"<h2>Maksimal ydelse med minimal v\u00e6gt &#8211; Nocpix LUMI L19: Din observat\u00f8r til skove og enge<\/h2>\n<p>LUMI-serien af termiske billedforst\u00e6rkere er designet til b\u00e5de dag- og naturbrug og tilbyder dig fremragende billedkvalitet selv under vanskelige vejrforhold som t\u00e5ge, smog eller regn. Selv hvis forhindringer som grene, h\u00f8jt gr\u00e6s eller t\u00e6t l\u00f8v g\u00f8r det sv\u00e6rt at se, kan du takket v\u00e6re denne teknologi altid tydeligt se, hvad der er foran dig. De er ogs\u00e5 s\u00e5 kompakte og lette, at du nemt kan b\u00e6re dem overalt.<\/p>\n<p>LUMI-termokameraer er perfekte til en r\u00e6kke forskellige anvendelser som jagt, overv\u00e5gning, sikkerhed, terr\u00e6norientering eller s\u00f8g- og redningsoperationer.<\/p>\n<h2>Uovertruffen billedydelse for knivskarp billedkvalitet<\/h2>\n<p>LUMI-serien s\u00e6tter nye standarder, hvad ang\u00e5r billedkvalitet. Udstyret med de mest avancerede billedalgoritmer og en kraftfuld termisk sensor med NETD &lt; 18 mK leverer kameraet knivskarp og realistisk billedkvalitet. AMOLED-displayet med en opl\u00f8sning p\u00e5 1024 x 768 pixel sikrer en fremragende billedvisning, mens Ultra Clear-tilstanden yderligere optimerer billedskarphed, is\u00e6r under vanskelige vejrforhold.<\/p>\n<h2>Personlig visningsoplevelse &#8211; Tilpas din enhed perfekt<\/h2>\n<p>Takket v\u00e6re den mellemstore 384 x 288 px-sensor og en r\u00e6kke indstillingsmuligheder kan du tilpasse enheden pr\u00e6cist til dine behov. V\u00e6lg mellem 5 farvetilstande og optimer din visning med 10 niveauer af lysstyrke, skarphed og kontrast &#8211; s\u00e5 ingen detaljer forbliver ubem\u00e6rket.<\/p>\n<h2>Nem deling af oplevelser<\/h2>\n<p>At indfange specielle \u00f8jeblikke er v\u00e6sentligt for den moderne j\u00e6ger. Med Nocpix LUMI kan du ikke kun nemt dele dine optagelser via appen, men ogs\u00e5 afspille dem direkte p\u00e5 enheden &#8211; perfekt til \u00f8jeblikkeligt at dele dine oplevelser med andre.<\/p>\n<h2>Kan bruges fleksibelt takket v\u00e6re det aftagelige batterisystem<\/h2>\n<p>LUMI-serien er udstyret med standard 18650-batterier, hvilket giver dig maksimal fleksibilitet. Uanset hvor du tager hen, vil du med den medf\u00f8lgende batterilader v\u00e6re klar igen p\u00e5 ingen tid &#8211; og du kan forts\u00e6tte din mission.<\/p>\n","protected":false},"excerpt":{"rendered":"<p>Maximum ydeevne med minimal v\u00e6gt \u2013 Nocpix LUMI L19: Din observer til skove og enge<\/p>\n","protected":false},"featured_media":685540,"template":"","meta":{"_acf_changed":false},"product_brand":[14445],"product_cat":[13110],"product_tag":[],"class_list":{"0":"post-685312","1":"product","2":"type-product","3":"status-publish","4":"has-post-thumbnail","6":"product_brand-nocpix","7":"product_cat-termisk","9":"first","10":"outofstock","11":"taxable","12":"shipping-taxable","13":"purchasable","14":"product-type-simple"},"acf":[],"_links":{"self":[{"href":"https:\/\/nbg.eu\/da\/wp-json\/wp\/v2\/product\/685312","targetHints":{"allow":["GET"]}}],"collection":[{"href":"https:\/\/nbg.eu\/da\/wp-json\/wp\/v2\/product"}],"about":[{"href":"https:\/\/nbg.eu\/da\/wp-json\/wp\/v2\/types\/product"}],"wp:featuredmedia":[{"embeddable":true,"href":"https:\/\/nbg.eu\/da\/wp-json\/wp\/v2\/media\/685540"}],"wp:attachment":[{"href":"https:\/\/nbg.eu\/da\/wp-json\/wp\/v2\/media?parent=685312"}],"wp:term":[{"taxonomy":"product_brand","embeddable":true,"href":"https:\/\/nbg.eu\/da\/wp-json\/wp\/v2\/product_brand?post=685312"},{"taxonomy":"product_cat","embeddable":true,"href":"https:\/\/nbg.eu\/da\/wp-json\/wp\/v2\/product_cat?post=685312"},{"taxonomy":"product_tag","embeddable":true,"href":"https:\/\/nbg.eu\/da\/wp-json\/wp\/v2\/product_tag?post=685312"}],"curies":[{"name":"wp","href":"https:\/\/api.w.org\/{rel}","templated":true}]}}