{"id":685633,"date":"2025-12-17T17:47:09","date_gmt":"2025-12-17T14:47:09","guid":{"rendered":"https:\/\/nbg.eu\/product\/termisk-monokulaer-lumi-h35r-med-lasermaaler\/"},"modified":"2026-01-21T11:58:52","modified_gmt":"2026-01-21T08:58:52","slug":"termisk-monokulaer-lumi-h35r-med-lasermaaler","status":"publish","type":"product","link":"https:\/\/nbg.eu\/da\/vare\/termisk-monokulaer-lumi-h35r-med-lasermaaler\/","title":{"rendered":"Termisk monokul\u00e6r LUMI H35R med laserm\u00e5ler"},"content":{"rendered":"<h2>Termisk kikkert med sensorr\u00e6kkevide op til 1800m, meget kompakt og let!<\/h2>\n<p>Integreret laserafstandsm\u00e5ler.<\/p>\n<p>H\u00f8jopl\u00f8sende sensor og s\u00e6rligt kraftfuld: \u2264 18 mK NETD.<\/p>\n<p>Aftagelig batterisystem med 18650 batterier<\/p>\n<p>Videooptagelse, vandt\u00e6t og s\u00e6rligt stille drift.<\/p>\n<p>3 \u00e5rs fuld producentgaranti!<\/p>\n<h2>Flere funktioner:<\/h2>\n<p>-Integreret laserafstandsm\u00e5ler til n\u00f8jagtig m\u00e5ling af m\u00e5lafstand<\/p>\n<p>-H\u00f8j billedkvalitet: Selv under ekstreme vejrforhold forbliver billedkvaliteten stabil.<\/p>\n<p>-Sensor designet specifikt til jagt: Giver stabil drift med en NETD \u2264 18mK for overlegen billedkvalitet.<\/p>\n<p>-F0.9 linse: 20% mere lysgennemtr\u00e6ngning sammenlignet med F1.0 linse for lysere og klarere billeder.<\/p>\n<p>-Reality+ billedoptimering: Avancerede algoritmer forbedrer billedkvaliteten og fjerner billedst\u00f8j.<\/p>\n<p>-Elektronisk billedstabilisering: For j\u00e6vne og stabile videoer.<\/p>\n<p>-\u00d8jenfarvepaneletter: S\u00e6rlige r\u00f8d og gr\u00f8n paneletter reducerer \u00f8jentr\u00e6theden ved l\u00e6ngere tids brug.<\/p>\n<p>-Aftagelig 18650 batteri: Med omvendt polaritet for nem udskiftning, perfekt om natten.<\/p>\n<p>-Ultrastille knapper: Lydl\u00f8s drift som ikke forstyrrer vildtet.<\/p>\n<p>-Kompakt design: Enheden er mindre end en mobiltelefon og nem at b\u00e6re med.<\/p>\n<p>-IP67 beskyttelsesklasse: St\u00f8vt\u00e6t og vandt\u00e6t til brug i ekstreme milj\u00f8er.<\/p>\n<p>-Ergonomisk design: Udviklet til udend\u00f8rs brug, behageligt og brugervenligt.<\/p>\n<p>-Let: Enheden vejer mindre end 345g.<\/p>\n<p>-10 mm udgangspupil: Giver optimal synlighed og en behagelig betragtningsvinkel.<\/p>\n<p>-P\u00e5lidelig om natten: P\u00e5 grund af den stille og nemme drift kan den bruges optimalt selv i m\u00f8rke omgivelser.<\/p>\n<p>-Aftagelig batteri: Giver mulighed for l\u00e6ngere driftstid ved at udskifte batterierne.<\/p>\n<p>-Stor bl\u00e6nde\u00e5bning: \u00d8ger lysindfangning og billedlysintensitet under vanskelige lysforhold.<\/p>\n<p>-Indbygget mikrofon: Muligg\u00f8r lydoptagelse.<\/p>\n<p>-32GB hukommelse: Til fotos, videoer og lydoptagelser.<\/p>\n<p>-Nem at bruge: Ideel til brugere, der foretr\u00e6kker en kompakt og let enhed.<\/p>\n<p>-R+ AI billedalgoritmer: Forbedrer billeddetaljer og udnytter sensorens fulde potentiale.<\/p>\n","protected":false},"excerpt":{"rendered":"<p>Den mest avancerede sensor i sin klasse (&lt;18mK NETD). Integreret laserafstandsm\u00e5ler. S\u00e6rligt let at betjene: let og kompakt kabinet. Udskifteligt batterisystem med standard 18650-batterier.<\/p>\n<p>Hvis varen ikke er tilg\u00e6ngelig, bedes du kontakte os: shop@nbg.eu eller +359896147790<\/p>\n","protected":false},"featured_media":685664,"template":"","meta":{"_acf_changed":false},"product_brand":[14445],"product_cat":[13110],"product_tag":[],"class_list":{"0":"post-685633","1":"product","2":"type-product","3":"status-publish","4":"has-post-thumbnail","6":"product_brand-nocpix","7":"product_cat-termisk","9":"first","10":"instock","11":"taxable","12":"shipping-taxable","13":"purchasable","14":"product-type-simple"},"acf":[],"_links":{"self":[{"href":"https:\/\/nbg.eu\/da\/wp-json\/wp\/v2\/product\/685633","targetHints":{"allow":["GET"]}}],"collection":[{"href":"https:\/\/nbg.eu\/da\/wp-json\/wp\/v2\/product"}],"about":[{"href":"https:\/\/nbg.eu\/da\/wp-json\/wp\/v2\/types\/product"}],"wp:featuredmedia":[{"embeddable":true,"href":"https:\/\/nbg.eu\/da\/wp-json\/wp\/v2\/media\/685664"}],"wp:attachment":[{"href":"https:\/\/nbg.eu\/da\/wp-json\/wp\/v2\/media?parent=685633"}],"wp:term":[{"taxonomy":"product_brand","embeddable":true,"href":"https:\/\/nbg.eu\/da\/wp-json\/wp\/v2\/product_brand?post=685633"},{"taxonomy":"product_cat","embeddable":true,"href":"https:\/\/nbg.eu\/da\/wp-json\/wp\/v2\/product_cat?post=685633"},{"taxonomy":"product_tag","embeddable":true,"href":"https:\/\/nbg.eu\/da\/wp-json\/wp\/v2\/product_tag?post=685633"}],"curies":[{"name":"wp","href":"https:\/\/api.w.org\/{rel}","templated":true}]}}