{"id":685790,"date":"2025-12-18T16:23:59","date_gmt":"2025-12-18T13:23:59","guid":{"rendered":"https:\/\/nbg.eu\/product\/termiske-kikkerter-nocpix-quest-h35r-lrf-640x512-netd-15mk\/"},"modified":"2026-01-21T12:22:39","modified_gmt":"2026-01-21T09:22:39","slug":"termiske-kikkerter-nocpix-quest-h35r-lrf-640x512-netd-15mk","status":"publish","type":"product","link":"https:\/\/nbg.eu\/da\/vare\/termiske-kikkerter-nocpix-quest-h35r-lrf-640x512-netd-15mk\/","title":{"rendered":"Termiske kikkerter Nocpix Quest H35R LRF 640&#215;512 NETD &lt;15mK"},"content":{"rendered":"<h2>Nocpix QUEST H35R LRF 640&#215;512 Termiske kikkerter<\/h2>\n<p>QUEST er let og b\u00e6rbar og tilbyder en detektionsr\u00e6kkevidde p\u00e5 op til 2600m og en indbygget d\u00e6kket LRF med en r\u00e6kkevidde p\u00e5 1000m for overlegen n\u00f8jagtighed og synlighed. Dens traditionelle kikkertdesign har et fuldt gummicover og IP67-klassificering for holdbarhed og komfort under h\u00e5rde forhold. Udstyret med en h\u00f8jydelses 640&#215;512-sensor (NETD \u226415mK, 60Hz) giver QUEST fremragende billedklarhed, overlegen termisk f\u00f8lsomhed og problemfri drift i udfordrende milj\u00f8er.<\/p>\n<h2>Fremragende visuel oplevelse<\/h2>\n<p>Nocpix QUEST har R+ billedforbedringsoptik for overlegen klarhed og pr\u00e6cision, kombineret med et 1920&#215;1200 AMOLED-display for en immersiv, \u00f8jnvenlig visningsoplevelse.<\/p>\n<h2>Overlegen sensor sikrer fremragelighed<\/h2>\n<p>Nocpix QUEST er udstyret med en h\u00f8jydende sensor (640&#215;512@12\u00b5m ), der giver fremragende billedklarhed. Med NETD \u226415mK og 60Hz billedfrekvens giver den overlegen termisk f\u00f8lsomhed og leverer klare og visuelle billeder selv i de mest udfordrende milj\u00f8er.<\/p>\n<h2>Kraftfulde detektionsevner<\/h2>\n<p>Nocpix QUEST har en detektionsr\u00e6kkevidde p\u00e5 op til 2600 m og en indbygget skjult LRF med en r\u00e6kkevidde p\u00e5 op til 1000 m, hvilket giver dig mulighed for at se l\u00e6ngere og mere pr\u00e6cist end nogensinde f\u00f8r. Den underst\u00f8tter ogs\u00e5 ballistiske beregninger og giver datam\u00e6ssig st\u00f8tte til samarbejdsjagt.<\/p>\n<h2>Betjening med \u00e9n h\u00e5nd<\/h2>\n<p>Nocpix QUEST tilbyder ergonomisk, skridsikker h\u00e5ndtering med et forenklet layout med 4 knapper og centralt placerede scrollhjul for nem betjening med \u00e9n h\u00e5nd og et sikkert greb under alle forhold.<\/p>\n<h2>Lettv\u00e6gts og b\u00e6rbar<\/h2>\n<p>QUEST vejer kun 700g og inkluderer en specialtaske, hvilket g\u00f8r den let at transportere og behagelig at bruge under udend\u00f8rsaktiviteter som jagt og udforskning.<\/p>\n<h2>Elimin\u00e9r bekymringer omkring str\u00f8m<\/h2>\n<p>QUEST-serien har et dobbeltsystem til batteridrift med et indbygget og udskifteligt 18650-batteri, hvilket sikrer problemfri udskiftning og kontinuerlig brug under dit eventyr.<\/p>\n<h2>Den bedste kikkertoplevelse<\/h2>\n<p>QUEST har et traditionelt kikkertdesign med et sofistikeret fuldgummibetr\u00e6k og IP67-klassificering for vand- og st\u00f8vresistens, hvilket sikrer b\u00e5de holdbarhed og generel komfort.<\/p>\n","protected":false},"excerpt":{"rendered":"<p>Lettev\u00e6gtige, b\u00e6rbare termiske kikkerter med 2600 m detektionsr\u00e6kkevidde, 1000 m LRF og enest\u00e5ende billedklarhed.<\/p>\n","protected":false},"featured_media":685921,"template":"","meta":{"_acf_changed":false},"product_brand":[14445],"product_cat":[14678,13110],"product_tag":[],"class_list":{"0":"post-685790","1":"product","2":"type-product","3":"status-publish","4":"has-post-thumbnail","6":"product_brand-nocpix","7":"product_cat-kikkerter","8":"product_cat-termisk","10":"first","11":"instock","12":"taxable","13":"shipping-taxable","14":"purchasable","15":"product-type-simple"},"acf":[],"_links":{"self":[{"href":"https:\/\/nbg.eu\/da\/wp-json\/wp\/v2\/product\/685790","targetHints":{"allow":["GET"]}}],"collection":[{"href":"https:\/\/nbg.eu\/da\/wp-json\/wp\/v2\/product"}],"about":[{"href":"https:\/\/nbg.eu\/da\/wp-json\/wp\/v2\/types\/product"}],"wp:featuredmedia":[{"embeddable":true,"href":"https:\/\/nbg.eu\/da\/wp-json\/wp\/v2\/media\/685921"}],"wp:attachment":[{"href":"https:\/\/nbg.eu\/da\/wp-json\/wp\/v2\/media?parent=685790"}],"wp:term":[{"taxonomy":"product_brand","embeddable":true,"href":"https:\/\/nbg.eu\/da\/wp-json\/wp\/v2\/product_brand?post=685790"},{"taxonomy":"product_cat","embeddable":true,"href":"https:\/\/nbg.eu\/da\/wp-json\/wp\/v2\/product_cat?post=685790"},{"taxonomy":"product_tag","embeddable":true,"href":"https:\/\/nbg.eu\/da\/wp-json\/wp\/v2\/product_tag?post=685790"}],"curies":[{"name":"wp","href":"https:\/\/api.w.org\/{rel}","templated":true}]}}