{"id":686581,"date":"2026-01-08T18:15:06","date_gmt":"2026-01-08T15:15:06","guid":{"rendered":"https:\/\/nbg.eu\/product\/varmtskopet-nocpix-mate-h50r\/"},"modified":"2026-04-14T15:47:53","modified_gmt":"2026-04-14T12:47:53","slug":"varmtskopet-nocpix-mate-h50r","status":"publish","type":"product","link":"https:\/\/nbg.eu\/da\/vare\/varmtskopet-nocpix-mate-h50r\/","title":{"rendered":"Nocpix Termisk Sigte Mate H50R"},"content":{"rendered":"<h2>Omdanner din dagskop til et moderne termisk riflekikkert med Nocpix MATE H50R<\/h2>\n<p>Omdanner din dagskop til et moderne termisk riflekikkert med den eneste 640X512 Nocpix MATE H50R termiske kikkert &#8211; det bedste frontmonterede termiske kikkert, designet til professionelle j\u00e6gere, naturobservat\u00f8rer og skytter, der kr\u00e6ver pr\u00e6cision.<\/p>\n<p>Bygget med avanceret billedteknologi leverer Nocpix MATE H50R uovertruffen klarhed, lang-distance registrering og topmoderne funktioner for overlegen ydelse i ethvert milj\u00f8.<\/p>\n<h2>Fremragende billedkvalitet og registreringsr\u00e6kkevidde<\/h2>\n<p>Kernen i Nocpix MATE Ultra H50R er en Gen-2 HD 640X512 termisk sensor med en ultra-fin pixel-pitch p\u00e5 12 \u03bcm og en f\u00f8lsomhed p\u00e5 NETD \u226415mK, s\u00e5 selv de svageste termiske forskelle vil blive registreret. Det store 50mm F1.0 objektiv indfanger mere termisk energi for krystalklare billeder og udvidet r\u00e6kkevidde, med registreringsafstande p\u00e5 op til 2600 m. Uanset om du sniger dig efter r\u00e5dyr ved daggry eller scanner vide marker om natten, sikrer H50R, at ingen detalje forbliver ubem\u00e6rket.<\/p>\n<h2>Avanceret billedbehandling med Reality+ AI<\/h2>\n<p>Udstyret med dobbelt billedalgoritmer &#8211; en kraftfuld billedprocessor kombineret med intelligent Reality+ teknologi &#8211; tilpasser MATE Ultra H50R sig automatisk til din kikkerts forst\u00f8rrelse. Dette sikrer skarp visuel, pr\u00e6cis zoomning og konsistent billedstabilitet, selv i t\u00e5ge, sm\u00e5regn eller udfordrende svag belysning.<\/p>\n<h2>Designet til pr\u00e6cision og etisk jagt<\/h2>\n<p>Med en indbygget laserafstandsm\u00e5ler (op til 1200m) og en integreret balistisk beregner hj\u00e6lper H50R dig med at tr\u00e6ffe informerede og etiske skydebeslutninger. Billede-i-billede (PIP) tilstand forbedrer sigtepr\u00e6cision, og rekyl-aktiveret video (RAV) sikrer, at hver kritisk situation bliver optaget.<\/p>\n<h2>Robust, praktisk og p\u00e5lidelig<\/h2>\n<p>Designet til felten er MATE Ultra H50R b\u00e5de robust og let at bruge. Den har et stort 60mm okular med &lt;1% forvr\u00e6ngning, hvilket opretholder et stabilt skudpunkt og konsistent justering op til 16x forst\u00f8rrelse. Drevet af udskiftelige 18650-batterier (4 inkluderet til ULTRA) tilbyder den langtidsholdb\u00e6rhed til udend\u00f8rs sessioner af l\u00e6ngere varighed.<\/p>\n","protected":false},"excerpt":{"rendered":"<p>Omdann din dagkikkert til et moderne termisk riffelkikkert med den eneste 640X512 Nocpix MATE H50R termiske montering &#8211; den bedste frontmonterede termiske montering designet til professionelle j\u00e6gere, dyreobservat\u00f8rer og skytter, der kr\u00e6ver pr\u00e6cision.<\/p>\n<p>Hvis varen ikke er tilg\u00e6ngelig, bedes du kontakte os: shop@nbg.eu eller +359896147790<\/p>\n","protected":false},"featured_media":686679,"template":"","meta":{"_acf_changed":false},"product_brand":[14445],"product_cat":[13110],"product_tag":[],"class_list":{"0":"post-686581","1":"product","2":"type-product","3":"status-publish","4":"has-post-thumbnail","6":"product_brand-nocpix","7":"product_cat-termisk","9":"first","10":"instock","11":"taxable","12":"shipping-taxable","13":"purchasable","14":"product-type-simple"},"acf":[],"_links":{"self":[{"href":"https:\/\/nbg.eu\/da\/wp-json\/wp\/v2\/product\/686581","targetHints":{"allow":["GET"]}}],"collection":[{"href":"https:\/\/nbg.eu\/da\/wp-json\/wp\/v2\/product"}],"about":[{"href":"https:\/\/nbg.eu\/da\/wp-json\/wp\/v2\/types\/product"}],"wp:featuredmedia":[{"embeddable":true,"href":"https:\/\/nbg.eu\/da\/wp-json\/wp\/v2\/media\/686679"}],"wp:attachment":[{"href":"https:\/\/nbg.eu\/da\/wp-json\/wp\/v2\/media?parent=686581"}],"wp:term":[{"taxonomy":"product_brand","embeddable":true,"href":"https:\/\/nbg.eu\/da\/wp-json\/wp\/v2\/product_brand?post=686581"},{"taxonomy":"product_cat","embeddable":true,"href":"https:\/\/nbg.eu\/da\/wp-json\/wp\/v2\/product_cat?post=686581"},{"taxonomy":"product_tag","embeddable":true,"href":"https:\/\/nbg.eu\/da\/wp-json\/wp\/v2\/product_tag?post=686581"}],"curies":[{"name":"wp","href":"https:\/\/api.w.org\/{rel}","templated":true}]}}