{"id":686704,"date":"2026-01-08T18:14:07","date_gmt":"2026-01-08T15:14:07","guid":{"rendered":"https:\/\/nbg.eu\/product\/varmekamera-nocpix-ace-l35-sensor-384x288-35mm-objektiv\/"},"modified":"2026-04-14T15:48:11","modified_gmt":"2026-04-14T12:48:11","slug":"varmekamera-nocpix-ace-l35-sensor-384x288-35mm-objektiv","status":"publish","type":"product","link":"https:\/\/nbg.eu\/da\/vare\/varmekamera-nocpix-ace-l35-sensor-384x288-35mm-objektiv\/","title":{"rendered":"Nocpix Termisk Kamera ACE L35"},"content":{"rendered":"<h2>Nocpix ACE L35 Termokamera<\/h2>\n<p>Nocpix ACE L35 er bygget omkring id\u00e9en om at kombinere f\u00f8rende funktioner, som brugerne eftersp\u00f8rger, i et forenklet optik, der afbalancerer avancerede funktioner med letanvendelighed i marken. Designet til at f\u00f8les som et traditionelt dagsoptik er ACE kompatibel med bolt-action- eller halvautomatiske rifler, der bruger standard 30 mm-monteringer og -ringe. Kombinationen af et internt USB-C-opladningsbatteri og et aftagbart 18650 genopladeligt batteri giver brugerne mulighed for at bytte batterier p\u00e5 farten for ubegr\u00e6nset k\u00f8retid. En 1x til 3x kikkertforst\u00f8rrelse giver optisk forst\u00f8rrelse af det 2560\u00d72560 cirkul\u00e6re AMOLED-display inde i okularet. Vision+-systemet kombinerer dette h\u00f8jopl\u00f8sningsdisplay med en 18 mK NETD-sensor for utrolig detaljerede og pr\u00e6cise billeder.<\/p>\n<p>Nocpix ACE L35 tilbyder et mere overkommeligt alternativ i ACE-serien for j\u00e6gere af rovdyr og vildtlevende dyr, der ikke har brug for en laserm\u00e5ler eller en h\u00f8jere opl\u00f8sningssensor. Med en ekstremt overkommelig pris bevarer ACE L35 alle de andre funktioner i ACE-serien af termiske riflekikkerter.<\/p>\n<p>Et optisk kikkertforst\u00f8rrelsesglas med 1-3x forst\u00f8rrelse giver yderligere forst\u00f8rrelse af displayet uden at \u00e6ndre skalaen eller den digitale zoom. En h\u00f8jkontrastet cirkul\u00e6r AMOLED-display med en opl\u00f8sning p\u00e5 2560\u00d72560 giver \u00f8get klarhed og detalje. Forenklede betjeningsknapper giver forbedret ergonomi og en bedre brugervenlighed i marken. Den bruger almindelige 18650 genopladelige batterier. Funktionen til ballistisk beregning viser v\u00e6rdier for kuglefaldet baseret p\u00e5 input fra laserm\u00e5leren og en brugerdefineret patron-profil. Opladning via enheden med en unikt designet l\u00e5sende USB-C-port.<\/p>\n","protected":false},"excerpt":{"rendered":"<p>Nocpix ACE L35 varmekameraet har en 384&#215;288 sensor, 35mm objektiv, 4x digital zoom og 60Hz billedfrekvens med en detektionsr\u00e6kkevidde p\u00e5 1970 meter.<\/p>\n<p>Hvis varen ikke er tilg\u00e6ngelig, bedes du kontakte os: shop@nbg.eu eller +359896147790<\/p>\n","protected":false},"featured_media":686778,"template":"","meta":{"_acf_changed":false},"product_brand":[14445],"product_cat":[16066],"product_tag":[],"class_list":{"0":"post-686704","1":"product","2":"type-product","3":"status-publish","4":"has-post-thumbnail","6":"product_brand-nocpix","7":"product_cat-thermal-cameras-da","9":"first","10":"instock","11":"taxable","12":"shipping-taxable","13":"purchasable","14":"product-type-simple"},"acf":[],"_links":{"self":[{"href":"https:\/\/nbg.eu\/da\/wp-json\/wp\/v2\/product\/686704","targetHints":{"allow":["GET"]}}],"collection":[{"href":"https:\/\/nbg.eu\/da\/wp-json\/wp\/v2\/product"}],"about":[{"href":"https:\/\/nbg.eu\/da\/wp-json\/wp\/v2\/types\/product"}],"wp:featuredmedia":[{"embeddable":true,"href":"https:\/\/nbg.eu\/da\/wp-json\/wp\/v2\/media\/686778"}],"wp:attachment":[{"href":"https:\/\/nbg.eu\/da\/wp-json\/wp\/v2\/media?parent=686704"}],"wp:term":[{"taxonomy":"product_brand","embeddable":true,"href":"https:\/\/nbg.eu\/da\/wp-json\/wp\/v2\/product_brand?post=686704"},{"taxonomy":"product_cat","embeddable":true,"href":"https:\/\/nbg.eu\/da\/wp-json\/wp\/v2\/product_cat?post=686704"},{"taxonomy":"product_tag","embeddable":true,"href":"https:\/\/nbg.eu\/da\/wp-json\/wp\/v2\/product_tag?post=686704"}],"curies":[{"name":"wp","href":"https:\/\/api.w.org\/{rel}","templated":true}]}}