{"id":686822,"date":"2026-01-08T18:13:27","date_gmt":"2026-01-08T15:13:27","guid":{"rendered":"https:\/\/nbg.eu\/product\/termisk-kamera-nocpix-ace-h50r-12um-640x512-zeiss-rail\/"},"modified":"2026-04-14T17:18:48","modified_gmt":"2026-04-14T14:18:48","slug":"termisk-kamera-nocpix-ace-h50r-12um-640x512-zeiss-rail","status":"publish","type":"product","link":"https:\/\/nbg.eu\/da\/vare\/termisk-kamera-nocpix-ace-h50r-12um-640x512-zeiss-rail\/","title":{"rendered":"Nocpix Termisk Kamera ACE H50R ZEISS RAIL"},"content":{"rendered":"<h2>Nocpix ACE H50R termisk gev\u00e6rkikkert: Uovertruffen j\u00e6gerpr\u00e6cision og klarhed<\/h2>\n<p>Nocpix ACE H50R termisk gev\u00e6rkikkert kombinerer avanceret teknologi med robust holdbarhed for en uovertruffen j\u00e6geoplevelse. Den har en termisk sensor p\u00e5 640&#215;512 opl\u00f8sning med \u226412mK NETD for enest\u00e5ende billedklarhed, en detektionsr\u00e6kkevidde p\u00e5 3100 meter og en integreret laserm\u00e5ler til pr\u00e6cise m\u00e5linger op til 1200 meter. Det innovative Vision+-system tilbyder okul\u00e6rforst\u00f8rrelse for tydelige n\u00e6rbilleder, mens et dobbelt batterisystem sikrer lang driftstid. Fremstillet af h\u00f8jstyrke-aluminiumslegering og klassificeret IP67 er denne gev\u00e6rkikkert designet til at fungere i ethvert udend\u00f8rsmilj\u00f8 og tilpasse sig enhver situation.<\/p>\n<p>Nocpix ACE H50R termisk gev\u00e6rkikkert er et avanceret v\u00e6rkt\u00f8j designet til at gendefinere j\u00e6geoplevelsen, uanset om du navigerer gennem m\u00f8rket om natten eller jager bytte i udfordrende terr\u00e6n. Som en del af Nocpix&#8217; flagskibserie ACE, skiller denne termiske optiske kikkert sig ud ved sin overlegne billedkvalitet og pr\u00e6cision takket v\u00e6re den internt udviklede h\u00f8jopl\u00f8sende termiske sensor og de avancerede Reality+ og Vision+-systemer.<\/p>\n<p>Kernen i Nocpix ACE H50R er dens Gen-2 HD termiske sensor, som har en opl\u00f8sning p\u00e5 640&#215;512 og en billedhastighed p\u00e5 60Hz, hvilket giver utrolig stabil ydeevne. Med en NETD p\u00e5 \u226412mK registrerer denne kikkert selv de mindste temperaturforskelle og giver detaljerede og j\u00e6vne termiske billeder, perfekte til sporing af hurtigbev\u00e6gelige m\u00e5l i realtid. Det avancerede Reality+-billedbehandlingsalgoritme forbedrer dette yderligere ved at eliminere st\u00f8j fra omgivelsestemperaturen, hvilket giver overlegen kontrast og klarhed selv under udfordrende jagttilstande.<\/p>\n<p>ACE H50R er udstyret med et 50mm\/F0.9-objektiv, som lader 20% mere lys n\u00e5 sensoren, hvilket skaber lysere og klarere billeder. Dette er afg\u00f8rende for j\u00e6gere, der str\u00e6ber efter pr\u00e6cision, da den forbedrede lysgengivelse giver bedre synlighed i svagt lys. Desuden s\u00e6tter 3100 meter detektionsr\u00e6kkevidden ACE apart, da det g\u00f8r identificering og sporing af fjerne m\u00e5l lettere og mere effektiv end nogensinde f\u00f8r.<\/p>\n<p>Det integrerede Vision+-system forbedrer den visuelle oplevelse med et 1,03 tommer cirkul\u00e6rt AMOLED-display med en opl\u00f8sning p\u00e5 2560&#215;2560. Dets optiske zoom-system, designet til at undg\u00e5 sl\u00f8ring og forvr\u00e6ngning, som normalt er forbundet med traditionelle elektroniske zoom, sikrer, at j\u00e6gere nyder klare, h\u00f8jtopl\u00f8selige n\u00e6rbilleder uden at miste detaljer. Dette giver en immersiv og behagelig visningsoplevelse, uanset om du spotter bytte p\u00e5 afstand eller zoomer ind for pr\u00e6cisionskontrol.<\/p>\n<p>Bygget til forl\u00e6nget brug i felten har ACE et dobbelt batterisystem med et indbygget 4000mAh-batteri og et ekstra aftageligt 18650-batteri, hvilket muligg\u00f8r uafbrudt drift under lange jagtsessioner. Det robuste design lavet af h\u00f8jstyrke-aluminiumslegering sikrer, at ACE kan modst\u00e5 h\u00e5rde udend\u00f8rsmilj\u00f8er og intens brug, da den har best\u00e5et omfattende st\u00f8dtests. Med en IP67-vandt\u00e6t klassificering forbliver kikkerten p\u00e5lidelig under d\u00e5rlige vejrforhold og giver j\u00e6gere tryghed uanset milj\u00f8et.<\/p>\n<p>Designet med j\u00e6gere for \u00f8je indeholder Nocpix ACE H50R v\u00e6sentlige funktioner som videooptagelse aktiveret af tilbageslag og et lukkerfrit design for enkel betjening i felten. Med brugervenlige funktioner som fokusindstiller, laded\u00e6ksel og muligheden for direkte afspilning af videoer via Galleri-funktionen kombinerer denne kikkert h\u00f8j ydelse med bekvemmelighed for en optimal j\u00e6geoplevelse.<\/p>\n","protected":false},"excerpt":{"rendered":"<p>Nocpix ACE H50R termisk kikkertsigte kombinerer en avanceret 640&#215;512 12um sensor, 3100m detektering og integreret laserafstandsm\u00e5ler for uovertruffen jagt.<\/p>\n<p>Hvis varen ikke er tilg\u00e6ngelig, bedes du kontakte os: shop@nbg.eu eller +359896147790<\/p>\n<p>\n","protected":false},"featured_media":686869,"template":"","meta":{"_acf_changed":false},"product_brand":[14445],"product_cat":[16066],"product_tag":[],"class_list":{"0":"post-686822","1":"product","2":"type-product","3":"status-publish","4":"has-post-thumbnail","6":"product_brand-nocpix","7":"product_cat-thermal-cameras-da","9":"first","10":"instock","11":"taxable","12":"shipping-taxable","13":"purchasable","14":"product-type-simple"},"acf":[],"_links":{"self":[{"href":"https:\/\/nbg.eu\/da\/wp-json\/wp\/v2\/product\/686822","targetHints":{"allow":["GET"]}}],"collection":[{"href":"https:\/\/nbg.eu\/da\/wp-json\/wp\/v2\/product"}],"about":[{"href":"https:\/\/nbg.eu\/da\/wp-json\/wp\/v2\/types\/product"}],"wp:featuredmedia":[{"embeddable":true,"href":"https:\/\/nbg.eu\/da\/wp-json\/wp\/v2\/media\/686869"}],"wp:attachment":[{"href":"https:\/\/nbg.eu\/da\/wp-json\/wp\/v2\/media?parent=686822"}],"wp:term":[{"taxonomy":"product_brand","embeddable":true,"href":"https:\/\/nbg.eu\/da\/wp-json\/wp\/v2\/product_brand?post=686822"},{"taxonomy":"product_cat","embeddable":true,"href":"https:\/\/nbg.eu\/da\/wp-json\/wp\/v2\/product_cat?post=686822"},{"taxonomy":"product_tag","embeddable":true,"href":"https:\/\/nbg.eu\/da\/wp-json\/wp\/v2\/product_tag?post=686822"}],"curies":[{"name":"wp","href":"https:\/\/api.w.org\/{rel}","templated":true}]}}