{"id":686996,"date":"2025-12-18T18:25:22","date_gmt":"2025-12-18T15:25:22","guid":{"rendered":"https:\/\/nbg.eu\/product\/varmekamera-nocpix-bolt-l35r\/"},"modified":"2026-02-27T15:50:53","modified_gmt":"2026-02-27T12:50:53","slug":"varmekamera-nocpix-bolt-l35r","status":"publish","type":"product","link":"https:\/\/nbg.eu\/da\/vare\/varmekamera-nocpix-bolt-l35r\/","title":{"rendered":"Varmekamera Nocpix Bolt L35R"},"content":{"rendered":"<h2>Den perfekte start p\u00e5 din natjagt: Nocpix Bolt L35R termokamera<\/h2>\n<p>Udviklet til begyndere, der \u00f8nsker klarhed, alt-i-et-bekvemmelighed og selvtillid fra f\u00f8rste dag, kombinerer Nocpix BOLT skarp termisk billeddannelse, en indbygget afstandsm\u00e5ler og smarte ballistiske v\u00e6rkt\u00f8jer i et kompakt, let-at-bruge design &#8211; hvilket giver nye j\u00e6gere pr\u00e6cis, hvad de har brug for til at jage klogt og skyde sikkert.<\/p>\n<h2>Se tydeligt, identificer pr\u00e6cist<\/h2>\n<p>Sl\u00f8rede billeder og sv\u00e6re at se m\u00e5l er et almindeligt problem for nye brugere af termiske billedkikkerte, is\u00e6r i m\u00f8rke. Derfor er BOLT udstyret med en selvudviklet termisk sensor med \u226420mK NETD og en h\u00f8jhastigheds billedfrekvens p\u00e5 50Hz, hvilket giver dig j\u00e6vne, h\u00f8jopl\u00f8ste billeder, selv under h\u00e5rde forhold. Drevet af vores Reality+ billedbehandlingsalgoritme kutter BOLT gennem t\u00e5ge, buske og m\u00f8rke for at give skarpe billeder og p\u00e5lidelig m\u00e5lidentifikation.<\/p>\n<h2>Bliv let, bliv fokuseret<\/h2>\n<p>Som ny j\u00e6ger, is\u00e6r n\u00e5r du stadig v\u00e6nner dig til at bev\u00e6ge dig stille og holde fokus. Derfor holder Nocpix BOLT tingene simple. V\u00e6gter kun 880 gram og med et kompakt, str\u00f8mlinet design, er den nem at b\u00e6re, montere og betjene, selv p\u00e5 lange j\u00e6gtur.<\/p>\n<h2>Kend afstanden, jagt med selvtillid<\/h2>\n<p>For nye j\u00e6gere kan det v\u00e6re sv\u00e6rt at bed\u00f8mme afstanden, og mislykkede skud kan ryste deres selvtillid. BOLT tager stresset ud af skydning med en indbygget 1.200-meter laser-afstandsm\u00e5ler og intelligent ballistisk beregner. Du f\u00e5r pr\u00e6cise afstandsdata og \u00f8jeblikkelig retningshj\u00e6lp, der hj\u00e6lper dig med at ramme ethvert skud lige d\u00e9r, hvor det t\u00e6ller. Fra din f\u00f8rste jagt og fremover giver BOLT begyndere det ekstra, de beh\u00f8ver for at skyde klogere og mere konsistent.<\/p>\n<h2>Jagt hele dagen uden at bekymre dig om str\u00f8m<\/h2>\n<p>At l\u00f8be t\u00f8r for batteri under jagten er et mareridt for enhver ny j\u00e6ger. Derfor er BOLT designet med et dobbelt batterisystem &#8211; et langtidsholdbart 5000mAh indbygget batteri plus et udskifteligt 18650 reservebatteri. Med en samlet kapacitet p\u00e5 9000mAh f\u00e5r du op til 12 timers kontinuerlig brug. Ingen stress, ingen afbrydelser &#8211; kun str\u00f8m, der er med dig fra solopgang til solnedgang.<\/p>\n<h2>Intelligent udstyr, engageret jagt<\/h2>\n<p>For begyndere kan det v\u00e6re sv\u00e6rt at v\u00e6nne sig til nyt udstyr. BOLT g\u00f8r processen nem med tilpassede retikler, justerbare skydeindstillinger og syv farvepaletter, der passer til forskellige milj\u00f8er. Derudover giver s\u00f8ml\u00f8s app-integration dig mulighed for at tilpasse din ops\u00e6tning og dele dine eventyr, hvilket g\u00f8r hver jagt ikke bare klogere, men ogs\u00e5 mere sjov og givende.<\/p>\n<h2>Robust design, p\u00e5lidelig ydelse<\/h2>\n<p>N\u00e5r man er lige begyndt, er det sidste, man vil bekymre sig om, at ens udstyr g\u00e5r i stykker ude i marken. BOLT er bygget robust med et slidst\u00e6rkt, etdelt aluminiumshus og IP67-beskyttelse mod st\u00f8v og vand. Den er testet til at kunne klare fald og h\u00f8jt tilbageslag, s\u00e5 den forbliver p\u00e5lidelig og pr\u00e6cis, uanset hvor h\u00e5rde betingelserne er.<\/p>\n","protected":false},"excerpt":{"rendered":"<p>Termokameraet Nocpix Bolt L35R tilbyder skarp termisk billeddannelse, indbygget afstandsm\u00e5ler og smarte ballistiske v\u00e6rkt\u00f8jer i et kompakt, nemt at bruge design for nye nathuntere.<\/p>\n<p>Hvis varen ikke er tilg\u00e6ngelig, bedes du kontakte os: shop@nbg.eu eller +359896147790<\/p>\n","protected":false},"featured_media":687235,"template":"","meta":{"_acf_changed":false},"product_brand":[14445],"product_cat":[2876],"product_tag":[],"class_list":{"0":"post-686996","1":"product","2":"type-product","3":"status-publish","4":"has-post-thumbnail","6":"product_brand-nocpix","7":"product_cat-rahohvatki","9":"first","10":"instock","11":"taxable","12":"shipping-taxable","13":"purchasable","14":"product-type-simple"},"acf":[],"_links":{"self":[{"href":"https:\/\/nbg.eu\/da\/wp-json\/wp\/v2\/product\/686996","targetHints":{"allow":["GET"]}}],"collection":[{"href":"https:\/\/nbg.eu\/da\/wp-json\/wp\/v2\/product"}],"about":[{"href":"https:\/\/nbg.eu\/da\/wp-json\/wp\/v2\/types\/product"}],"wp:featuredmedia":[{"embeddable":true,"href":"https:\/\/nbg.eu\/da\/wp-json\/wp\/v2\/media\/687235"}],"wp:attachment":[{"href":"https:\/\/nbg.eu\/da\/wp-json\/wp\/v2\/media?parent=686996"}],"wp:term":[{"taxonomy":"product_brand","embeddable":true,"href":"https:\/\/nbg.eu\/da\/wp-json\/wp\/v2\/product_brand?post=686996"},{"taxonomy":"product_cat","embeddable":true,"href":"https:\/\/nbg.eu\/da\/wp-json\/wp\/v2\/product_cat?post=686996"},{"taxonomy":"product_tag","embeddable":true,"href":"https:\/\/nbg.eu\/da\/wp-json\/wp\/v2\/product_tag?post=686996"}],"curies":[{"name":"wp","href":"https:\/\/api.w.org\/{rel}","templated":true}]}}