{"id":687696,"date":"2026-01-08T18:14:10","date_gmt":"2026-01-08T15:14:10","guid":{"rendered":"https:\/\/nbg.eu\/product\/termisk-monokular-lumi-h35\/"},"modified":"2026-04-14T15:48:07","modified_gmt":"2026-04-14T12:48:07","slug":"termisk-monokular-lumi-h35","status":"publish","type":"product","link":"https:\/\/nbg.eu\/da\/vare\/termisk-monokular-lumi-h35\/","title":{"rendered":"Nocpix Termisk Monokular LUMI H35"},"content":{"rendered":"<h2>Nocpix LUMI H35: Din uundv\u00e6rlige f\u00f8lgesvend til alle form\u00e5l<\/h2>\n<p>LUMI-serien af varmebilleddannende monokul\u00e6r er designet til brug b\u00e5de dag og nat og giver dig fremragende billedkvalitet selv under vanskelige vejrforhold som t\u00e5ge, smog eller regn. Selv hvis forhindringer som grene, h\u00f8jt gr\u00e6s eller t\u00e6t bevoksning g\u00f8r det sv\u00e6rt at se, giver denne teknologi dig mulighed for altid at se tydeligt, hvad der er foran dig. De er ogs\u00e5 s\u00e5 kompakte og lette, at du nemt kan b\u00e6re dem overalt.<\/p>\n<p>LUMI-varmekameraer er perfekte til en r\u00e6kke forskellige anvendelser som jagt, overv\u00e5gning, sikkerhed, terr\u00e6norientering eller s\u00f8g- og redningsaktioner.<\/p>\n<h2>Uovertruffet billedydelse for knivskarp billedkvalitet<\/h2>\n<p>LUMI-serien s\u00e6tter nye standarder, n\u00e5r det g\u00e6lder billedkvalitet. Udstyret med de mest avancerede billedbehandlingsalgoritmer og en kraftfuld varmesensor med NETD &lt; 18 mK, leverer kameraet knivskarp og realistisk billedkvalitet. AMOLED-displayet med en opl\u00f8sning p\u00e5 1024 x 768 pixels sikrer en fremragende billedpr\u00e6sentation, mens Ultra Clear-tilstanden yderligere optimerer billedklarhed, is\u00e6r under vanskelige vejrforhold.<\/p>\n<h2>Personlig visningsoplevelse &#8211; tilpas din enhed perfekt<\/h2>\n<p>Takket v\u00e6re den store 640 x 512 px-sensor og forskellige justeringsmuligheder kan du tilpasse enheden pr\u00e6cist efter dine behov. V\u00e6lg mellem 5 farvetilstande og optim\u00e9r din visning med 10 niveauer af lysstyrke, skarphed og kontrast &#8211; s\u00e5 du ikke g\u00e5r glip af nogen detaljer.<\/p>\n<h2>Det er nemt at dele oplevelser med LUMI<\/h2>\n<p>For den moderne j\u00e6ger er det vigtigt at kunne optage s\u00e6rlige \u00f8jeblikke. Med Nocpix LUMI H35 kan du ikke blot nemt dele dine optagelser via appen, men ogs\u00e5 afspille dem direkte p\u00e5 enheden &#8211; perfekt til \u00f8jeblikkeligt at dele dine oplevelser med andre.<\/p>\n<h2>Fleksibel brug takket v\u00e6re et udskifteligt batterisystem<\/h2>\n<p>LUMI-serien er udstyret med standard 18650-batterier, hvilket giver dig maksimal fleksibilitet. Uanset hvor du befinder dig, vil du med den medf\u00f8lgende batterilader v\u00e6re klar til handling igen p\u00e5 ingen tid &#8211; og du kan forts\u00e6tte din mission.<\/p>\n","protected":false},"excerpt":{"rendered":"<p>Nocpix LUMI H35: Din uundv\u00e6rlige f\u00f8lgesvend til alle form\u00e5l. 640 sensor med 18 mK, AMOLED-display med 1024 \u00d7 768 pixel, aftagbart 18650-batteri, detektionsomr\u00e5de p\u00e5 ca. 1800 meter, kompakt design.<\/p>\n<p>Hvis varen ikke er tilg\u00e6ngelig, bedes du kontakte os: shop@nbg.eu eller +359896147790<\/p>\n","protected":false},"featured_media":687725,"template":"","meta":{"_acf_changed":false},"product_brand":[14445],"product_cat":[16065,13110],"product_tag":[],"class_list":{"0":"post-687696","1":"product","2":"type-product","3":"status-publish","4":"has-post-thumbnail","6":"product_brand-nocpix","7":"product_cat-monoculars-da","8":"product_cat-termisk","10":"first","11":"instock","12":"taxable","13":"shipping-taxable","14":"purchasable","15":"product-type-simple"},"acf":[],"_links":{"self":[{"href":"https:\/\/nbg.eu\/da\/wp-json\/wp\/v2\/product\/687696","targetHints":{"allow":["GET"]}}],"collection":[{"href":"https:\/\/nbg.eu\/da\/wp-json\/wp\/v2\/product"}],"about":[{"href":"https:\/\/nbg.eu\/da\/wp-json\/wp\/v2\/types\/product"}],"wp:featuredmedia":[{"embeddable":true,"href":"https:\/\/nbg.eu\/da\/wp-json\/wp\/v2\/media\/687725"}],"wp:attachment":[{"href":"https:\/\/nbg.eu\/da\/wp-json\/wp\/v2\/media?parent=687696"}],"wp:term":[{"taxonomy":"product_brand","embeddable":true,"href":"https:\/\/nbg.eu\/da\/wp-json\/wp\/v2\/product_brand?post=687696"},{"taxonomy":"product_cat","embeddable":true,"href":"https:\/\/nbg.eu\/da\/wp-json\/wp\/v2\/product_cat?post=687696"},{"taxonomy":"product_tag","embeddable":true,"href":"https:\/\/nbg.eu\/da\/wp-json\/wp\/v2\/product_tag?post=687696"}],"curies":[{"name":"wp","href":"https:\/\/api.w.org\/{rel}","templated":true}]}}