{"id":687811,"date":"2026-01-08T18:13:58","date_gmt":"2026-01-08T15:13:58","guid":{"rendered":"https:\/\/nbg.eu\/product\/varmekamera-ace-s60r\/"},"modified":"2026-04-14T15:48:15","modified_gmt":"2026-04-14T12:48:15","slug":"varmekamera-ace-s60r","status":"publish","type":"product","link":"https:\/\/nbg.eu\/da\/vare\/varmekamera-ace-s60r\/","title":{"rendered":"Nocpix Termisk Kamera ACE S60R"},"content":{"rendered":"<h2>Produktbeskrivelse<\/h2>\n<p>Nocpix ACE S60R Termisk Kikkert er et helt nyt og avanceret v\u00e6rkt\u00f8j designet til elite j\u00e6gere, som kr\u00e6ver topydelse i de mest udfordrende milj\u00f8er. Med sin avancerede teknologi og robuste konstruktion er denne f\u00f8rende termiske kikkert designet til at hj\u00e6lpe dig med at beherske natten og t\u00e6mme vildt. Uanset om du scanner efter bytte p\u00e5 lange afstande eller forf\u00f8lger hurtigt bev\u00e6gende m\u00e5l, tilbyder ACE S60R S60R us\u00e6dvanlig klarhed, pr\u00e6cision og p\u00e5lidelighed.<\/p>\n<p>Hjertet i denne ekstraordin\u00e6re kikkert er en Gen-2 HD termisk sensor med en imponerende opl\u00f8sning p\u00e5 1280\u00d71024 og en ultra-f\u00f8lsom NETD p\u00e5 \u226415mK. Denne n\u00e6ste generations sensor g\u00f8r det muligt for ACE S60R at registrere selv de mindste temperatur\u00e6ndringer og levere klare, detaljerede termiske billeder i realtid. Med en billedhastighed p\u00e5 50 Hz leverer kikkerten j\u00e6vne visuals, der kan f\u00f8lge hastigheden p\u00e5 dit m\u00e5l, s\u00e5 du kan l\u00e5se dig fast med us\u00e6dvanlig pr\u00e6cision.<\/p>\n<p>Nocpix ACE S60R har ogs\u00e5 et 60mm\/F1.0 objektiv, der indsamler 20% mere lys end standard kikkerter, hvilket giver dig lysere og klarere billeder selv i de m\u00f8rkeste forhold. Dens overlegne langdistance-detektering p\u00e5 op til 3100 meter g\u00f8r det muligt for dig at let identificere og forf\u00f8lge fjerne m\u00e5l, hvilket giver en afg\u00f8rende fordel i langtr\u00e6kkende jagt- og skydescenarier. Kombineret med Nocpix&#8217; propriet\u00e6re Reality+ billedbehandlingsalgoritme reducerer ACE S60R effektivt omgivende st\u00f8j og leverer skarp, h\u00f8j-kontrast billeder hver gang.<\/p>\n<p>For dem, der \u00f8nsker endnu mere visuel klarhed, er ACE S60R udstyret med det innovative Vision+ system. Den runde 1.03-tommer 2560\u00d72560 AMOLED-sk\u00e6rm kombineret med brancheledende okular-forst\u00f8rrelse leverer us\u00e6dvanlig optisk forst\u00f8rrelse uden sl\u00f8ring eller forvr\u00e6ngning, som normalt er forbundet med elektronisk forst\u00f8rrelse. Denne banebrydende teknologi sikrer, at du nyder en krystalklar udsigt og et bredt synsfelt, uanset om du kommer t\u00e6ttere p\u00e5 dit m\u00e5l eller scanner dine omgivelser.<\/p>\n<p>Pr\u00e6cision er n\u00f8glen, n\u00e5r det kommer til jagt, og ACE S60R skuffer ikke. Dens indbyggede Laser Afstandsm\u00e5ler (LRF) tilbyder pr\u00e6cise m\u00e5linger op til 1200 meter. LRF&#8217;en er s\u00f8ml\u00f8st integreret i det str\u00f8mlinede design, hvilket opretholder den sande optiske aksejustering, mens du kan beregne n\u00f8jagtige afstande uden at forstyrre fokus. Og med indbygget ballistisk beregningsfunktionalitet sikrer ACE S60R, at dine skud er pr\u00e6cise, idet der tages h\u00f8jde for alle faktorer for fejlfri n\u00f8jagtighed.<\/p>\n<p>Designet til j\u00e6gere har Nocpix ACE S60R ogs\u00e5 et dobbelt batterisystem med et indbygget 4000mAh batteri og et aftagelig 18650-batteri til forl\u00e6nget brug i felten. Ingen bekymringer mere om at l\u00f8be t\u00f8r for str\u00f8m midt under jagten &#8211; dette system er designet til at holde, s\u00e5 l\u00e6nge dit eventyr varer. Derudover funktioner som auto-sk\u00e6rm sluk, rystelsesaktiveret videooptagelse og et design uden d\u00e6ksel g\u00f8r denne termiske kikkert til et sandf\u00e6rdigt spilskiftende produkt i felten.<\/p>\n<p>Bygget til de h\u00e5rdeste udend\u00f8rs forhold er ACE S60R lavet af h\u00f8jstyrke aluminium, der er blevet rigoristisk testet til at modst\u00e5 ekstreme st\u00f8d og grov behandling. Klassificeret IP67 for vandmodstand yder den fejlfrit i regn, st\u00f8v og udfordrende milj\u00f8er, s\u00e5 din kikkert er lige s\u00e5 holdbar som dine j\u00e6gerbegavelser.<\/p>\n<p>Nocpix ACE S60R er mere end bare et termisk sigte &#8211; det er den ultimative jagtpartner. Med avanceret teknologi, fremragende holdbarhed og en r\u00e6kke avancerede funktioner designet til at forbedre din jagtoplevelse, vil dette sigte redefinere, hvad du forventer af dit udstyr. G\u00f8r dig klar til at beherske natten.<\/p>\n","protected":false},"excerpt":{"rendered":"<p>Nocpix ACE S60R Termisk Scope er et topmoderne v\u00e6rkt\u00f8j til elitej\u00e6gere, der tilbyder us\u00f8gt klarhed, pr\u00e6cision og p\u00e5lidelighed i de mest udfordrende milj\u00f8er. Dens Gen-2 HD termisk sensor, 60 mm\/F1.0 objektiv og avancerede Vision+-system leverer fremragende billedkvalitet, mens den integrerede laserafstandsm\u00e5ler, balistiske beregninger og dobbeltsystem for batterier giver pr\u00e6cision og udvidet brug. Fremstillet af holdbart aluminiumslegering og IP67-klassificeret er ACE S60R bygget til at klare selv de h\u00e5rdeste forhold.<\/p>\n","protected":false},"featured_media":687832,"template":"","meta":{"_acf_changed":false},"product_brand":[14445],"product_cat":[16066],"product_tag":[],"class_list":{"0":"post-687811","1":"product","2":"type-product","3":"status-publish","4":"has-post-thumbnail","6":"product_brand-nocpix","7":"product_cat-thermal-cameras-da","9":"first","10":"instock","11":"taxable","12":"shipping-taxable","13":"purchasable","14":"product-type-simple"},"acf":[],"_links":{"self":[{"href":"https:\/\/nbg.eu\/da\/wp-json\/wp\/v2\/product\/687811","targetHints":{"allow":["GET"]}}],"collection":[{"href":"https:\/\/nbg.eu\/da\/wp-json\/wp\/v2\/product"}],"about":[{"href":"https:\/\/nbg.eu\/da\/wp-json\/wp\/v2\/types\/product"}],"wp:featuredmedia":[{"embeddable":true,"href":"https:\/\/nbg.eu\/da\/wp-json\/wp\/v2\/media\/687832"}],"wp:attachment":[{"href":"https:\/\/nbg.eu\/da\/wp-json\/wp\/v2\/media?parent=687811"}],"wp:term":[{"taxonomy":"product_brand","embeddable":true,"href":"https:\/\/nbg.eu\/da\/wp-json\/wp\/v2\/product_brand?post=687811"},{"taxonomy":"product_cat","embeddable":true,"href":"https:\/\/nbg.eu\/da\/wp-json\/wp\/v2\/product_cat?post=687811"},{"taxonomy":"product_tag","embeddable":true,"href":"https:\/\/nbg.eu\/da\/wp-json\/wp\/v2\/product_tag?post=687811"}],"curies":[{"name":"wp","href":"https:\/\/api.w.org\/{rel}","templated":true}]}}