{"id":688029,"date":"2025-10-17T23:10:38","date_gmt":"2025-10-17T20:10:38","guid":{"rendered":"https:\/\/nbg.eu\/product\/halvautomatisk-pistol-kmr-w-02-spectra-s-kal-9x19\/"},"modified":"2026-04-16T16:18:02","modified_gmt":"2026-04-16T13:18:02","slug":"halvautomatisk-pistol-kmr-w-02-spectra-s-kal-9x19","status":"publish","type":"product","link":"https:\/\/nbg.eu\/da\/vare\/halvautomatisk-pistol-kmr-w-02-spectra-s-kal-9x19\/","title":{"rendered":"KMR Halvautomatisk Pistol W-02 SPECTRA S"},"content":{"rendered":"<h2>KMR W-02 SPECTRA S OR Halvautomatisk Pistol &#8211; 9&#215;19 Kaliber<\/h2>\n<p>Hastighed kombineret med kompakthed. KMR W-02 SPECTRA S OR er en pistol med et mere kompakt design med et reduceret greb. Som med vores andre modeller kan du forvente h\u00f8j pr\u00e6cision og en j\u00e6vn, flydende betjening med denne pistol. Pistolen er udstyret med BRS-l\u00f8bstabiliseringssystem, KMR-tilbeh\u00f8r, fuldst\u00e6ndigt justerbart bagudsyn, konkurrencehane og optik-klar gr\u00e6nseflade.<\/p>\n<p>Funktioner:<\/p>\n<ul>\n<li>5&#8243; Tung, riflet, nitreret l\u00f8b<\/li>\n<li>BRS &#8211; Barrel Ring System &#8211; l\u00f8bstabiliseringssystem i sl\u00e6den<\/li>\n<li>Ramme og sl\u00e6de af st\u00e5l, CNC-bearbejdet fra en massiv blank<\/li>\n<li>Nitreret ramme og sl\u00e6de &#8211; sort<\/li>\n<li>Ramme reduceret i grebomr\u00e5det<\/li>\n<li>Optisk klar gr\u00e6nseflade (OR)<\/li>\n<li>Fiber optisk frontsigt (1 mm)<\/li>\n<li>Fuldt justerbart OR bagudsyn<\/li>\n<li>SA\/DA-aftr\u00e6kkersystem<\/li>\n<li>St\u00e5lriflet SA\/DA-aftr\u00e6kkere med justerbar overl\u00f8b &#8211; sort<\/li>\n<li>Kort tilbageslagning<\/li>\n<li>Konkurrence SA\/DA-hane<\/li>\n<li>Forl\u00e6nget venstre manuel sikkerhed<\/li>\n<li>Flad h\u00f8jre manuel sikkerhed<\/li>\n<li>Duralumin WAVES-greb &#8211; m\u00f8rker\u00f8d<\/li>\n<li>Justerbar duralumin magasinudl\u00f8serknap &#8211; sort<\/li>\n<li>Magasin 9&#215;19, 9&#215;21 med kapacitet p\u00e5 17 patroner<\/li>\n<li>Magasin &#8211; 3x<\/li>\n<li>KMR Pistolkasse, reng\u00f8ringsudstyr, KMR olie, l\u00f8bsmonteringsv\u00e6rkt\u00f8j, hovedfjeder 14 lbs, tilbagekoblingsfjeder 11 lbs, 13 lbs, st\u00f8dd\u00e6mpers\u00e6t, unbrakon\u00f8gler, l\u00e5setr\u00e5d, garantikort, brugsanvisning<\/li>\n<\/ul>\n<p>Specifikationer:<\/p>\n<ul>\n<li>Kaliber: 9&#215;19, 9&#215;21<\/li>\n<li>Samlet l\u00e6ngde: 220 mm \/ 8,7 in<\/li>\n<li>Sl\u00e6dest\u00f8rrelse: 194 mm \/ 7,6 in<\/li>\n<li>Samlet bredde: 39 mm \/ 1,5 in<\/li>\n<li>Sl\u00e6debredde: 26 mm \/ 1 in<\/li>\n<li>Samlet h\u00f8jde: 146 mm \/ 5,7 in<\/li>\n<li>Sigtelinjel\u00e6ngde: 177 mm \/ 7 in<\/li>\n<li>L\u00f8bsl\u00e6ngde: 127 mm \/ 5 in<\/li>\n<li>Magasinkapacitet: 17<\/li>\n<li>Aftr\u00e6kkersystem: SA \/ DA<\/li>\n<li>Aftr\u00e6kkerkraft: 17,5 N \/ 45 N<\/li>\n<li>Tilbagekoblingsfjer: 12 lbs<\/li>\n<li>Hovedfjer: 17 lbs<\/li>\n<li>V\u00e6gt (uden magasin): 1230 g \/ 43,4 oz<\/li>\n<li>V\u00e6gt (med tomt magasin): 1320 g \/ 46,6 oz<\/li>\n<\/ul>\n","protected":false},"excerpt":{"rendered":"<p>Hastighed kombineret med kompakthed. KMR W-02 SPECTRA S OR er en pistol med et mere kompakt design med et reduceret greb. Som med vores andre modeller kan du forvente h\u00f8j pr\u00e6cision og en j\u00e6vn, flydende betjening med denne pistol. Pistolen er udstyret med BRS l\u00f8bstabiliseringssystem, KMR-tilbeh\u00f8r, fuldt justerbart bagsigte, konkurrencehane og optiksklar gr\u00e6nseflade.<\/p>\n","protected":false},"featured_media":688103,"template":"","meta":{"_acf_changed":false},"product_brand":[11506],"product_cat":[13138],"product_tag":[],"class_list":{"0":"post-688029","1":"product","2":"type-product","3":"status-publish","4":"has-post-thumbnail","6":"product_brand-kmr-precision","7":"product_cat-pistoler","9":"first","10":"instock","11":"taxable","12":"shipping-taxable","13":"purchasable","14":"product-type-simple"},"acf":[],"_links":{"self":[{"href":"https:\/\/nbg.eu\/da\/wp-json\/wp\/v2\/product\/688029","targetHints":{"allow":["GET"]}}],"collection":[{"href":"https:\/\/nbg.eu\/da\/wp-json\/wp\/v2\/product"}],"about":[{"href":"https:\/\/nbg.eu\/da\/wp-json\/wp\/v2\/types\/product"}],"wp:featuredmedia":[{"embeddable":true,"href":"https:\/\/nbg.eu\/da\/wp-json\/wp\/v2\/media\/688103"}],"wp:attachment":[{"href":"https:\/\/nbg.eu\/da\/wp-json\/wp\/v2\/media?parent=688029"}],"wp:term":[{"taxonomy":"product_brand","embeddable":true,"href":"https:\/\/nbg.eu\/da\/wp-json\/wp\/v2\/product_brand?post=688029"},{"taxonomy":"product_cat","embeddable":true,"href":"https:\/\/nbg.eu\/da\/wp-json\/wp\/v2\/product_cat?post=688029"},{"taxonomy":"product_tag","embeddable":true,"href":"https:\/\/nbg.eu\/da\/wp-json\/wp\/v2\/product_tag?post=688029"}],"curies":[{"name":"wp","href":"https:\/\/api.w.org\/{rel}","templated":true}]}}