{"id":688153,"date":"2025-10-17T23:30:59","date_gmt":"2025-10-17T20:30:59","guid":{"rendered":"https:\/\/nbg.eu\/product\/semi-automatisk-pistol-kmr-umbra-w-02-kaliber-9x19-med-gevindskaaren-loeb\/"},"modified":"2026-04-16T16:17:59","modified_gmt":"2026-04-16T13:17:59","slug":"semi-automatisk-pistol-kmr-umbra-w-02-kaliber-9x19-med-gevindskaaren-loeb","status":"publish","type":"product","link":"https:\/\/nbg.eu\/da\/vare\/semi-automatisk-pistol-kmr-umbra-w-02-kaliber-9x19-med-gevindskaaren-loeb\/","title":{"rendered":"KMR Halvautomatisk Pistol W-02 UMBRA med Gevindl\u00f8b"},"content":{"rendered":"<h2>KMR W-02 UMBRA OR &#8211; Kraftfuld og kompakt pistol til konkurrenceskydning<\/h2>\n<p>Med denne kompakte pistol vil du ikke g\u00e5 tabt i konkurrencen, tv\u00e6rtimod kan du overraske.<\/p>\n<p>Pistolen er udstyret med KMR-tilbeh\u00f8r og BRS-l\u00f8bstabilisering, s\u00e5 det betyder et skud i plet.<\/p>\n<p>Denne model er ikke blot til sportsud\u00f8velse, men til enhver passioneret skytte.<\/p>\n<h2>N\u00f8glefunktioner<\/h2>\n<ul>\n<li>4,5&#8243; tung, rillet, nitrideret l\u00f8b<\/li>\n<li>BRS &#8211; Barrel Ring System &#8211; l\u00f8bstabiliseringssystem i glidestykket<\/li>\n<li>Ramme og glidestykke af st\u00e5l, CNC-bearbejdet fra et fast emne<\/li>\n<li>Nitrideret ramme og glidestykke &#8211; sort<\/li>\n<li>Interface klar til sigte<\/li>\n<li>Fiber-optisk frontsigte (1 mm)<\/li>\n<li>Fuldt justerbart bagsigte<\/li>\n<li>SA\/DA-aftr\u00e6kkersystem<\/li>\n<li>St\u00e5l serrateret SA\/DA-aftr\u00e6kkeren med justerbar overrejse &#8211; sort<\/li>\n<li>Kort tilbagestilling<\/li>\n<li>Konkurrence SA\/DA-hane<\/li>\n<li>Forl\u00e6nget venstre manuelt sikkerhedsh\u00e5ndtag<\/li>\n<li>Flad h\u00f8jre manuelt sikkerhedsh\u00e5ndtag<\/li>\n<li>Duralumin WAVES-greb &#8211; sort<\/li>\n<li>Justerbar duralumin magasinudl\u00f8serknap &#8211; sort<\/li>\n<li>Magasin 9&#215;19, 9&#215;21 med en kapacitet p\u00e5 17 patroner<\/li>\n<\/ul>\n<h2>Hvad er inkluderet<\/h2>\n<ul>\n<li>KMR W-02 UMBRA OR-pistol<\/li>\n<li>3 stk. magasiner<\/li>\n<li>Reng\u00f8rings\u00e6t<\/li>\n<li>KMR-olie<\/li>\n<li>V\u00e6rkt\u00f8j til montering af l\u00f8b<\/li>\n<li>Hovedfjedre 14 lbs<\/li>\n<li>Tilbagefjedre 11 lbs, 13 lbs<\/li>\n<li>Buffersat<\/li>\n<li>Unbrakon\u00f8gler<\/li>\n<li>L\u00e5semiddel<\/li>\n<li>Garantikort<\/li>\n<li>Brugermanual<\/li>\n<li>S\u00e6t af KMR Precision Arms-reklameklisterm\u00e6rker<\/li>\n<\/ul>\n<h2>Specifikationer<\/h2>\n<ul>\n<li>Kaliber: 9&#215;19, 9&#215;21<\/li>\n<li>Samlet l\u00e6ngde: 208 mm \/ 8,2 tommer<\/li>\n<li>Glidestykkel\u00e6ngde: 181 mm \/ 7 tommer<\/li>\n<li>Samlet bredde: 39 mm \/ 1,5 tommer<\/li>\n<li>Glidestykkebredde: 26 mm \/ 1 tomme<\/li>\n<li>Samlet h\u00f8jde: 143 mm \/ 5,6 tommer<\/li>\n<li>Sigteh\u00f8jde: 164 mm \/ 6,5 tommer<\/li>\n<li>L\u00f8bl\u00e6ngde: 114 mm \/ 4,5 tommer<\/li>\n<li>Magasinkapacitet: 17<\/li>\n<li>Aftr\u00e6kkersystem: SA \/ DA<\/li>\n<li>Aftr\u00e6kkertr\u00e6k: 17,5 N \/ 45 N<\/li>\n<li>Tilbagefjedre: 12 lbs<\/li>\n<li>Hovedfjedre: 17 lbs<\/li>\n<li>V\u00e6gt (uden magasin): 1180 g \/ 41,6 oz<\/li>\n<li>V\u00e6gt (med tomt magasin): 1270 g \/ 44,8 oz<\/li>\n<\/ul>\n","protected":false},"excerpt":{"rendered":"<p>Lille og kompakt, men kraftig KMR W-02 UMBRA OR 9&#215;19-pistol med gevindb\u00f8sset l\u00f8b og BRS-l\u00f8bsstabilisering.<\/p>\n","protected":false},"featured_media":0,"template":"","meta":{"_acf_changed":false},"product_brand":[],"product_cat":[13155],"product_tag":[],"class_list":{"0":"post-688153","1":"product","2":"type-product","3":"status-publish","5":"product_cat-ukategoriseret","7":"first","8":"instock","9":"taxable","10":"shipping-taxable","11":"purchasable","12":"product-type-simple"},"acf":[],"_links":{"self":[{"href":"https:\/\/nbg.eu\/da\/wp-json\/wp\/v2\/product\/688153","targetHints":{"allow":["GET"]}}],"collection":[{"href":"https:\/\/nbg.eu\/da\/wp-json\/wp\/v2\/product"}],"about":[{"href":"https:\/\/nbg.eu\/da\/wp-json\/wp\/v2\/types\/product"}],"wp:attachment":[{"href":"https:\/\/nbg.eu\/da\/wp-json\/wp\/v2\/media?parent=688153"}],"wp:term":[{"taxonomy":"product_brand","embeddable":true,"href":"https:\/\/nbg.eu\/da\/wp-json\/wp\/v2\/product_brand?post=688153"},{"taxonomy":"product_cat","embeddable":true,"href":"https:\/\/nbg.eu\/da\/wp-json\/wp\/v2\/product_cat?post=688153"},{"taxonomy":"product_tag","embeddable":true,"href":"https:\/\/nbg.eu\/da\/wp-json\/wp\/v2\/product_tag?post=688153"}],"curies":[{"name":"wp","href":"https:\/\/api.w.org\/{rel}","templated":true}]}}