{"id":688799,"date":"2025-12-22T15:23:07","date_gmt":"2025-12-22T12:23:07","guid":{"rendered":"https:\/\/nbg.eu\/product\/hyllus-duffel-military-green-65-liter\/"},"modified":"2026-04-15T14:13:45","modified_gmt":"2026-04-15T11:13:45","slug":"hyllus-duffel-military-green-65-liter","status":"publish","type":"product","link":"https:\/\/nbg.eu\/da\/vare\/hyllus-duffel-military-green-65-liter\/","title":{"rendered":"Eberlestock Duffeltaske Hyllus &#8211; 65 Liter"},"content":{"rendered":"<h2>Hyllus Duffel &#8211; 65 liter<\/h2>\n<p>Hyllus Duffel er en vandsikker og ekstremt holdbar duffeltaske, der er perfekt til at samle udstyr i pickup&#8217;en eller i h\u00e5ndbagagen. Gulvet og sidev\u00e6rterne er belagt med 1000D TPU-belagt nylon, og toppen er lavet af 500D TPU-belagt nylonstruktur.<\/p>\n<p>Indvendige og udvendige lynl\u00e5slommer g\u00f8r det nemt og sikkert at organisere sm\u00e5 genstande, mens en stor \u00e5bning til hovedrummet g\u00f8r, at du hurtigt kan opbevare t\u00f8j og store genstande. Hyllus har et v\u00e6vede b\u00e5nd, s\u00e5 den nemt kan fastg\u00f8res til et teleskopisk kufferth\u00e5ndtag.<\/p>\n<h2>Dimensioner<\/h2>\n<p>65L volumen: 3966ci<br \/>\n65L v\u00e6gt: 2,5 Lb<br \/>\n65L dimensioner: 11Hx27Lx13W<\/p>\n<h2>Funktioner<\/h2>\n<p>Vandt\u00e6t konstruktion<br \/>\nStort hovedrum med lynl\u00e5slommer til indvendig organisering<br \/>\nUdvendige lynl\u00e5slommer p\u00e5 begge sider og fronten<br \/>\nDuffel-b\u00e6reremme<\/p>\n","protected":false},"excerpt":{"rendered":"<p>Den Hyllus Duffel- 65 Liter er en vandsikker og yderst holdbar duffelbag med 3966ci volumen og vejer 2,5Lb.<\/p>\n","protected":false},"featured_media":688865,"template":"","meta":{"_acf_changed":false},"product_brand":[15141],"product_cat":[13079],"product_tag":[],"class_list":{"0":"post-688799","1":"product","2":"type-product","3":"status-publish","4":"has-post-thumbnail","6":"product_brand-eberlestock","7":"product_cat-rangetasker","9":"first","10":"instock","11":"taxable","12":"shipping-taxable","13":"purchasable","14":"product-type-variable","15":"wvs-archive-product-wrapper"},"acf":[],"_links":{"self":[{"href":"https:\/\/nbg.eu\/da\/wp-json\/wp\/v2\/product\/688799","targetHints":{"allow":["GET"]}}],"collection":[{"href":"https:\/\/nbg.eu\/da\/wp-json\/wp\/v2\/product"}],"about":[{"href":"https:\/\/nbg.eu\/da\/wp-json\/wp\/v2\/types\/product"}],"wp:featuredmedia":[{"embeddable":true,"href":"https:\/\/nbg.eu\/da\/wp-json\/wp\/v2\/media\/688865"}],"wp:attachment":[{"href":"https:\/\/nbg.eu\/da\/wp-json\/wp\/v2\/media?parent=688799"}],"wp:term":[{"taxonomy":"product_brand","embeddable":true,"href":"https:\/\/nbg.eu\/da\/wp-json\/wp\/v2\/product_brand?post=688799"},{"taxonomy":"product_cat","embeddable":true,"href":"https:\/\/nbg.eu\/da\/wp-json\/wp\/v2\/product_cat?post=688799"},{"taxonomy":"product_tag","embeddable":true,"href":"https:\/\/nbg.eu\/da\/wp-json\/wp\/v2\/product_tag?post=688799"}],"curies":[{"name":"wp","href":"https:\/\/api.w.org\/{rel}","templated":true}]}}