{"id":688911,"date":"2025-12-22T15:33:09","date_gmt":"2025-12-22T12:33:09","guid":{"rendered":"https:\/\/nbg.eu\/product\/hyllus-duffel-military-green-45-liter\/"},"modified":"2026-04-15T14:13:41","modified_gmt":"2026-04-15T11:13:41","slug":"hyllus-duffel-military-green-45-liter","status":"publish","type":"product","link":"https:\/\/nbg.eu\/da\/vare\/hyllus-duffel-military-green-45-liter\/","title":{"rendered":"Eberlestock Duffeltaske Hyllus &#8211; 45 Liter"},"content":{"rendered":"<h2>Hyllus Duffel &#8211; 45 Liter<\/h2>\n<p>Hyllus Duffelen er en vandafvisende og ekstremt slidst\u00e6rk duffelbag, perfekt til samling af udstyr i pickup&#8217;en eller overhead-rummet. Bunden og sidev\u00e6rterne er lavet af 1000D TPU-belagt nylon, mens toppen er lavet af 500D TPU-belagt nylonripstop.<\/p>\n<p>Indvendige og udvendige lynl\u00e5slommer g\u00f8r det nemt og sikkert at organisere sm\u00e5 genstande, mens en stor \u00e5bning til hovedrummet giver hurtig opbevaring af t\u00f8j og st\u00f8rre genstande. Hyllus har et v\u00e6verem\u00e5l til praktisk fastg\u00f8relse til et teleskopisk kuffertr\u00f8r.<\/p>\n<h2>M\u00e5l<\/h2>\n<p>45L Volume: 2746ci<br \/>\n45L V\u00e6gt: 2Lb<br \/>\n45L M\u00e5l: 10Hx22Lx12W<\/p>\n<h2>Funktioner<\/h2>\n<ul>\n<li>Vandafvisende konstruktion<\/li>\n<li>Stort hovedrum med lynl\u00e5slommer til indvendig organisering<\/li>\n<li>Udvendige lynl\u00e5slommer p\u00e5 begge sider og foran<\/li>\n<li>Duffelb\u00e6reremme<\/li>\n<\/ul>\n","protected":false},"excerpt":{"rendered":"<p>Den Hyllus Duffel er en vandafvisende, ekstremt holdbar 45L-taske, perfekt til udstyr i bilen eller i h\u00e5ndbagagen.<\/p>\n","protected":false},"featured_media":705358,"template":"","meta":{"_acf_changed":false},"product_brand":[15141],"product_cat":[13079],"product_tag":[],"class_list":{"0":"post-688911","1":"product","2":"type-product","3":"status-publish","4":"has-post-thumbnail","6":"product_brand-eberlestock","7":"product_cat-rangetasker","9":"first","10":"instock","11":"taxable","12":"shipping-taxable","13":"purchasable","14":"product-type-variable","15":"wvs-archive-product-wrapper"},"acf":[],"_links":{"self":[{"href":"https:\/\/nbg.eu\/da\/wp-json\/wp\/v2\/product\/688911","targetHints":{"allow":["GET"]}}],"collection":[{"href":"https:\/\/nbg.eu\/da\/wp-json\/wp\/v2\/product"}],"about":[{"href":"https:\/\/nbg.eu\/da\/wp-json\/wp\/v2\/types\/product"}],"wp:featuredmedia":[{"embeddable":true,"href":"https:\/\/nbg.eu\/da\/wp-json\/wp\/v2\/media\/705358"}],"wp:attachment":[{"href":"https:\/\/nbg.eu\/da\/wp-json\/wp\/v2\/media?parent=688911"}],"wp:term":[{"taxonomy":"product_brand","embeddable":true,"href":"https:\/\/nbg.eu\/da\/wp-json\/wp\/v2\/product_brand?post=688911"},{"taxonomy":"product_cat","embeddable":true,"href":"https:\/\/nbg.eu\/da\/wp-json\/wp\/v2\/product_cat?post=688911"},{"taxonomy":"product_tag","embeddable":true,"href":"https:\/\/nbg.eu\/da\/wp-json\/wp\/v2\/product_tag?post=688911"}],"curies":[{"name":"wp","href":"https:\/\/api.w.org\/{rel}","templated":true}]}}