{"id":689081,"date":"2025-03-06T13:06:02","date_gmt":"2025-03-06T10:06:02","guid":{"rendered":"https:\/\/nbg.eu\/product\/clawgear-m-lok-qd-mount\/"},"modified":"2026-05-13T15:10:00","modified_gmt":"2026-05-13T12:10:00","slug":"clawgear-m-lok-qd-mount","status":"publish","type":"product","link":"https:\/\/nbg.eu\/da\/vare\/clawgear-m-lok-qd-mount\/","title":{"rendered":"Clawgear M-LOK QD Mount"},"content":{"rendered":"<h2>Clawgear M-LOK QD Mount: Sikker, snagfri selevedh\u00e6ftelse<\/h2>\n<p>Opgrad\u00e9r din v\u00e5benops\u00e6tning med Clawgear M-LOK QD Mount, der er designet til uforlignelig pr\u00e6station og s\u00f8ml\u00f8s seleintegration. Fremstillet af h\u00f8jstyrke aluminium og f\u00e6rdigbehandlet med en Mil-Spec-anodiseret bel\u00e6gning leverer dette lavprofil-beslag enest\u00e5ende holdbarhed og korrosionsbestandighed, hvilket sikrer langvarig p\u00e5lidelighed i felten.<\/p>\n<p>Den direkte M-LOK-montering giver et sikkert, snagfrit interface, mens anti-rotationsfunktionen sikrer, at din selesvivel forbliver fast p\u00e5 plads og forhindrer u\u00f8nsket bev\u00e6gelse eller forskydning. Kompatibel med alle standard-QD-svivler giver Clawgear M-LOK QD Mount mulighed for hurtig og nem selemontering og -afmontering, hvilket str\u00f8mliner dine overgange og forbedrer din samlede skydeoplevelse.<\/p>\n<p>Uanset om du h\u00e5ndterer kr\u00e6vende taktiske scenarier eller begiver dig ud p\u00e5 udend\u00f8rsaktiviteter, er Clawgear M-LOK QD Mount den p\u00e5lidelige og alsidige l\u00f8sning til dine selevedh\u00e6ftelsesibehov. Opgrad\u00e9r din v\u00e5benydelse med dette robuste og brugervenlige tilbeh\u00f8r.<\/p>\n","protected":false},"excerpt":{"rendered":"<p>H\u00f8j-styrke aluminium M-LOK QD-beslag med lavprofil, anti-rotation design til snagfri, robust rembeslag.<\/p>\n","protected":false},"featured_media":240591,"template":"","meta":{"_acf_changed":false},"product_brand":[11220],"product_cat":[13075,13139,13100],"product_tag":[],"class_list":{"0":"post-689081","1":"product","2":"type-product","3":"status-publish","4":"has-post-thumbnail","6":"product_brand-clawgear","7":"product_cat-remme","8":"product_cat-riffel","9":"product_cat-riffel-tuning","11":"first","12":"outofstock","13":"taxable","14":"shipping-taxable","15":"purchasable","16":"product-type-simple"},"acf":[],"_links":{"self":[{"href":"https:\/\/nbg.eu\/da\/wp-json\/wp\/v2\/product\/689081","targetHints":{"allow":["GET"]}}],"collection":[{"href":"https:\/\/nbg.eu\/da\/wp-json\/wp\/v2\/product"}],"about":[{"href":"https:\/\/nbg.eu\/da\/wp-json\/wp\/v2\/types\/product"}],"wp:featuredmedia":[{"embeddable":true,"href":"https:\/\/nbg.eu\/da\/wp-json\/wp\/v2\/media\/240591"}],"wp:attachment":[{"href":"https:\/\/nbg.eu\/da\/wp-json\/wp\/v2\/media?parent=689081"}],"wp:term":[{"taxonomy":"product_brand","embeddable":true,"href":"https:\/\/nbg.eu\/da\/wp-json\/wp\/v2\/product_brand?post=689081"},{"taxonomy":"product_cat","embeddable":true,"href":"https:\/\/nbg.eu\/da\/wp-json\/wp\/v2\/product_cat?post=689081"},{"taxonomy":"product_tag","embeddable":true,"href":"https:\/\/nbg.eu\/da\/wp-json\/wp\/v2\/product_tag?post=689081"}],"curies":[{"name":"wp","href":"https:\/\/api.w.org\/{rel}","templated":true}]}}