{"id":689108,"date":"2025-03-03T22:26:47","date_gmt":"2025-03-03T19:26:47","guid":{"rendered":"https:\/\/nbg.eu\/product\/daa-3-piece-steel-die-set-223\/"},"modified":"2026-05-13T16:02:55","modified_gmt":"2026-05-13T13:02:55","slug":"daa-3-piece-steel-die-set-223","status":"publish","type":"product","link":"https:\/\/nbg.eu\/da\/vare\/daa-3-piece-steel-die-set-223\/","title":{"rendered":"DAA 3-Piece Steel Die Set .223"},"content":{"rendered":"<h2>DAA 3-Piece Steel Die Set .223<\/h2>\n<p>Forbedre din genindl\u00e6sningsoplevelse med Double Alpha Academy 3-Piece Steel Die Set til .223 kaliber. Fremstillet i samarbejde med Lee Precision, er dette s\u00e6t skr\u00e6ddersyet til progressive riffel genindl\u00e6sere.<\/p>\n<ul>\n<li>Fuld l\u00e6ngde st\u00f8rrelsesdie for p\u00e5lidelig funktion<\/li>\n<li>Dead Length kules\u00e6tningsmaskine til pr\u00e6cis justering<\/li>\n<li>Collet Style Factory Crimp die for forbedret ydelse<\/li>\n<li>Inkluderer 2 ekstra afsp\u00e6rringsstifter og 3 ekstra DAA tyndv\u00e6gget 1&#8243; st\u00e5ll\u00e5sem\u00f8trikker<\/li>\n<li>Specialdesignet EVA-opbevaringskasse inkluderet<\/li>\n<\/ul>\n<p>Separate krympning og is\u00e6tningsdie sikrer optimale resultater uden beskadigelse af hylsteret. Nyd pr\u00e6cisionen af fabrikspatronammunition med fleksibiliteten ved h\u00e5ndopladning. Perfekt til b\u00e5de erfarne og nybegyndende genindl\u00e6sere.<\/p>\n<p>Opgrader din genindl\u00e6sningsops\u00e6tning i dag med DAA&#8217;s overlegne die-s\u00e6t!<\/p>\n","protected":false},"excerpt":{"rendered":"<p>Pr\u00e6cision .223 genindl\u00e6sning s\u00e6t: Fuld st\u00f8rrelse, s\u00e6de, krympning d\u00f8r. Fremstillet af Lee.<\/p>\n","protected":false},"featured_media":235711,"template":"","meta":{"_acf_changed":false},"product_brand":[11266],"product_cat":[13125,13114],"product_tag":[],"class_list":{"0":"post-689108","1":"product","2":"type-product","3":"status-publish","4":"has-post-thumbnail","6":"product_brand-doublealpha","7":"product_cat-genladning","8":"product_cat-genladningstilbehor","10":"first","11":"instock","12":"taxable","13":"shipping-taxable","14":"purchasable","15":"product-type-simple"},"acf":[],"_links":{"self":[{"href":"https:\/\/nbg.eu\/da\/wp-json\/wp\/v2\/product\/689108","targetHints":{"allow":["GET"]}}],"collection":[{"href":"https:\/\/nbg.eu\/da\/wp-json\/wp\/v2\/product"}],"about":[{"href":"https:\/\/nbg.eu\/da\/wp-json\/wp\/v2\/types\/product"}],"wp:featuredmedia":[{"embeddable":true,"href":"https:\/\/nbg.eu\/da\/wp-json\/wp\/v2\/media\/235711"}],"wp:attachment":[{"href":"https:\/\/nbg.eu\/da\/wp-json\/wp\/v2\/media?parent=689108"}],"wp:term":[{"taxonomy":"product_brand","embeddable":true,"href":"https:\/\/nbg.eu\/da\/wp-json\/wp\/v2\/product_brand?post=689108"},{"taxonomy":"product_cat","embeddable":true,"href":"https:\/\/nbg.eu\/da\/wp-json\/wp\/v2\/product_cat?post=689108"},{"taxonomy":"product_tag","embeddable":true,"href":"https:\/\/nbg.eu\/da\/wp-json\/wp\/v2\/product_tag?post=689108"}],"curies":[{"name":"wp","href":"https:\/\/api.w.org\/{rel}","templated":true}]}}