{"id":689490,"date":"2024-09-18T14:15:05","date_gmt":"2024-09-18T11:15:05","guid":{"rendered":"https:\/\/nbg.eu\/product\/fiber-optic-front-sight-kmr-675xd1x3-red\/"},"modified":"2026-05-13T16:02:28","modified_gmt":"2026-05-13T13:02:28","slug":"fiber-optic-front-sight-kmr-675xd1x3-red","status":"publish","type":"product","link":"https:\/\/nbg.eu\/da\/vare\/fiber-optic-front-sight-kmr-675xd1x3-red\/","title":{"rendered":"KMR Fiberoptisk Forsigte 6.75xD1x3 R\u00f8d"},"content":{"rendered":"<h2>Forbedre din v\u00e5bens pr\u00e6cision med FIBER OPTISK FRONT SIGTE KMR 6,75xD1x3 R\u00d8D<\/h2>\n<p>Designet til optimal ydelse er FIBER OPTISK FRONT SIGTE KMR 6,75xD1x3 R\u00d8D den perfekte tilf\u00f8jelse til dine KMR v\u00e5ben. Dette h\u00f8j kvalitets sigte har et fiber optisk design, der giver forbedret synlighed og m\u00e5langivelse, selv i d\u00e5rlige lysforhold.<\/p>\n<p>FIBER OPTISK FRONT SIGTE KMR 6,75xD1x3 R\u00d8D har et kompakt og str\u00f8mlinet design, der g\u00f8r installation og integration med dit v\u00e5ben nem. Dens r\u00f8de fiber optiske indsats sikrer et tydeligt, h\u00f8jt-synligt sigtem\u00f8nster, hvilket g\u00f8r det nemmere at opn\u00e5 pr\u00e6cision og hurtig m\u00e5langivelse.<\/p>\n<p>Forbedre din v\u00e5bens pr\u00e6cision og ydelse med FIBER OPTISK FRONT SIGTE KMR 6,75xD1x3 R\u00d8D. Opgrad\u00e9r din KMR-pistol i dag og oplev forskellen, som dette exceptionelle sigte kan g\u00f8re.<\/p>\n","protected":false},"excerpt":{"rendered":"<p>Fiberoptisk frontsigte til KMR v\u00e5benmodeller, 6,75x1x3 r\u00f8d.<\/p>\n","protected":false},"featured_media":24149,"template":"","meta":{"_acf_changed":false},"product_brand":[11506],"product_cat":[13089],"product_tag":[],"class_list":{"0":"post-689490","1":"product","2":"type-product","3":"status-publish","4":"has-post-thumbnail","6":"product_brand-kmr-precision","7":"product_cat-kmr-dele","9":"first","10":"instock","11":"taxable","12":"shipping-taxable","13":"product-type-simple"},"acf":[],"_links":{"self":[{"href":"https:\/\/nbg.eu\/da\/wp-json\/wp\/v2\/product\/689490","targetHints":{"allow":["GET"]}}],"collection":[{"href":"https:\/\/nbg.eu\/da\/wp-json\/wp\/v2\/product"}],"about":[{"href":"https:\/\/nbg.eu\/da\/wp-json\/wp\/v2\/types\/product"}],"wp:featuredmedia":[{"embeddable":true,"href":"https:\/\/nbg.eu\/da\/wp-json\/wp\/v2\/media\/24149"}],"wp:attachment":[{"href":"https:\/\/nbg.eu\/da\/wp-json\/wp\/v2\/media?parent=689490"}],"wp:term":[{"taxonomy":"product_brand","embeddable":true,"href":"https:\/\/nbg.eu\/da\/wp-json\/wp\/v2\/product_brand?post=689490"},{"taxonomy":"product_cat","embeddable":true,"href":"https:\/\/nbg.eu\/da\/wp-json\/wp\/v2\/product_cat?post=689490"},{"taxonomy":"product_tag","embeddable":true,"href":"https:\/\/nbg.eu\/da\/wp-json\/wp\/v2\/product_tag?post=689490"}],"curies":[{"name":"wp","href":"https:\/\/api.w.org\/{rel}","templated":true}]}}